{"id":1088,"date":"2025-03-29T22:15:26","date_gmt":"2025-03-29T22:15:26","guid":{"rendered":"https:\/\/myhappyhome.site\/?post_type=product&#038;p=1088"},"modified":"2026-01-26T11:39:44","modified_gmt":"2026-01-26T11:39:44","slug":"philips-58pus6504","status":"publish","type":"product","link":"https:\/\/myhappyhome.site\/en\/boutique\/images-et-sons\/tv-et-moniteur\/philips-58pus6504\/","title":{"rendered":"PHILIPS 58PUS6504 Smart TV \u2013 58 inches \u2013 4K UHD \u2013 compliant with European standards"},"content":{"rendered":"<h2 style=\"font-size: 110%; text-align: center;\"><strong>Sp\u00e9cification compl\u00e8te du Philips 58PUS6504<\/strong><\/h2>\n<p>T\u00e9l\u00e9viseur Smart TV 4K UHD LED<\/p>\n<p>avec Pixel Precise UHD<\/p>\n<p>146 cm (58&#8243;)<\/p>\n<p>PPI de 1 000<\/p>\n<p>HDR 10+<\/p>\n<p>Pixel Precise Ultra HD<\/p>\n<p>Dolby Vision et Dolby Atmos. Une image et un son dignes du cin\u00e9ma.<\/p>\n<p>Dolby Vision et Dolby Atmos. Une image et un son dignes du cin\u00e9ma.<\/p>\n<p>Gr\u00e2ce \u00e0 la prise en charge des formats audio et vid\u00e9o haut de gamme de Dolby, le son et l&#8217;image de vos contenus HDR sont d&#8217;un r\u00e9alisme \u00e9poustouflant. Qu&#8217;il s&#8217;agisse de la derni\u00e8re s\u00e9rie en streaming ou d&#8217;un coffret Blu-ray, le contraste, la luminosit\u00e9 et les couleurs refl\u00e8tent parfaitement la vision du r\u00e9alisateur. L&#8217;espace sonore est vaste, clair, d\u00e9taill\u00e9 et profond.<\/p>\n<p>&nbsp;<\/p>\n<p>HDR10+ pris en charge : une image au plus proche de la vision du r\u00e9alisateur.<\/p>\n<p>HDR10+ pris en charge : une image au plus proche de la vision du r\u00e9alisateur.<\/p>\n<p>Votre t\u00e9l\u00e9viseur Philips est con\u00e7u pour tirer le meilleur parti possible du format vid\u00e9o HDR10+. Le contraste, la couleur et les niveaux de luminosit\u00e9 s&#8217;adaptent image par image. Qu&#8217;il s&#8217;agisse d&#8217;une s\u00e9rie incontournable ou de la derni\u00e8re superproduction hollywoodienne, il affiche des zones d&#8217;ombres plus profondes, des surfaces lumineuses \u00e9clatantes et des couleurs plus fid\u00e8les.<\/p>\n<p>&nbsp;<\/p>\n<p>Acc\u00e8s sur simple pression d&#8217;un bouton \u00e0 un menu d&#8217;ic\u00f4nes clair.<\/p>\n<p>Acc\u00e8s sur simple pression d&#8217;un bouton \u00e0 un menu d&#8217;ic\u00f4nes clair.<\/p>\n<p>SAPHI est un syst\u00e8me d&#8217;exploitation rapide et intuitif qui rend votre t\u00e9l\u00e9viseur Philips Smart TV tr\u00e8s agr\u00e9able \u00e0 utiliser. Profitez d&#8217;une qualit\u00e9 d&#8217;image exceptionnelle et d&#8217;un menu \u00e0 ic\u00f4nes convivial accessible d&#8217;une simple pression sur un bouton. Commandez votre t\u00e9l\u00e9viseur en toute simplicit\u00e9, et acc\u00e9dez rapidement \u00e0 des applications populaires de Philips Smart TV, telles que YouTube, Netflix, etc.<\/p>","protected":false},"excerpt":{"rendered":"<ul style=\"font-size: 135%;\">\n<li>Brand: <strong>Philips<\/strong><\/li>\n<li>Model:<strong> 58PUS6504<\/strong><\/li>\n<li>Taille d&#8217;\u00e9cran: <strong>58\u00a0<\/strong>pouces<\/li>\n<li>R\u00e9solution: <strong>3840\u00d72160 <\/strong>pixels<\/li>\n<li>Affichage: <strong>4K UHD<\/strong><\/li>\n<li>Audio: <strong>20 <\/strong>watts<\/li>\n<li>Connectivit\u00e9: <strong>Bluetooth, wifi, Ethernet, USB, HDMI, Optique\u00a0<\/strong><\/li>\n<li>Dimensions: <strong>78,2\u00d7130,2\u00d789,8<\/strong> cm<\/li>\n<li>Poids: <strong>14,9<\/strong> kg<\/li>\n<\/ul>","protected":false},"featured_media":2854,"comment_status":"open","ping_status":"closed","template":"","meta":[],"product_brand":[],"product_cat":[16,48],"product_tag":[],"class_list":{"0":"post-1088","1":"product","2":"type-product","3":"status-publish","4":"has-post-thumbnail","6":"product_cat-images-et-sons","7":"product_cat-tv-et-moniteur","9":"first","10":"instock","11":"shipping-taxable","12":"purchasable","13":"product-type-simple"},"jetpack_sharing_enabled":true,"_links":{"self":[{"href":"https:\/\/myhappyhome.site\/en\/wp-json\/wp\/v2\/product\/1088","targetHints":{"allow":["GET"]}}],"collection":[{"href":"https:\/\/myhappyhome.site\/en\/wp-json\/wp\/v2\/product"}],"about":[{"href":"https:\/\/myhappyhome.site\/en\/wp-json\/wp\/v2\/types\/product"}],"replies":[{"embeddable":true,"href":"https:\/\/myhappyhome.site\/en\/wp-json\/wp\/v2\/comments?post=1088"}],"wp:featuredmedia":[{"embeddable":true,"href":"https:\/\/myhappyhome.site\/en\/wp-json\/wp\/v2\/media\/2854"}],"wp:attachment":[{"href":"https:\/\/myhappyhome.site\/en\/wp-json\/wp\/v2\/media?parent=1088"}],"wp:term":[{"taxonomy":"product_brand","embeddable":true,"href":"https:\/\/myhappyhome.site\/en\/wp-json\/wp\/v2\/product_brand?post=1088"},{"taxonomy":"product_cat","embeddable":true,"href":"https:\/\/myhappyhome.site\/en\/wp-json\/wp\/v2\/product_cat?post=1088"},{"taxonomy":"product_tag","embeddable":true,"href":"https:\/\/myhappyhome.site\/en\/wp-json\/wp\/v2\/product_tag?post=1088"}],"curies":[{"name":"wp","href":"https:\/\/api.w.org\/{rel}","templated":true}]}}