{"id":1314,"date":"2025-04-04T06:33:34","date_gmt":"2025-04-04T06:33:34","guid":{"rendered":"https:\/\/myhappyhome.site\/?post_type=product&#038;p=1314"},"modified":"2026-02-02T07:29:49","modified_gmt":"2026-02-02T07:29:49","slug":"logitech-z313","status":"publish","type":"product","link":"https:\/\/myhappyhome.site\/en\/boutique\/images-et-sons\/audio\/logitech-z313\/","title":{"rendered":"LOGITECH Z313 2.1 Speaker System with Subwoofer \u2013 Compliant with european standard"},"content":{"rendered":"<h2 style=\"font-size: 110%; text-align: center;\"><strong>Sp\u00e9cification compl\u00e8te du Logitech Z313<\/strong><\/h2>\n<ul style=\"font-size: 85%; text-align: justify;\">\n<li><b>Bo\u00eetier de Commande Filaire<\/b>: Mettez facilement les haut-parleurs 2,1 de Logitech sous tension et contr\u00f4lez le volume d\u2019un simple geste<\/li>\n<li><b>Son Riche et Equilibr\u00e9<\/b>: Les enceintes pour PC diffusent un son riche et \u00e9quilibr\u00e9 (25 watts) \u00e0 travers toute la pi\u00e8ce<\/li>\n<li><b>Caisson de Basses<\/b>: Le transducteur compact restitue des graves assez profonds pour vous faire vibrer durant l\u2019\u00e9coute<\/li>\n<li><b>Connexion Pratique<\/b>: connectez facilement les haut-parleurs \u00e0 votre ordinateur, t\u00e9l\u00e9vision ou smartphone via la prise 3,5 mm<\/li>\n<li><b>Prise Casque<\/b>: Ecoutez de la musique de qualit\u00e9 le plus simplement au monde en branchant votre appareil \u00e0 la prise casque de Logitech Z313<\/li>\n<li><b>Une Qualit\u00e9 Reconnue<\/b>: Depuis plus de 30 ans, Logitech cr\u00e9e des produits audio filaires et Bluetooth sans fil de haute qualit\u00e9, qui donnent vie \u00e0 votre son<\/li>\n<\/ul>","protected":false},"excerpt":{"rendered":"<ul style=\"font-size: 135%;\">\n<li>Brand: <strong>Logitech<\/strong><\/li>\n<li>Model: <strong>Z313<\/strong><\/li>\n<li>Compos\u00e9 de: 2 <strong>satellites<\/strong>, 1 <strong>caisson de basses<\/strong>, <strong>module de commande<\/strong><\/li>\n<li>Puissance Audio: <strong>50<\/strong> watts<\/li>\n<li>Connectivit\u00e9: <strong>Prise casque 3,5 <\/strong>mm<\/li>\n<li>Dimensions: <strong>15,9\u00d732,7\u00d724<\/strong> cm<\/li>\n<li>Poids de l&#8217;article: <strong>3,1<\/strong> kg<\/li>\n<\/ul>","protected":false},"featured_media":1316,"comment_status":"open","ping_status":"closed","template":"","meta":[],"product_brand":[],"product_cat":[49,16],"product_tag":[],"class_list":{"0":"post-1314","1":"product","2":"type-product","3":"status-publish","4":"has-post-thumbnail","6":"product_cat-audio","7":"product_cat-images-et-sons","9":"first","10":"instock","11":"shipping-taxable","12":"purchasable","13":"product-type-simple"},"jetpack_sharing_enabled":true,"_links":{"self":[{"href":"https:\/\/myhappyhome.site\/en\/wp-json\/wp\/v2\/product\/1314","targetHints":{"allow":["GET"]}}],"collection":[{"href":"https:\/\/myhappyhome.site\/en\/wp-json\/wp\/v2\/product"}],"about":[{"href":"https:\/\/myhappyhome.site\/en\/wp-json\/wp\/v2\/types\/product"}],"replies":[{"embeddable":true,"href":"https:\/\/myhappyhome.site\/en\/wp-json\/wp\/v2\/comments?post=1314"}],"wp:featuredmedia":[{"embeddable":true,"href":"https:\/\/myhappyhome.site\/en\/wp-json\/wp\/v2\/media\/1316"}],"wp:attachment":[{"href":"https:\/\/myhappyhome.site\/en\/wp-json\/wp\/v2\/media?parent=1314"}],"wp:term":[{"taxonomy":"product_brand","embeddable":true,"href":"https:\/\/myhappyhome.site\/en\/wp-json\/wp\/v2\/product_brand?post=1314"},{"taxonomy":"product_cat","embeddable":true,"href":"https:\/\/myhappyhome.site\/en\/wp-json\/wp\/v2\/product_cat?post=1314"},{"taxonomy":"product_tag","embeddable":true,"href":"https:\/\/myhappyhome.site\/en\/wp-json\/wp\/v2\/product_tag?post=1314"}],"curies":[{"name":"wp","href":"https:\/\/api.w.org\/{rel}","templated":true}]}}