{"id":138,"date":"2025-03-13T14:13:24","date_gmt":"2025-03-13T14:13:24","guid":{"rendered":"https:\/\/myhappyhome.site\/?post_type=product&#038;p=138"},"modified":"2026-02-14T14:57:59","modified_gmt":"2026-02-14T14:57:59","slug":"glaciere-electrique-mobil-royalty-line-cb30","status":"publish","type":"product","link":"https:\/\/myhappyhome.site\/en\/boutique\/electromenager\/glaciere-electrique-mobil-royalty-line-cb30\/","title":{"rendered":"Glaci\u00e8re \u00e9lectrique mobil ROYALTY LINE CB30 &#8211; 30 Litres &#8211; conforme aux normes europ\u00e9ennes"},"content":{"rendered":"<h3 style=\"font-size: 110%; text-align: center;\">PRODUCT DESCRIPTION<\/h3>\n<p style=\"text-align: justify; font-size: 90%; text-indent: 50px;\">Vous recherchez une <strong>glaci\u00e8re<\/strong> polyvalente qui gardera vos aliments et boissons au frais pendant vos voyages et aventures en outdoor ? La glaci\u00e8re \u00e9lectrique Royalty Line est votre compagnon id\u00e9al ! D&#8217;une capacit\u00e9 g\u00e9n\u00e9reuse de <strong>30 litres<\/strong>, cette glaci\u00e8re \u00e9lectrique offre beaucoup d&#8217;espace pour toutes vos gourmandises. Que vous partiez en road trip, que vous pique-niquiez au parc ou que vous passiez une journ\u00e9e \u00e0 la plage, cette glaci\u00e8re vous permet de toujours profiter de collations fra\u00eeches et fra\u00eeches.<\/p>\n<p style=\"text-align: justify; font-size: 90%; text-indent: 50px;\">Ce sac isotherme dispose d&#8217;un syst\u00e8me de refroidissement et de chauffage avanc\u00e9, de sorte qu&#8217;il peut non seulement refroidir, mais aussi chauffer. Pratique pour garder les repas au chaud lors de longs trajets en voiture ou pour savourer un d\u00e9jeuner chaud au travail. Avec la connexion 12\/230V, vous pouvez le connecter aussi bien dans la voiture qu&#8217;\u00e0 la maison, afin de pouvoir utiliser ses fonctionnalit\u00e9s \u00e0 tout moment et n&#8217;importe o\u00f9.<\/p>\n<p style=\"text-align: justify; font-size: 90%; text-indent: 50px;\">Le design gris saisissant donne \u00e0 la glaci\u00e8re un look moderne et elle est \u00e9galement l\u00e9g\u00e8re, ce qui la rend facile \u00e0 transporter. La poign\u00e9e robuste et le bo\u00eetier durable garantissent une utilisation durable. De plus, son fonctionnement est \u00e9conome en \u00e9nergie, vous n&#8217;avez donc pas \u00e0 vous soucier des co\u00fbts \u00e9nerg\u00e9tiques \u00e9lev\u00e9s lors d&#8217;une utilisation \u00e0 long terme.<br \/>\nAvec la glaci\u00e8re \u00e9lectrique Royalty Line , vous \u00eates toujours pr\u00eat pour toute aventure, qu&#8217;il s&#8217;agisse d&#8217;un week-end ou d&#8217;un joli pique-nique dans la nature. Profitez de boissons fra\u00eeches lors des journ\u00e9es chaudes et de repas chauds lorsque vous \u00eates en d\u00e9placement. Commandez d\u00e8s aujourd&#8217;hui et d\u00e9couvrez la commodit\u00e9 et le confort de cette superbe glaci\u00e8re !<\/p>","protected":false},"excerpt":{"rendered":"<ul style=\"font-size: 135%;\">\n<li>Brand: <strong>Royalty Line<\/strong><\/li>\n<li>Model: <strong>CB-30<\/strong><\/li>\n<li>Capacity: <strong>30<\/strong> Liters<\/li>\n<li>Appropri\u00e9: aussi bien en voiture qu&#8217;\u00e0 la maison gr\u00e2ce \u00e0 la connexion 12\/230V.<\/li>\n<li>Dimensions: <strong>40.5\u00d730\u00d743.5<\/strong> cm<\/li>\n<li>Couleur: <strong>gris<\/strong><\/li>\n<\/ul>","protected":false},"featured_media":2247,"comment_status":"open","ping_status":"closed","template":"","meta":[],"product_brand":[],"product_cat":[21],"product_tag":[],"class_list":{"0":"post-138","1":"product","2":"type-product","3":"status-publish","4":"has-post-thumbnail","6":"product_cat-electromenager","8":"first","9":"instock","10":"shipping-taxable","11":"product-type-simple"},"jetpack_sharing_enabled":true,"_links":{"self":[{"href":"https:\/\/myhappyhome.site\/en\/wp-json\/wp\/v2\/product\/138","targetHints":{"allow":["GET"]}}],"collection":[{"href":"https:\/\/myhappyhome.site\/en\/wp-json\/wp\/v2\/product"}],"about":[{"href":"https:\/\/myhappyhome.site\/en\/wp-json\/wp\/v2\/types\/product"}],"replies":[{"embeddable":true,"href":"https:\/\/myhappyhome.site\/en\/wp-json\/wp\/v2\/comments?post=138"}],"wp:featuredmedia":[{"embeddable":true,"href":"https:\/\/myhappyhome.site\/en\/wp-json\/wp\/v2\/media\/2247"}],"wp:attachment":[{"href":"https:\/\/myhappyhome.site\/en\/wp-json\/wp\/v2\/media?parent=138"}],"wp:term":[{"taxonomy":"product_brand","embeddable":true,"href":"https:\/\/myhappyhome.site\/en\/wp-json\/wp\/v2\/product_brand?post=138"},{"taxonomy":"product_cat","embeddable":true,"href":"https:\/\/myhappyhome.site\/en\/wp-json\/wp\/v2\/product_cat?post=138"},{"taxonomy":"product_tag","embeddable":true,"href":"https:\/\/myhappyhome.site\/en\/wp-json\/wp\/v2\/product_tag?post=138"}],"curies":[{"name":"wp","href":"https:\/\/api.w.org\/{rel}","templated":true}]}}