{"id":1423,"date":"2025-04-09T06:21:37","date_gmt":"2025-04-09T06:21:37","guid":{"rendered":"https:\/\/myhappyhome.site\/?post_type=product&#038;p=1423"},"modified":"2025-10-08T06:31:55","modified_gmt":"2025-10-08T06:31:55","slug":"accroche-adhesive-a-double-crochet","status":"publish","type":"product","link":"https:\/\/myhappyhome.site\/en\/boutique\/accessoires\/accroche-adhesive-a-double-crochet\/","title":{"rendered":"lot de 10 accroches murale adh\u00e9sive \u00e0 double crochet &#8211; supporte jusqu&#8217;\u00e0 10 Kg"},"content":{"rendered":"<h3 style=\"font-size: 125%; text-align: center;\"><strong>Conseils et pr\u00e9cautions d&#8217;emploi <\/strong><strong> de l&#8217;accroche murale simple\u00a0<\/strong><\/h3>\n<ul style=\"text-align: justify;\">\n<li>bien nettoyer d&#8217;\u00e9ventuelle poussi\u00e8re sur la surface avant le collage des accroches.<\/li>\n<li>le collages-d\u00e9collage affaibli l&#8217;adh\u00e9sion; nous conseillons donc le collage unique.<\/li>\n<li>les murs cr\u00e9pis les peintures \u00e0 chaud sont vivement d\u00e9conseill\u00e9s<\/li>\n<\/ul>","protected":false},"excerpt":{"rendered":"<ul style=\"font-size: 135%;\">\n<li>Brand:<\/li>\n<li>Material: <strong>PVC<\/strong> et <strong>acier inoxydable\u00a0<\/strong><\/li>\n<li>Dimensions: <strong>55\u00d755<\/strong> mm<\/li>\n<li>Support: jusqu&#8217;\u00e0 <strong>10<\/strong>kg<\/li>\n<li>Appropri\u00e9 pour les surfaces lisses comme les carreaux, bois, m\u00e9tal&#8230;<\/li>\n<\/ul>","protected":false},"featured_media":1424,"comment_status":"open","ping_status":"closed","template":"","meta":[],"product_brand":[],"product_cat":[29],"product_tag":[],"class_list":{"0":"post-1423","1":"product","2":"type-product","3":"status-publish","4":"has-post-thumbnail","6":"product_cat-accessoires","8":"first","9":"instock","10":"shipping-taxable","11":"purchasable","12":"product-type-simple"},"jetpack_sharing_enabled":true,"_links":{"self":[{"href":"https:\/\/myhappyhome.site\/en\/wp-json\/wp\/v2\/product\/1423","targetHints":{"allow":["GET"]}}],"collection":[{"href":"https:\/\/myhappyhome.site\/en\/wp-json\/wp\/v2\/product"}],"about":[{"href":"https:\/\/myhappyhome.site\/en\/wp-json\/wp\/v2\/types\/product"}],"replies":[{"embeddable":true,"href":"https:\/\/myhappyhome.site\/en\/wp-json\/wp\/v2\/comments?post=1423"}],"wp:featuredmedia":[{"embeddable":true,"href":"https:\/\/myhappyhome.site\/en\/wp-json\/wp\/v2\/media\/1424"}],"wp:attachment":[{"href":"https:\/\/myhappyhome.site\/en\/wp-json\/wp\/v2\/media?parent=1423"}],"wp:term":[{"taxonomy":"product_brand","embeddable":true,"href":"https:\/\/myhappyhome.site\/en\/wp-json\/wp\/v2\/product_brand?post=1423"},{"taxonomy":"product_cat","embeddable":true,"href":"https:\/\/myhappyhome.site\/en\/wp-json\/wp\/v2\/product_cat?post=1423"},{"taxonomy":"product_tag","embeddable":true,"href":"https:\/\/myhappyhome.site\/en\/wp-json\/wp\/v2\/product_tag?post=1423"}],"curies":[{"name":"wp","href":"https:\/\/api.w.org\/{rel}","templated":true}]}}