{"id":1432,"date":"2025-04-09T10:00:26","date_gmt":"2025-04-09T10:00:26","guid":{"rendered":"https:\/\/myhappyhome.site\/?post_type=product&#038;p=1432"},"modified":"2025-10-05T19:44:20","modified_gmt":"2025-10-05T19:44:20","slug":"ouvre-boite-mecanique","status":"publish","type":"product","link":"https:\/\/myhappyhome.site\/en\/boutique\/accessoires\/ouvre-boite-mecanique\/","title":{"rendered":"Ouvre bo\u00eete m\u00e9canique &#8211; roulette coupante"},"content":{"rendered":"<h3 style=\"font-size: 120%; text-align: center;\">PRODUCT DESCRIPTION<\/h3>\n<p style=\"text-align: justify; font-size: 100%; text-indent: 50px;\"><strong>Ouvre-bo\u00eete ou bocal<\/strong> r\u00e9glable Qui peut parfaitement s&#8217;adapter \u00e0 n&#8217;importe quelle taille de pot, de bouchon, de couvercle, de joint, de languette ou de dessus. La conception solide et fiable rend cette aide de cuisine multifonction facile \u00e0 tenir et \u00e0 manipuler. La conception antid\u00e9rapante fonctionne bien avec les pots et les mains humides. Arr\u00eatez de vous blesser les mains avec un total de 10 fonctions pots de cornichons ouverts pots de sauce pour b\u00e9b\u00e9 bouteilles d&#8217;eau confitures et bouteilles de soda gel\u00e9e sacs \u00e0 chips et condiments. L&#8217;un des gadgets de cuisine les plus conviviaux et efficaces sur le march\u00e9.<\/p>\n<p style=\"text-align: justify; font-size: 90%; text-indent: 50px;\">La combinaison de la <strong>roue \u00e0 rotation douce et du gros bouton<\/strong> vous permet d&#8217;ouvrir les bo\u00eetes facilement, sans stress aux poignets. La meilleure option pour les hommes, les femmes, les adultes et les personnes \u00e2g\u00e9es. L&#8217;ouvre-bo\u00eete manuel plus facile \u00e0 utiliser. La combinaison du grand bouton tournant, de la lame tranchante et de l&#8217;action de rotation en douceur rend l&#8217;ouverture d&#8217;une bo\u00eete tr\u00e8s facile.<\/p>\n<p style=\"text-align: justify; font-size: 90%; text-indent: 50px;\"><strong>Grand bouton tournant<\/strong> et poign\u00e9es Rotund:Le bouton tournant ergonomique incurv\u00e9 tourne en douceur lors de la coupe \u00e0 travers le bord. Les poign\u00e9es rondes souples et la surface antid\u00e9rapante offrent une prise en main confortable. L&#8217;ouvre-bo\u00eete manuel avec conception d&#8217;\u00e9conomie d&#8217;effort est bon pour les femmes et les personnes \u00e2g\u00e9es souffrant d&#8217;arthrite.<\/p>\n<p style=\"text-align: justify; font-size: 90%; text-indent: 50px;\">Vous pouvez le mettre sous l&#8217;eau courante pour le nettoyer, Puis essuyez avec un chiffon et placez-le dans l&#8217;armoire ou du tiroir. L&#8217;ouvre-bo\u00eete en acier est l\u00e9ger et facile \u00e0 transporter pour les f\u00eates, les pique-niques en plein air, le camping, etc.<\/p>","protected":false},"excerpt":{"rendered":"<ul style=\"font-size: 135%;\">\n<li>Brand: <strong>Urban Living<\/strong><\/li>\n<li>Usage: sert \u00e0 <strong>ouvrir<\/strong> en toute s\u00e9curit\u00e9 par coupe les bo\u00eetes de conserve; <strong>d\u00e9capsuler<\/strong> les bouteilles.<\/li>\n<li>Mati\u00e8re: <strong>plastic<\/strong> et <strong>acier inoxydable<\/strong>.<\/li>\n<li>Taille: <strong>19.5\u00d75.5\u00d75<\/strong> cm<\/li>\n<li>Poids: <strong>185<\/strong> gr<\/li>\n<li>Couleur: <strong>argent+noir<\/strong>, <strong>argent+rouge<\/strong>, <strong>argent+blanc<\/strong><\/li>\n<\/ul>","protected":false},"featured_media":1433,"comment_status":"open","ping_status":"closed","template":"","meta":[],"product_brand":[],"product_cat":[29,30],"product_tag":[],"class_list":{"0":"post-1432","1":"product","2":"type-product","3":"status-publish","4":"has-post-thumbnail","6":"product_cat-accessoires","7":"product_cat-promotions","9":"first","10":"instock","11":"sale","12":"shipping-taxable","13":"purchasable","14":"product-type-simple"},"jetpack_sharing_enabled":true,"_links":{"self":[{"href":"https:\/\/myhappyhome.site\/en\/wp-json\/wp\/v2\/product\/1432","targetHints":{"allow":["GET"]}}],"collection":[{"href":"https:\/\/myhappyhome.site\/en\/wp-json\/wp\/v2\/product"}],"about":[{"href":"https:\/\/myhappyhome.site\/en\/wp-json\/wp\/v2\/types\/product"}],"replies":[{"embeddable":true,"href":"https:\/\/myhappyhome.site\/en\/wp-json\/wp\/v2\/comments?post=1432"}],"wp:featuredmedia":[{"embeddable":true,"href":"https:\/\/myhappyhome.site\/en\/wp-json\/wp\/v2\/media\/1433"}],"wp:attachment":[{"href":"https:\/\/myhappyhome.site\/en\/wp-json\/wp\/v2\/media?parent=1432"}],"wp:term":[{"taxonomy":"product_brand","embeddable":true,"href":"https:\/\/myhappyhome.site\/en\/wp-json\/wp\/v2\/product_brand?post=1432"},{"taxonomy":"product_cat","embeddable":true,"href":"https:\/\/myhappyhome.site\/en\/wp-json\/wp\/v2\/product_cat?post=1432"},{"taxonomy":"product_tag","embeddable":true,"href":"https:\/\/myhappyhome.site\/en\/wp-json\/wp\/v2\/product_tag?post=1432"}],"curies":[{"name":"wp","href":"https:\/\/api.w.org\/{rel}","templated":true}]}}