{"id":1437,"date":"2025-04-09T10:54:49","date_gmt":"2025-04-09T10:54:49","guid":{"rendered":"https:\/\/myhappyhome.site\/?post_type=product&#038;p=1437"},"modified":"2025-08-16T23:16:15","modified_gmt":"2025-08-16T23:16:15","slug":"ouvre-boite-a-pince","status":"publish","type":"product","link":"https:\/\/myhappyhome.site\/en\/boutique\/accessoires\/ouvre-boite-a-pince\/","title":{"rendered":"Ouvre bo\u00eete \u00e0 pince &#8211; lame coulissante"},"content":{"rendered":"<h3 style=\"font-size: 120%; text-align: center;\">PRODUCT DESCRIPTION<\/h3>\n<p style=\"font-size: 90%; text-align: justify;\"><strong>CARACTERISTIQUES<\/strong>:<br \/>\n1. Poign\u00e9e ergonomique: l&#8217;ouvre-bo\u00eete est con\u00e7u avec une poign\u00e9e ergonomique, confortable \u00e0 tenir, belle et d&#8217;apparence unique, rendant la vie plus pratique.<br \/>\n2. Conception r\u00e9glable: l&#8217;ouvre-bouteille adopte une conception r\u00e9glable, qui peut facilement g\u00e9rer divers bouchons de bouteille compliqu\u00e9s ou bouchons de bo\u00eete. Cela permet d&#8217;\u00e9conomiser du temps et de l&#8217;\u00e9nergie lors de l&#8217;ouverture. Les dents extra profondes se verrouillent encore plus solidement que les autres ouvre-portes.<br \/>\n3. Qualit\u00e9 fiable : cet ouvre-bo\u00eete est fabriqu\u00e9 en acier inoxydable, robuste et durable, difficile \u00e0 rouiller et peut fournir une longue dur\u00e9e de vie, facile \u00e0 nettoyer et \u00e0 ranger, apportant beaucoup de commodit\u00e9s.<br \/>\n4. Fonctionnement fluide: l&#8217;ouvre-bo\u00eete en acier inoxydable tourne rapidement et en douceur, offrant un moyen plus facile et plus \u00e9conomique pour ouvrir des bo\u00eetes de diff\u00e9rentes tailles, des outils petits et pratiques pour votre maison et votre cuisine.<br \/>\n5. Largement Applicable: ouvre-bo\u00eete r\u00e9glable, adapt\u00e9 \u00e0 diverses occasions, telles que les voyages, le camping, l&#8217;entra\u00eenement, le pique-nique, la p\u00eache et d&#8217;autres activit\u00e9s de plein air. Vous pouvez mettre des ouvre-bo\u00eete en m\u00e9tal dans vos poches, ce qui ne prendra pas trop de place, vous apportant beaucoup de commodit\u00e9.<\/p>","protected":false},"excerpt":{"rendered":"<ul style=\"font-size: 135%;\">\n<li>Brand:<\/li>\n<li>Usage: sert \u00e0 <strong>ouvrir les bo\u00eetes<\/strong> de conserve; <strong>d\u00e9capsuler<\/strong> les bouteilles.<\/li>\n<li>Mati\u00e8re: <strong>plastic<\/strong> et <strong>acier inoxydable<\/strong>.<\/li>\n<li>Taille: <strong>15\u00d75.8<\/strong>\u00a0cm<\/li>\n<li>Poids: <strong>80<\/strong> gr<\/li>\n<li>Couleur: <strong>argent<\/strong>, <strong>noir+argent, blanc+argent<\/strong><\/li>\n<\/ul>","protected":false},"featured_media":1438,"comment_status":"open","ping_status":"closed","template":"","meta":[],"product_brand":[],"product_cat":[29,30],"product_tag":[],"class_list":{"0":"post-1437","1":"product","2":"type-product","3":"status-publish","4":"has-post-thumbnail","6":"product_cat-accessoires","7":"product_cat-promotions","9":"first","10":"instock","11":"sale","12":"shipping-taxable","13":"purchasable","14":"product-type-simple"},"jetpack_sharing_enabled":true,"_links":{"self":[{"href":"https:\/\/myhappyhome.site\/en\/wp-json\/wp\/v2\/product\/1437","targetHints":{"allow":["GET"]}}],"collection":[{"href":"https:\/\/myhappyhome.site\/en\/wp-json\/wp\/v2\/product"}],"about":[{"href":"https:\/\/myhappyhome.site\/en\/wp-json\/wp\/v2\/types\/product"}],"replies":[{"embeddable":true,"href":"https:\/\/myhappyhome.site\/en\/wp-json\/wp\/v2\/comments?post=1437"}],"wp:featuredmedia":[{"embeddable":true,"href":"https:\/\/myhappyhome.site\/en\/wp-json\/wp\/v2\/media\/1438"}],"wp:attachment":[{"href":"https:\/\/myhappyhome.site\/en\/wp-json\/wp\/v2\/media?parent=1437"}],"wp:term":[{"taxonomy":"product_brand","embeddable":true,"href":"https:\/\/myhappyhome.site\/en\/wp-json\/wp\/v2\/product_brand?post=1437"},{"taxonomy":"product_cat","embeddable":true,"href":"https:\/\/myhappyhome.site\/en\/wp-json\/wp\/v2\/product_cat?post=1437"},{"taxonomy":"product_tag","embeddable":true,"href":"https:\/\/myhappyhome.site\/en\/wp-json\/wp\/v2\/product_tag?post=1437"}],"curies":[{"name":"wp","href":"https:\/\/api.w.org\/{rel}","templated":true}]}}