{"id":1447,"date":"2025-04-12T04:01:21","date_gmt":"2025-04-12T04:01:21","guid":{"rendered":"https:\/\/myhappyhome.site\/?post_type=product&#038;p=1447"},"modified":"2026-02-01T22:19:33","modified_gmt":"2026-02-01T22:19:33","slug":"philips-tab5105","status":"publish","type":"product","link":"https:\/\/myhappyhome.site\/en\/boutique\/images-et-sons\/audio\/philips-tab5105\/","title":{"rendered":"PHILIPS TAB5105\/12 Wireless Soundbar \u2013 60W \u2013 Compliant with European Standards"},"content":{"rendered":"<h2 style=\"text-align: center; font-size: 110%;\">Sp\u00e9cification de Philips Tab 5105\/12<\/h2>\n<h4 style=\"font-size: 85%;\">Un son plus clair pour votre t\u00e9l\u00e9viseur<\/h4>\n<ul style=\"font-size: 80%; text-align: justify;\">\n<li>2 canaux<\/li>\n<li>Bluetooth<\/li>\n<li>HDMI ARC<\/li>\n<\/ul>\n<p style=\"font-size: 85%; text-align: justify; text-indent: 30px;\"><b>Un son plus puissant pour votre t\u00e9l\u00e9viseur :<\/b><br \/>\nLe gr\u00e9sillement d&#8217;un tir laser. Le rugissement d&#8217;une foule. Des actualit\u00e9s parfaitement claires. Deux canaux diffusent un son de qualit\u00e9 sup\u00e9rieure pour vos films et \u00e9missions pr\u00e9f\u00e9r\u00e9s. Il vous suffit de s\u00e9lectionner l&#8217;un des trois profils sonores pr\u00e9d\u00e9finis pour b\u00e9n\u00e9ficier d&#8217;un son optimal pour votre contenu.<\/p>\n<p style=\"font-size: 85%; text-align: justify; text-indent: 30px;\"><b>HDMI ARC : contr\u00f4lez la barre de son \u00e0 l&#8217;aide de la t\u00e9l\u00e9commande de votre t\u00e9l\u00e9viseur<\/b><br \/>\nNe passez plus votre temps \u00e0 rechercher vos diff\u00e9rentes t\u00e9l\u00e9commandes. Cette barre de son se connecte \u00e0 votre t\u00e9l\u00e9viseur via HDMI\u00a0ARC, ce qui vous permet de contr\u00f4ler le volume de la barre de son au moyen de la m\u00eame t\u00e9l\u00e9commande que celle que vous utilisez pour votre t\u00e9l\u00e9viseur.<\/p>\n<p style=\"font-size: 85%; text-align: justify; text-indent: 30px;\"><b>Connectez vos sources pr\u00e9f\u00e9r\u00e9es pour un son plus puissant :<\/b><br \/>\nDiffusez des playlists sur votre smartphone via Bluetooth\u00ae. Connectez les sources audio via les entr\u00e9es audio ou optique. Quels que soient vos go\u00fbts musicaux, vous profiterez d&#8217;un son plus puissant et plus clair gr\u00e2ce \u00e0 cette barre de son.<\/p>\n<p style=\"font-size: 85%; text-align: justify; text-indent: 30px;\"><b>Design g\u00e9om\u00e9trique distinctif, Positionnement facile :<\/b><br \/>\nRegardez. \u00c9coutez. Appr\u00e9ciez. Le design oblique unique de cette barre de son trouve sa place dans n&#8217;importe quelle pi\u00e8ce. Elle est suffisamment fine pour se glisser sous la plupart des t\u00e9l\u00e9viseurs. Vous pouvez \u00e9galement la fixer au mur \u00e0 l&#8217;aide des supports int\u00e9gr\u00e9s.<\/p>","protected":false},"excerpt":{"rendered":"<ul style=\"font-size: 135%;\">\n<li>Brand: <strong>Philips<\/strong><\/li>\n<li>Model: <strong>TAB5105<\/strong><\/li>\n<li>Puissance Audio: <strong>60<\/strong> watts<\/li>\n<li>Connectivit\u00e9: <strong>HDMI<\/strong>, <strong>Optique<\/strong>, <strong>Bluetooth<\/strong>, <strong>Jack<\/strong><\/li>\n<li>Contr\u00f4le distant: <strong>t\u00e9l\u00e9commande<\/strong><\/li>\n<li>Dimensions: <strong>90\u00d76\u00d76<\/strong>\u00a0cm<\/li>\n<li>Poids: <strong>2.7<\/strong> kg<\/li>\n<\/ul>","protected":false},"featured_media":1449,"comment_status":"open","ping_status":"closed","template":"","meta":[],"product_brand":[],"product_cat":[49,16],"product_tag":[],"class_list":{"0":"post-1447","1":"product","2":"type-product","3":"status-publish","4":"has-post-thumbnail","6":"product_cat-audio","7":"product_cat-images-et-sons","9":"first","10":"instock","11":"sale","12":"shipping-taxable","13":"purchasable","14":"product-type-simple"},"jetpack_sharing_enabled":true,"_links":{"self":[{"href":"https:\/\/myhappyhome.site\/en\/wp-json\/wp\/v2\/product\/1447","targetHints":{"allow":["GET"]}}],"collection":[{"href":"https:\/\/myhappyhome.site\/en\/wp-json\/wp\/v2\/product"}],"about":[{"href":"https:\/\/myhappyhome.site\/en\/wp-json\/wp\/v2\/types\/product"}],"replies":[{"embeddable":true,"href":"https:\/\/myhappyhome.site\/en\/wp-json\/wp\/v2\/comments?post=1447"}],"wp:featuredmedia":[{"embeddable":true,"href":"https:\/\/myhappyhome.site\/en\/wp-json\/wp\/v2\/media\/1449"}],"wp:attachment":[{"href":"https:\/\/myhappyhome.site\/en\/wp-json\/wp\/v2\/media?parent=1447"}],"wp:term":[{"taxonomy":"product_brand","embeddable":true,"href":"https:\/\/myhappyhome.site\/en\/wp-json\/wp\/v2\/product_brand?post=1447"},{"taxonomy":"product_cat","embeddable":true,"href":"https:\/\/myhappyhome.site\/en\/wp-json\/wp\/v2\/product_cat?post=1447"},{"taxonomy":"product_tag","embeddable":true,"href":"https:\/\/myhappyhome.site\/en\/wp-json\/wp\/v2\/product_tag?post=1447"}],"curies":[{"name":"wp","href":"https:\/\/api.w.org\/{rel}","templated":true}]}}