{"id":1452,"date":"2025-04-12T04:05:38","date_gmt":"2025-04-12T04:05:38","guid":{"rendered":"https:\/\/myhappyhome.site\/?post_type=product&#038;p=1452"},"modified":"2026-02-01T22:59:27","modified_gmt":"2026-02-01T22:59:27","slug":"philips-tab5305","status":"publish","type":"product","link":"https:\/\/myhappyhome.site\/en\/boutique\/images-et-sons\/audio\/philips-tab5305\/","title":{"rendered":"PHILIPS TAB5305\/12 Soundbar with Wireless Subwoofer \u2013 140W \u2013 Compliant with European Standards"},"content":{"rendered":"<h2 style=\"text-align: center; font-size: 110%;\"><strong>Sp\u00e9cifications du Philips 5305\/12<\/strong><\/h2>\n<ul style=\"text-align: justify; font-size: 85%;\">\n<li>Gr\u00e2ce \u00e0 cette barre de son avec 2.1 canaux, vous pouvez profiter de vos films et \u00e9missions pr\u00e9f\u00e9r\u00e9s avec un son de qualit\u00e9 sup\u00e9rieur. La barre de son avec caisson de basse offre des basses impeccables.<\/li>\n<li>Vous pouvez \u00e9couter de votre playlist pr\u00e9f\u00e9r\u00e9e via le Bluetooth, les entr\u00e9es audio ou optique. Quels que soient vos go\u00fbts, avec la barre de son Bluetooth, vous b\u00e9n\u00e9ficiez d\u2019un son riche et clair.<\/li>\n<li>Le design oblique unique et discr\u00e9tion de la barre de son pour t\u00e9l\u00e9vision permet un positionnement flexible. Que ce soit au mur, sur la table ou discr\u00e8tement plac\u00e9 sous la fen\u00eatre.<\/li>\n<li>La barre de son TV se connecte \u00e0 votre t\u00e9l\u00e9viseur via HDMI ARC, ce qui vous permet de contr\u00f4ler le volume de la barre de son au moyen de la m\u00eame t\u00e9l\u00e9commande que celle que vous utilisez pour votre TV.<\/li>\n<li>Fournis: Philips B5305\/12 Barre de son caisson de basse sans fil; piles, t\u00e9l\u00e9commande, cordon d&#8217;alimentation, adaptateur secteur, support de fixation murale, guide de d\u00e9marrage rapide, carte de garantie<\/li>\n<\/ul>","protected":false},"excerpt":{"rendered":"<ul style=\"font-size: 135%;\">\n<li>Brand: <strong>Philips<\/strong><\/li>\n<li>Model: <strong>TAB5305\/12<\/strong><\/li>\n<li>Composition: <strong>barre de son<\/strong>, <strong>caisson basse<\/strong><\/li>\n<li>Puissance Audio: <strong>140<\/strong> watts<\/li>\n<li>Contr\u00f4le distant: <strong>t\u00e9l\u00e9commande<\/strong><\/li>\n<li>Connectivit\u00e9: <strong>HDMI<\/strong>, <strong>Optique<\/strong>, <strong>Jack<\/strong>, <strong>Bluetooth<\/strong><\/li>\n<li>Dimensions barre de son: <strong>90\u00d76\u00d76<\/strong>\u00a0cm<\/li>\n<li>Poids: <strong>3.78<\/strong> kg<\/li>\n<\/ul>","protected":false},"featured_media":1453,"comment_status":"open","ping_status":"closed","template":"","meta":[],"product_brand":[],"product_cat":[49,16],"product_tag":[],"class_list":{"0":"post-1452","1":"product","2":"type-product","3":"status-publish","4":"has-post-thumbnail","6":"product_cat-audio","7":"product_cat-images-et-sons","9":"first","10":"instock","11":"shipping-taxable","12":"purchasable","13":"product-type-simple"},"jetpack_sharing_enabled":true,"_links":{"self":[{"href":"https:\/\/myhappyhome.site\/en\/wp-json\/wp\/v2\/product\/1452","targetHints":{"allow":["GET"]}}],"collection":[{"href":"https:\/\/myhappyhome.site\/en\/wp-json\/wp\/v2\/product"}],"about":[{"href":"https:\/\/myhappyhome.site\/en\/wp-json\/wp\/v2\/types\/product"}],"replies":[{"embeddable":true,"href":"https:\/\/myhappyhome.site\/en\/wp-json\/wp\/v2\/comments?post=1452"}],"wp:featuredmedia":[{"embeddable":true,"href":"https:\/\/myhappyhome.site\/en\/wp-json\/wp\/v2\/media\/1453"}],"wp:attachment":[{"href":"https:\/\/myhappyhome.site\/en\/wp-json\/wp\/v2\/media?parent=1452"}],"wp:term":[{"taxonomy":"product_brand","embeddable":true,"href":"https:\/\/myhappyhome.site\/en\/wp-json\/wp\/v2\/product_brand?post=1452"},{"taxonomy":"product_cat","embeddable":true,"href":"https:\/\/myhappyhome.site\/en\/wp-json\/wp\/v2\/product_cat?post=1452"},{"taxonomy":"product_tag","embeddable":true,"href":"https:\/\/myhappyhome.site\/en\/wp-json\/wp\/v2\/product_tag?post=1452"}],"curies":[{"name":"wp","href":"https:\/\/api.w.org\/{rel}","templated":true}]}}