{"id":1458,"date":"2025-04-12T16:56:56","date_gmt":"2025-04-12T16:56:56","guid":{"rendered":"https:\/\/myhappyhome.site\/?post_type=product&#038;p=1458"},"modified":"2026-02-01T22:06:33","modified_gmt":"2026-02-01T22:06:33","slug":"anker-soundcore-rave-neo-50w","status":"publish","type":"product","link":"https:\/\/myhappyhome.site\/en\/boutique\/images-et-sons\/audio\/anker-soundcore-rave-neo-50w\/","title":{"rendered":"Anker Soundcore Rave Neo 50W &#8211; conforme aux normes europ\u00e9ennes"},"content":{"rendered":"<h2 style=\"text-align: center; font-size: 110%;\"><b>Sp\u00e9cifications du Anker Soundcore Rave Neo 50w<\/b><\/h2>\n<ul style=\"text-align: justify; font-size: 85%;\">\n<li><b>Lib\u00e9rez un son puissant<\/b>: appuyez sur play pour d\u00e9clencher une \u00e9norme vague de son jusqu\u2019\u00e0 98 dB. Des basses intenses sont d\u00e9livr\u00e9es via un radiateur passif et la technologie exclusive BassUp pour am\u00e9liorer les basses fr\u00e9quences en temps r\u00e9el pour un punch encore plus grand.<\/li>\n<li><b>Technologie PartyCast<\/b>: Reliez plus de 100 haut-parleurs compatibles Soundcore PartyCast via un seul appareil pour synchroniser la musique et les lumi\u00e8res sur tous.<\/li>\n<li><b>Spectacle de lumi\u00e8re rythm\u00e9<\/b>: les lumi\u00e8res LED int\u00e9gr\u00e9es se synchronisent au rythme de chaque chanson pour cr\u00e9er une exp\u00e9rience visuelle enivrante.<\/li>\n<li><b>Enti\u00e8rement \u00e9tanche<\/b>: le bo\u00eetier \u00e9tanche IPX7 de Rave Neo garantit qu\u2019il peut r\u00e9sister \u00e0 une immersion totale dans l\u2019eau.<\/li>\n<li><b>Autonomie de 18 heures<\/b>: enregistrez plusieurs \u00e9v\u00e9nements et utilisez le port USB int\u00e9gr\u00e9 pour charger facilement d\u2019autres appareils pendant que vous faites la f\u00eate.<\/li>\n<li><b>Application Soundcore<\/b>: choisissez parmi plusieurs modes d\u2019\u00e9clairage et personnalisez l\u2019\u00e9galiseur en cr\u00e9ant votre propre mix ou en utilisant l\u2019un des 3 modes pr\u00e9d\u00e9finis pour adapter le son \u00e0 votre \u00e9v\u00e9nement.<\/li>\n<\/ul>","protected":false},"excerpt":{"rendered":"<ul style=\"font-size: 135%;\">\n<li>Brand: <strong>Anker<\/strong><\/li>\n<li>Model: <strong>Soundcore Rave Neo<\/strong><\/li>\n<li>Puissance Audio: <strong>50 watts<\/strong><\/li>\n<li>Connectivit\u00e9: <strong>Bluetooth<\/strong>,<\/li>\n<li>Autonomie: <strong>18 heures<\/strong><\/li>\n<li>Dimensions: <strong>15\u00d717.8\u00d728.1\u00a0<\/strong>cm<\/li>\n<li>Poids: <strong>3<\/strong>\u00a0kg<\/li>\n<\/ul>","protected":false},"featured_media":1459,"comment_status":"open","ping_status":"closed","template":"","meta":[],"product_brand":[],"product_cat":[49,16],"product_tag":[],"class_list":{"0":"post-1458","1":"product","2":"type-product","3":"status-publish","4":"has-post-thumbnail","6":"product_cat-audio","7":"product_cat-images-et-sons","9":"first","10":"instock","11":"shipping-taxable","12":"purchasable","13":"product-type-simple"},"jetpack_sharing_enabled":true,"_links":{"self":[{"href":"https:\/\/myhappyhome.site\/en\/wp-json\/wp\/v2\/product\/1458","targetHints":{"allow":["GET"]}}],"collection":[{"href":"https:\/\/myhappyhome.site\/en\/wp-json\/wp\/v2\/product"}],"about":[{"href":"https:\/\/myhappyhome.site\/en\/wp-json\/wp\/v2\/types\/product"}],"replies":[{"embeddable":true,"href":"https:\/\/myhappyhome.site\/en\/wp-json\/wp\/v2\/comments?post=1458"}],"wp:featuredmedia":[{"embeddable":true,"href":"https:\/\/myhappyhome.site\/en\/wp-json\/wp\/v2\/media\/1459"}],"wp:attachment":[{"href":"https:\/\/myhappyhome.site\/en\/wp-json\/wp\/v2\/media?parent=1458"}],"wp:term":[{"taxonomy":"product_brand","embeddable":true,"href":"https:\/\/myhappyhome.site\/en\/wp-json\/wp\/v2\/product_brand?post=1458"},{"taxonomy":"product_cat","embeddable":true,"href":"https:\/\/myhappyhome.site\/en\/wp-json\/wp\/v2\/product_cat?post=1458"},{"taxonomy":"product_tag","embeddable":true,"href":"https:\/\/myhappyhome.site\/en\/wp-json\/wp\/v2\/product_tag?post=1458"}],"curies":[{"name":"wp","href":"https:\/\/api.w.org\/{rel}","templated":true}]}}