{"id":1495,"date":"2025-04-13T07:42:56","date_gmt":"2025-04-13T07:42:56","guid":{"rendered":"https:\/\/myhappyhome.site\/?post_type=product&#038;p=1495"},"modified":"2025-10-06T07:18:30","modified_gmt":"2025-10-06T07:18:30","slug":"bouchon-arret-champagne","status":"publish","type":"product","link":"https:\/\/myhappyhome.site\/en\/boutique\/accessoires\/bouchon-arret-champagne\/","title":{"rendered":"Ensemble de 03 bouchons arr\u00eat Champagne et bi\u00e8re &#8211; pour conserver boisson d\u00e9j\u00e0 ouvertes"},"content":{"rendered":"<h3 style=\"text-align: center; font-size: 120%;\">\u00a0PRODUCT DESCRIPTION<\/h3>\n<p style=\"text-align: justify; font-size: 90%;\"><strong>CARACTERISTIQUES <\/strong>\u00a0:<br \/>\nLe bouchon de champagne herm\u00e9tique en silicone peut garder votre vent frais et pr\u00e9server la saveur naturelle du vin pendant plusieurs jours. Tournez facilement et ne combattez plus les bouchons!<br \/>\nCaract\u00e9ristique principale :<br \/>\n[<strong>Conservation efficace de l&#8217;\u00e9tanch\u00e9it\u00e9<\/strong>] En optimisant la structure interne, la mini scelleuse \u00e0 champagne peut permettre au bouchon de vin de s&#8217;adapter parfaitement et verrouiller fermement le gaz dans la bouteille pour emp\u00eacher les bulles de se dissiper lentement apr\u00e8s l&#8217;ouverture de la bouteille.<br \/>\n[<strong>Conception compacte<\/strong>] Portez un \u00ab chapeau de s\u00e9curit\u00e9 \u00bb pour votre vin pr\u00e9f\u00e9r\u00e9. Le li\u00e8ge champagne adopte un design unique en forme de \u00ab petit chapeau \u00bb, adapt\u00e9 au design en arc de graisse de la bouteille de vin \u00e9tincelante, et le style est plus harmonieux. Petite taille, stockage plus pratique.<br \/>\n[<strong>Conception de verrouillage pivotant<\/strong>] L&#8217;ouvre-bouteille champagne adopte une conception rotative, plus efficace et plus facile \u00e0 utiliser. Il peut \u00eatre d\u00e9verrouill\u00e9 en tournant la partie sup\u00e9rieure du bouchon, puis branchez-le fermement dans l&#8217;embouchure de la bouteille, puis tournez le bouchon de champagne. La partie sup\u00e9rieure est verrouill\u00e9e en position pour \u00e9conomiser l&#8217;\u00e9tanch\u00e9it\u00e9.<br \/>\n[<strong>Large application<\/strong>] Convient aux bouteilles standard de vin, de bi\u00e8re, de champagne et de soda, y compris certains styles plus grands. Il peut \u00eatre utilis\u00e9 \u00e0 diverses occasions, comme les mariages, les maisons et les bars. C&#8217;est aussi un excellent cadeau pour le meilleur ami qui aime le vin.<br \/>\n[<strong>Haute qualit\u00e9<\/strong>] Les parties d&#8217;\u00e9tanch\u00e9it\u00e9 internes du bouchon de vin sont s\u00e9lectionn\u00e9es pour les mat\u00e9riaux en silicone de qualit\u00e9 alimentaire et sont plus s\u00fbres. La coque ronde en li\u00e8ge champagne est fabriqu\u00e9e en mat\u00e9riau ABS durable, difficile \u00e0 porter et facile \u00e0 nettoyer.<\/p>","protected":false},"excerpt":{"rendered":"<ul style=\"font-size: 135%; text-align: justify;\">\n<li>Usage: sert \u00e0 <strong>conserver<\/strong> des boissons que vous n&#8217;avez <strong>pas termin\u00e9<\/strong>.<\/li>\n<li>mod\u00e8le : <strong>Champagne Stopper<\/strong><\/li>\n<li>Mati\u00e8re : <strong>ABS+silicone<\/strong> de qualit\u00e9 alimentaire<\/li>\n<li>Appropri\u00e9 pour <strong>conserver<\/strong> Champagne, bi\u00e8re, boissons gazeuses<\/li>\n<li>Garder au frais pendant 7 jours<\/li>\n<li>Taille: <strong>39\u00d739\u00d732<\/strong> mm<\/li>\n<li>Poids: <strong>18<\/strong> gr<\/li>\n<li>Couleur: <strong>noir<\/strong><\/li>\n<\/ul>","protected":false},"featured_media":1486,"comment_status":"open","ping_status":"closed","template":"","meta":[],"product_brand":[],"product_cat":[29],"product_tag":[],"class_list":{"0":"post-1495","1":"product","2":"type-product","3":"status-publish","4":"has-post-thumbnail","6":"product_cat-accessoires","8":"first","9":"instock","10":"shipping-taxable","11":"purchasable","12":"product-type-simple"},"jetpack_sharing_enabled":true,"_links":{"self":[{"href":"https:\/\/myhappyhome.site\/en\/wp-json\/wp\/v2\/product\/1495","targetHints":{"allow":["GET"]}}],"collection":[{"href":"https:\/\/myhappyhome.site\/en\/wp-json\/wp\/v2\/product"}],"about":[{"href":"https:\/\/myhappyhome.site\/en\/wp-json\/wp\/v2\/types\/product"}],"replies":[{"embeddable":true,"href":"https:\/\/myhappyhome.site\/en\/wp-json\/wp\/v2\/comments?post=1495"}],"wp:featuredmedia":[{"embeddable":true,"href":"https:\/\/myhappyhome.site\/en\/wp-json\/wp\/v2\/media\/1486"}],"wp:attachment":[{"href":"https:\/\/myhappyhome.site\/en\/wp-json\/wp\/v2\/media?parent=1495"}],"wp:term":[{"taxonomy":"product_brand","embeddable":true,"href":"https:\/\/myhappyhome.site\/en\/wp-json\/wp\/v2\/product_brand?post=1495"},{"taxonomy":"product_cat","embeddable":true,"href":"https:\/\/myhappyhome.site\/en\/wp-json\/wp\/v2\/product_cat?post=1495"},{"taxonomy":"product_tag","embeddable":true,"href":"https:\/\/myhappyhome.site\/en\/wp-json\/wp\/v2\/product_tag?post=1495"}],"curies":[{"name":"wp","href":"https:\/\/api.w.org\/{rel}","templated":true}]}}