{"id":1496,"date":"2025-04-13T07:45:51","date_gmt":"2025-04-13T07:45:51","guid":{"rendered":"https:\/\/myhappyhome.site\/?post_type=product&#038;p=1496"},"modified":"2025-10-06T07:26:35","modified_gmt":"2025-10-06T07:26:35","slug":"bouchon-arret-vin","status":"publish","type":"product","link":"https:\/\/myhappyhome.site\/en\/boutique\/accessoires\/bouchon-arret-vin\/","title":{"rendered":"Lot de 03 Bouchon arret vin &#8211; pour conserver vos bouteilles de vin dont vous n&#8217;avez pas termin\u00e9 la consommation"},"content":{"rendered":"<h3 style=\"text-align: center; font-size: 120%;\">\u00a0PRODUCT DESCRIPTION<\/h3>\n<p style=\"text-align: justify; font-size: 90%;\"><strong>CARACTERISTIQUES <\/strong>\u00a0:<br \/>\n<strong>Joint Rotatif<\/strong>: Comprend un m\u00e9canisme de verrouillage rotatif pour un sceau s\u00e9curis\u00e9, pr\u00e9servant la fra\u00eecheur du vin jusqu&#8217;\u00e0 7 jours.<br \/>\n<strong>Design compact<\/strong>: La petite taille du bouchon de vin s&#8217;adapte aux bouteilles standard et est pratique pour le stockage.<br \/>\n<strong>Joint en silicone de qualit\u00e9 alimentaire<\/strong>: incorpore du silicone de qualit\u00e9 alimentaire pour une \u00e9tanch\u00e9it\u00e9 s\u00fbre et fiable sur les bouteilles de vin.<br \/>\n<strong>Utilisation polyvalente<\/strong>: Id\u00e9al pour le vin rouge, le champagne et le soda, parfait pour les mariages, les maisons et les bars.<br \/>\n<strong>Rainure ergonomique pour doigts<\/strong>: con\u00e7ue avec 3 rainures pour les doigts pour une prise facile et s\u00fbre et une rotation sans effort.<\/p>","protected":false},"excerpt":{"rendered":"<ul style=\"font-size: 135%;\">\n<li>Usage: sert \u00e0 <strong>conserver<\/strong> des boissons que vous n&#8217;avez <strong>pas termin\u00e9<\/strong>.<\/li>\n<li>Mod\u00e8le : <strong>SP-019<\/strong><\/li>\n<li>Mati\u00e8re : <strong>ABS+gel de silice<\/strong> de qualit\u00e9 alimentaire<\/li>\n<li>Appropri\u00e9 pour conserver des bouteilles de vin.<\/li>\n<li>Garder au frais pendant 7 jours.<\/li>\n<li>Taille: <strong>39\u00d739\u00d740<\/strong> mm<\/li>\n<li>Poids: <strong>23<\/strong> gr<\/li>\n<li>Couleur: <strong>noir<\/strong><\/li>\n<\/ul>","protected":false},"featured_media":1490,"comment_status":"open","ping_status":"closed","template":"","meta":[],"product_brand":[],"product_cat":[29],"product_tag":[],"class_list":{"0":"post-1496","1":"product","2":"type-product","3":"status-publish","4":"has-post-thumbnail","6":"product_cat-accessoires","8":"first","9":"instock","10":"shipping-taxable","11":"purchasable","12":"product-type-simple"},"jetpack_sharing_enabled":true,"_links":{"self":[{"href":"https:\/\/myhappyhome.site\/en\/wp-json\/wp\/v2\/product\/1496","targetHints":{"allow":["GET"]}}],"collection":[{"href":"https:\/\/myhappyhome.site\/en\/wp-json\/wp\/v2\/product"}],"about":[{"href":"https:\/\/myhappyhome.site\/en\/wp-json\/wp\/v2\/types\/product"}],"replies":[{"embeddable":true,"href":"https:\/\/myhappyhome.site\/en\/wp-json\/wp\/v2\/comments?post=1496"}],"wp:featuredmedia":[{"embeddable":true,"href":"https:\/\/myhappyhome.site\/en\/wp-json\/wp\/v2\/media\/1490"}],"wp:attachment":[{"href":"https:\/\/myhappyhome.site\/en\/wp-json\/wp\/v2\/media?parent=1496"}],"wp:term":[{"taxonomy":"product_brand","embeddable":true,"href":"https:\/\/myhappyhome.site\/en\/wp-json\/wp\/v2\/product_brand?post=1496"},{"taxonomy":"product_cat","embeddable":true,"href":"https:\/\/myhappyhome.site\/en\/wp-json\/wp\/v2\/product_cat?post=1496"},{"taxonomy":"product_tag","embeddable":true,"href":"https:\/\/myhappyhome.site\/en\/wp-json\/wp\/v2\/product_tag?post=1496"}],"curies":[{"name":"wp","href":"https:\/\/api.w.org\/{rel}","templated":true}]}}