{"id":1497,"date":"2025-04-13T07:49:13","date_gmt":"2025-04-13T07:49:13","guid":{"rendered":"https:\/\/myhappyhome.site\/?post_type=product&#038;p=1497"},"modified":"2025-10-06T19:22:47","modified_gmt":"2025-10-06T19:22:47","slug":"bouchon-pour-bouteille-de-vin","status":"publish","type":"product","link":"https:\/\/myhappyhome.site\/en\/boutique\/accessoires\/bouchon-pour-bouteille-de-vin\/","title":{"rendered":"Lot de 06 bouchons de li\u00e8ge &#8211; pour conserver vos bouteille de vin"},"content":{"rendered":"<h3 style=\"text-align: center; font-size: 135%;\">DESCRIPTION DU PRODUIT:<\/h3>\n<p style=\"text-align: justify; font-size: 95%; text-indent: 10%;\">Fabriqu\u00e9 en plastique et en bois pour une utilisation de longue dur\u00e9e et durable. Nos bouchons peuvent facilement sceller n&#8217;importe quelle bouteille en verre de vin rouge, vous n&#8217;aurez donc jamais besoin de gaspiller! Avec un design simple, il a \u00e9galement un bon effet de d\u00e9coration. Fabriqu\u00e9 en mat\u00e9riau durable et pratique pour une utilisation durable. Ajouter l&#8217;atmosph\u00e8re de f\u00eate et impressionner les invit\u00e9s. Laissez ces bouchons de vin exquis d\u00e9corer votre table \u00e0 manger.<\/p>","protected":false},"excerpt":{"rendered":"<ul style=\"font-size: 135%; text-align: justify;\">\n<li>Usage: sert \u00e0 <strong>conserver <\/strong>en bouteille du vin que vous n&#8217;avez <strong>pas termin\u00e9<\/strong>.<\/li>\n<li>Material: <strong>plastique, li\u00e8ge.<\/strong><\/li>\n<li>Bon effet d&#8217;\u00e9tanch\u00e9it\u00e9, meilleure conservation du vin rouge.<\/li>\n<li>Dimension: <strong>3\u00d72.7<\/strong> cm.<\/li>\n<li>Poids: <strong>16<\/strong> gr<\/li>\n<li>Couleur: <strong>noir+bois<\/strong><\/li>\n<\/ul>","protected":false},"featured_media":1480,"comment_status":"open","ping_status":"closed","template":"","meta":[],"product_brand":[],"product_cat":[29],"product_tag":[],"class_list":{"0":"post-1497","1":"product","2":"type-product","3":"status-publish","4":"has-post-thumbnail","6":"product_cat-accessoires","8":"first","9":"instock","10":"shipping-taxable","11":"purchasable","12":"product-type-simple"},"jetpack_sharing_enabled":true,"_links":{"self":[{"href":"https:\/\/myhappyhome.site\/en\/wp-json\/wp\/v2\/product\/1497","targetHints":{"allow":["GET"]}}],"collection":[{"href":"https:\/\/myhappyhome.site\/en\/wp-json\/wp\/v2\/product"}],"about":[{"href":"https:\/\/myhappyhome.site\/en\/wp-json\/wp\/v2\/types\/product"}],"replies":[{"embeddable":true,"href":"https:\/\/myhappyhome.site\/en\/wp-json\/wp\/v2\/comments?post=1497"}],"wp:featuredmedia":[{"embeddable":true,"href":"https:\/\/myhappyhome.site\/en\/wp-json\/wp\/v2\/media\/1480"}],"wp:attachment":[{"href":"https:\/\/myhappyhome.site\/en\/wp-json\/wp\/v2\/media?parent=1497"}],"wp:term":[{"taxonomy":"product_brand","embeddable":true,"href":"https:\/\/myhappyhome.site\/en\/wp-json\/wp\/v2\/product_brand?post=1497"},{"taxonomy":"product_cat","embeddable":true,"href":"https:\/\/myhappyhome.site\/en\/wp-json\/wp\/v2\/product_cat?post=1497"},{"taxonomy":"product_tag","embeddable":true,"href":"https:\/\/myhappyhome.site\/en\/wp-json\/wp\/v2\/product_tag?post=1497"}],"curies":[{"name":"wp","href":"https:\/\/api.w.org\/{rel}","templated":true}]}}