{"id":1498,"date":"2025-04-14T08:10:12","date_gmt":"2025-04-14T08:10:12","guid":{"rendered":"https:\/\/myhappyhome.site\/?post_type=product&#038;p=1498"},"modified":"2026-02-02T07:38:51","modified_gmt":"2026-02-02T07:38:51","slug":"jbl-xtreme-4","status":"publish","type":"product","link":"https:\/\/myhappyhome.site\/en\/boutique\/images-et-sons\/audio\/jbl-xtreme-4\/","title":{"rendered":"JBL Xtreme 4 &#8211; enceinte portable &#8211; 20 watts &#8211; conforme aux normes europ\u00e9ennes"},"content":{"rendered":"<h2 style=\"text-align: center; font-size: 110%;\">Sp\u00e9cifications du JBL Xtreme 4<\/h2>\n<ul style=\"text-align: justify; font-size: 85%;\">\n<li><b>Faites passer votre exp\u00e9rience d&#8217;\u00e9coute au niveau sup\u00e9rieur<\/b>: Avec l&#8217;enceinte Bluetooth Xtreme 4 de JBL, dot\u00e9e d&#8217;un son dynamique et d&#8217;un design portable \u00e9quip\u00e9 d&#8217;une bandouli\u00e8re pour une commodit\u00e9 ultime<\/li>\n<li><b>Profitez de votre musique jusqu&#8217;au bout de la nuit<\/b>: Avec une autonomie allant jusqu&#8217;\u00e0 24 heures, la recharge rapide et le chargeur pour smartphone int\u00e9gr\u00e9 sur l&#8217;enceinte vous ne tomberez plus \u00e0 court de batterie<\/li>\n<li><b>Son JBL Pro<\/b>: Deux haut-parleurs puissants et deux radiateurs de basses d\u00e9livrent un son immersif avec des basses profondes et pr\u00e9cises, pour une exp\u00e9rience d&#8217;\u00e9coute unique<\/li>\n<li><b>Du pique-nique sur la plage \u00e0 la f\u00eate au bord de la piscine<\/b>: Cette puissante enceinte s&#8217;adapte \u00e0 presque tous les environnements gr\u00e2ce \u00e0 son indice de protection IP67 contre l&#8217;eau et la poussi\u00e8re<\/li>\n<li><b>Contenu de la bo\u00eete<\/b>: 1 x Enceinte JBL Xtreme 4, en noir, 1 x Adaptateur PD (le type de prise varie selon la r\u00e9gion), 1 x Guide de d\u00e9marrage rapide, 1 x Consignes de s\u00e9curit\u00e9<\/li>\n<\/ul>","protected":false},"excerpt":{"rendered":"<ul style=\"font-size: 135%;\">\n<li>Brand: <strong>JBL<\/strong><\/li>\n<li>Model: <strong>Xtreme 4<\/strong><\/li>\n<li>Composition:<\/li>\n<li>Puissance Audio: <strong>20 watts<\/strong><\/li>\n<li>Connectivit\u00e9: <strong>bluetooth<\/strong><\/li>\n<li>Dimensions: <strong>29.7\u00d714.1\u00d714.9\u00a0<\/strong>cm<\/li>\n<li>Poids: <strong>2.1<\/strong> kg<\/li>\n<\/ul>","protected":false},"featured_media":1499,"comment_status":"open","ping_status":"closed","template":"","meta":[],"product_brand":[],"product_cat":[49,16],"product_tag":[],"class_list":{"0":"post-1498","1":"product","2":"type-product","3":"status-publish","4":"has-post-thumbnail","6":"product_cat-audio","7":"product_cat-images-et-sons","9":"first","10":"instock","11":"shipping-taxable","12":"purchasable","13":"product-type-simple"},"jetpack_sharing_enabled":true,"_links":{"self":[{"href":"https:\/\/myhappyhome.site\/en\/wp-json\/wp\/v2\/product\/1498","targetHints":{"allow":["GET"]}}],"collection":[{"href":"https:\/\/myhappyhome.site\/en\/wp-json\/wp\/v2\/product"}],"about":[{"href":"https:\/\/myhappyhome.site\/en\/wp-json\/wp\/v2\/types\/product"}],"replies":[{"embeddable":true,"href":"https:\/\/myhappyhome.site\/en\/wp-json\/wp\/v2\/comments?post=1498"}],"wp:featuredmedia":[{"embeddable":true,"href":"https:\/\/myhappyhome.site\/en\/wp-json\/wp\/v2\/media\/1499"}],"wp:attachment":[{"href":"https:\/\/myhappyhome.site\/en\/wp-json\/wp\/v2\/media?parent=1498"}],"wp:term":[{"taxonomy":"product_brand","embeddable":true,"href":"https:\/\/myhappyhome.site\/en\/wp-json\/wp\/v2\/product_brand?post=1498"},{"taxonomy":"product_cat","embeddable":true,"href":"https:\/\/myhappyhome.site\/en\/wp-json\/wp\/v2\/product_cat?post=1498"},{"taxonomy":"product_tag","embeddable":true,"href":"https:\/\/myhappyhome.site\/en\/wp-json\/wp\/v2\/product_tag?post=1498"}],"curies":[{"name":"wp","href":"https:\/\/api.w.org\/{rel}","templated":true}]}}