{"id":1535,"date":"2025-04-16T13:30:52","date_gmt":"2025-04-16T13:30:52","guid":{"rendered":"https:\/\/myhappyhome.site\/?post_type=product&#038;p=1535"},"modified":"2026-01-26T12:32:07","modified_gmt":"2026-01-26T12:32:07","slug":"hisense-85a6bg","status":"publish","type":"product","link":"https:\/\/myhappyhome.site\/en\/boutique\/images-et-sons\/tv-et-moniteur\/hisense-85a6bg\/","title":{"rendered":"HISENSE 85A6BG Smart TV \u2013 85 inches \u2013 4K UHD \u2013 compliant with European standards"},"content":{"rendered":"<h2 style=\"font-size: 110%; text-align: center;\"><strong>Sp\u00e9cification compl\u00e8te du Hisense 85A6BG\u00a0<\/strong><\/h2>\n<p>Description<\/p>\n<p>Ultra HD<\/p>\n<p>&nbsp;<\/p>\n<p>Des images ultra-pr\u00e9cises<\/p>\n<p>&nbsp;<\/p>\n<p>Une r\u00e9solution 4 fois sup\u00e9rieure \u00e0 celle du Full HD, soit plus de 8 millions de pixels, pour des images plus r\u00e9alistes que jamais.<\/p>\n<p>&nbsp;<\/p>\n<p>Dolby Vision<\/p>\n<p>&nbsp;<\/p>\n<p>L\u2019exp\u00e9rience HDR compl\u00e8te<\/p>\n<p>&nbsp;<\/p>\n<p>Des images en HDR offrant un niveau de d\u00e9tail incomparable avec un ajustement de l\u2019image sc\u00e8ne par sc\u00e8ne.<\/p>\n<p>&nbsp;<\/p>\n<p>Un TV compatible avec les consoles nouvelles g\u00e9n\u00e9rations<\/p>\n<p>&nbsp;<\/p>\n<p>Une exp\u00e9rience de jeu ultrar\u00e9aliste gr\u00e2ce \u00e0 la compatibilit\u00e9 HDMI 2.1* avec les fonctions VRR, ALLM, eARC et un input lag &lt;20 ms.<\/p>\n<p>&nbsp;<\/p>\n<p>T\u00e9l\u00e9commande vocale la simplicit\u00e9 \u00e0 port\u00e9e de voix<\/p>\n<p>&nbsp;<\/p>\n<p>La t\u00e9l\u00e9commande avec micro int\u00e9gr\u00e9 est compatible avec Alexa et Google Assistant. Id\u00e9ale pour contr\u00f4ler son TV et sa maison connect\u00e9e.<\/p>\n<p>&nbsp;<\/p>\n<p>Compensateur de Mouvement<\/p>\n<p>&nbsp;<\/p>\n<p>Des mouvements ultra-fluides<\/p>\n<p>&nbsp;<\/p>\n<p>Un algorithme complexe permettant l\u2019ajout des images suppl\u00e9mentaires pour profiter du sport et des films d\u2019actions en toute fluidit\u00e9.<\/p>\n<p>&nbsp;<\/p>\n<p>HDR10+<\/p>\n<p>&nbsp;<\/p>\n<p>Pour ne manquer aucun d\u00e9tail<\/p>\n<p>&nbsp;<\/p>\n<p>En adaptant la luminosit\u00e9 et le contraste de chaque sc\u00e8ne, le HDR10+ est capable de donner vie \u00e0 chaque image avec un pr\u00e9cision in\u00e9gal\u00e9e.<\/p>\n<p>&nbsp;<\/p>\n<p>DTS Virtual:X\u2122<\/p>\n<p>&nbsp;<\/p>\n<p>Un son immersif et enveloppant<\/p>\n<p>&nbsp;<\/p>\n<p>Une technologie permettant d\u2019obtenir un son spatialis\u00e9, multidirectionnel et 3D, pour que chaque d\u00e9tail sonore soit retransmis avec pr\u00e9cision.<\/p>\n<p>&nbsp;<\/p>\n<p>Pieds Ajustables en deux positions<\/p>\n<p>&nbsp;<\/p>\n<p>Avec deux emplacements pour fixer ses pieds, votre t\u00e9l\u00e9viseur est capable de s&#8217;adapter au mieux \u00e0 son meuble et \u00e0 vos go\u00fbts.<\/p>","protected":false},"excerpt":{"rendered":"<ul style=\"font-size: 125%;\">\n<li>Brand: <strong>Hisense<\/strong><\/li>\n<li>Model:<strong> 85A6BG<\/strong><\/li>\n<li>Taille d&#8217;\u00e9cran: <strong>85\u00a0<\/strong>pouces<\/li>\n<li>R\u00e9solution: <strong>3840\u00d72160 <\/strong>pixels<\/li>\n<li>Affichage: <strong>4k UHD<\/strong><\/li>\n<li>Audio: <strong>30 <\/strong>watts<\/li>\n<li>Connectivit\u00e9: <strong>Bluetooth, wifi, Ethernet, HDMI, USB, Optique\u00a0<\/strong><\/li>\n<li>Dimensions: <strong>109,4\u00d7190,3\u00d78,5<\/strong> cm<\/li>\n<li>Poids: <strong>41<\/strong> kg<\/li>\n<\/ul>","protected":false},"featured_media":1536,"comment_status":"open","ping_status":"closed","template":"","meta":[],"product_brand":[],"product_cat":[16,48],"product_tag":[],"class_list":{"0":"post-1535","1":"product","2":"type-product","3":"status-publish","4":"has-post-thumbnail","6":"product_cat-images-et-sons","7":"product_cat-tv-et-moniteur","9":"first","10":"instock","11":"shipping-taxable","12":"purchasable","13":"product-type-simple"},"jetpack_sharing_enabled":true,"_links":{"self":[{"href":"https:\/\/myhappyhome.site\/en\/wp-json\/wp\/v2\/product\/1535","targetHints":{"allow":["GET"]}}],"collection":[{"href":"https:\/\/myhappyhome.site\/en\/wp-json\/wp\/v2\/product"}],"about":[{"href":"https:\/\/myhappyhome.site\/en\/wp-json\/wp\/v2\/types\/product"}],"replies":[{"embeddable":true,"href":"https:\/\/myhappyhome.site\/en\/wp-json\/wp\/v2\/comments?post=1535"}],"wp:featuredmedia":[{"embeddable":true,"href":"https:\/\/myhappyhome.site\/en\/wp-json\/wp\/v2\/media\/1536"}],"wp:attachment":[{"href":"https:\/\/myhappyhome.site\/en\/wp-json\/wp\/v2\/media?parent=1535"}],"wp:term":[{"taxonomy":"product_brand","embeddable":true,"href":"https:\/\/myhappyhome.site\/en\/wp-json\/wp\/v2\/product_brand?post=1535"},{"taxonomy":"product_cat","embeddable":true,"href":"https:\/\/myhappyhome.site\/en\/wp-json\/wp\/v2\/product_cat?post=1535"},{"taxonomy":"product_tag","embeddable":true,"href":"https:\/\/myhappyhome.site\/en\/wp-json\/wp\/v2\/product_tag?post=1535"}],"curies":[{"name":"wp","href":"https:\/\/api.w.org\/{rel}","templated":true}]}}