{"id":1563,"date":"2025-04-16T13:54:53","date_gmt":"2025-04-16T13:54:53","guid":{"rendered":"https:\/\/myhappyhome.site\/?post_type=product&#038;p=1563"},"modified":"2025-09-03T13:08:21","modified_gmt":"2025-09-03T13:08:21","slug":"royal-swiss-yt-fp01","status":"publish","type":"product","link":"https:\/\/myhappyhome.site\/en\/boutique\/electromenager\/mixeurs-robots\/royal-swiss-yt-fp01\/","title":{"rendered":"ROYAL SWISS YT-FP01 Multifunction Robot \u2013 10 in 1 \u2013 compliant with European standards"},"content":{"rendered":"<h3 style=\"font-size: 125%; text-align: center;\">D\u00e9tail du produits<\/h3>\n<ul style=\"font-size: 90%; text-align: justify;\">\n<li>Fonction 10 en 1: hacher, d\u00e9chiqueter, trancher, trancher, granuler, p\u00e9trir, \u00e9mulsifier, presser les agrumes, m\u00e9langer (1500 ml), broyer, filtrer.<\/li>\n<li>Bol d&#8217;une capacit\u00e9 de 1000 ml avec une poign\u00e9e pratique et une goulotte d&#8217;alimentation.<\/li>\n<li>Avec lames en acier inoxydable (inox) qui vous permettent de pr\u00e9parer vos aliments en quelques secondes.<\/li>\n<li>Commutateur rotatif \u00e0 2 vitesses et impulsion.<\/li>\n<li>Boitier en acier inoxydable.<\/li>\n<li>Nombre de vitesse: 2<\/li>\n<li>Power: <strong>550<\/strong> watts<\/li>\n<li>Usages recommand\u00e9s pour le produit: Tranchage, Emulsifiant, M\u00e9lange, D\u00e9chiqueteuse, Filtrage, Meulage R\u00e2page, broyage, presse-agrumes, p\u00e9trissage<\/li>\n<li>Pieds en caoutchouc antid\u00e9rapant.<\/li>\n<\/ul>","protected":false},"excerpt":{"rendered":"<ul style=\"font-size: 135%;\">\n<li>Brand: <strong>Royal Swiss<\/strong><\/li>\n<li>Model: <strong>YT-FP01<\/strong><\/li>\n<li>Material: <strong>Acier inoxydable<\/strong><\/li>\n<li>Fonctionnalit\u00e9s: <strong>10<\/strong> en <strong>1<\/strong><\/li>\n<li>Nombre de vitesse: <strong>2<\/strong><\/li>\n<li>Couleur: <strong>noir+argent<\/strong><\/li>\n<li>Power: <strong>550<\/strong> watts<\/li>\n<li>Alimentation: <strong>220-240<\/strong>v, <strong>50<\/strong>Hz<\/li>\n<\/ul>","protected":false},"featured_media":1539,"comment_status":"open","ping_status":"closed","template":"","meta":[],"product_brand":[],"product_cat":[21,36],"product_tag":[],"class_list":{"0":"post-1563","1":"product","2":"type-product","3":"status-publish","4":"has-post-thumbnail","6":"product_cat-electromenager","7":"product_cat-mixeurs-robots","9":"first","10":"instock","11":"shipping-taxable","12":"purchasable","13":"product-type-simple"},"jetpack_sharing_enabled":true,"_links":{"self":[{"href":"https:\/\/myhappyhome.site\/en\/wp-json\/wp\/v2\/product\/1563","targetHints":{"allow":["GET"]}}],"collection":[{"href":"https:\/\/myhappyhome.site\/en\/wp-json\/wp\/v2\/product"}],"about":[{"href":"https:\/\/myhappyhome.site\/en\/wp-json\/wp\/v2\/types\/product"}],"replies":[{"embeddable":true,"href":"https:\/\/myhappyhome.site\/en\/wp-json\/wp\/v2\/comments?post=1563"}],"wp:featuredmedia":[{"embeddable":true,"href":"https:\/\/myhappyhome.site\/en\/wp-json\/wp\/v2\/media\/1539"}],"wp:attachment":[{"href":"https:\/\/myhappyhome.site\/en\/wp-json\/wp\/v2\/media?parent=1563"}],"wp:term":[{"taxonomy":"product_brand","embeddable":true,"href":"https:\/\/myhappyhome.site\/en\/wp-json\/wp\/v2\/product_brand?post=1563"},{"taxonomy":"product_cat","embeddable":true,"href":"https:\/\/myhappyhome.site\/en\/wp-json\/wp\/v2\/product_cat?post=1563"},{"taxonomy":"product_tag","embeddable":true,"href":"https:\/\/myhappyhome.site\/en\/wp-json\/wp\/v2\/product_tag?post=1563"}],"curies":[{"name":"wp","href":"https:\/\/api.w.org\/{rel}","templated":true}]}}