{"id":1564,"date":"2025-04-16T13:57:45","date_gmt":"2025-04-16T13:57:45","guid":{"rendered":"https:\/\/myhappyhome.site\/?post_type=product&#038;p=1564"},"modified":"2025-09-03T19:02:24","modified_gmt":"2025-09-03T19:02:24","slug":"cafetiere-royal-swiss-wj9003","status":"publish","type":"product","link":"https:\/\/myhappyhome.site\/en\/boutique\/electromenager\/petit-dejeuner\/cafetiere-royal-swiss-wj9003\/","title":{"rendered":"ROYAL SWISS WJ-9003 Coffee Maker \u2013 10 Cups \u2013 Complies with European Standards"},"content":{"rendered":"<h3 style=\"font-size: 120%; text-align: center;\">PRODUCT DESCRIPTION<\/h3>\n<p style=\"text-align: justify; font-size: 90%; text-indent: 50px;\">Con\u00e7u pour vous faciliter la vie chaque matin, la marque Royal Swiss a mi au point cette cafeti\u00e8re \u00e9lectrique en plastique \u00e9l\u00e9gante. Avec sa capacit\u00e9 de 10 tasses, cette cafeti\u00e8re moderne pourra pr\u00e9parer de bons caf\u00e9s pour toute la famille. La fonction maintien au chaud conservera votre caf\u00e9 \u00e0 une temp\u00e9rature id\u00e9ale pendant une dur\u00e9e moyenne de 40 min pour le d\u00e9guster un peu plus tard.<br \/>\nRien de plus beau que de profiter d&#8217;une bonne tasse de caf\u00e9 chaque matin avec cette cafeti\u00e8re \u00e9lectrique Royal Swiss<\/p>","protected":false},"excerpt":{"rendered":"<ul style=\"font-size: 135%;\">\n<li>Brand: <strong>Royal Swiss<\/strong><\/li>\n<li>Model: <strong>WJ-9003<\/strong><\/li>\n<li>Appropri\u00e9 pour: <strong>pr\u00e9paration<\/strong> et maintient au <strong>chaud<\/strong> de caf\u00e9 pour 10 tasses<\/li>\n<li>Capacity: <strong>1<\/strong> Litre<\/li>\n<li>Power: <strong>900<\/strong> watts<\/li>\n<li>Material: <strong>plastic<\/strong> et <strong>inox<\/strong><\/li>\n<li>Couleur: <strong>noir+argent<\/strong><\/li>\n<\/ul>","protected":false},"featured_media":2295,"comment_status":"open","ping_status":"closed","template":"","meta":[],"product_brand":[],"product_cat":[21,37],"product_tag":[],"class_list":{"0":"post-1564","1":"product","2":"type-product","3":"status-publish","4":"has-post-thumbnail","6":"product_cat-electromenager","7":"product_cat-petit-dejeuner","9":"first","10":"instock","11":"shipping-taxable","12":"purchasable","13":"product-type-simple"},"jetpack_sharing_enabled":true,"_links":{"self":[{"href":"https:\/\/myhappyhome.site\/en\/wp-json\/wp\/v2\/product\/1564","targetHints":{"allow":["GET"]}}],"collection":[{"href":"https:\/\/myhappyhome.site\/en\/wp-json\/wp\/v2\/product"}],"about":[{"href":"https:\/\/myhappyhome.site\/en\/wp-json\/wp\/v2\/types\/product"}],"replies":[{"embeddable":true,"href":"https:\/\/myhappyhome.site\/en\/wp-json\/wp\/v2\/comments?post=1564"}],"wp:featuredmedia":[{"embeddable":true,"href":"https:\/\/myhappyhome.site\/en\/wp-json\/wp\/v2\/media\/2295"}],"wp:attachment":[{"href":"https:\/\/myhappyhome.site\/en\/wp-json\/wp\/v2\/media?parent=1564"}],"wp:term":[{"taxonomy":"product_brand","embeddable":true,"href":"https:\/\/myhappyhome.site\/en\/wp-json\/wp\/v2\/product_brand?post=1564"},{"taxonomy":"product_cat","embeddable":true,"href":"https:\/\/myhappyhome.site\/en\/wp-json\/wp\/v2\/product_cat?post=1564"},{"taxonomy":"product_tag","embeddable":true,"href":"https:\/\/myhappyhome.site\/en\/wp-json\/wp\/v2\/product_tag?post=1564"}],"curies":[{"name":"wp","href":"https:\/\/api.w.org\/{rel}","templated":true}]}}