{"id":1566,"date":"2025-04-16T14:02:48","date_gmt":"2025-04-16T14:02:48","guid":{"rendered":"https:\/\/myhappyhome.site\/?post_type=product&#038;p=1566"},"modified":"2025-09-03T13:23:37","modified_gmt":"2025-09-03T13:23:37","slug":"bouilloire-royal-swiss-rs-ek01-slk","status":"publish","type":"product","link":"https:\/\/myhappyhome.site\/en\/boutique\/electromenager\/petit-dejeuner\/bouilloire-royal-swiss-rs-ek01-slk\/","title":{"rendered":"ROYAL SWISS RS-EK01-SLK Kettle\u2013 2 Liters \u2013 Complies with European Standards"},"content":{"rendered":"<h3 style=\"font-size: 120%; text-align: center;\">PRODUCT DESCRIPTION<\/h3>\n<p style=\"text-align: justify; font-size: 90%; text-indent: 50px;\">Bouilloire \u00e9lectrique Royal swiss RS-EK01, 2.0 L est parfaite pour vos besoins quotidiens \u00e0 la maison. \u00c9l\u00e9ment chauffant dissimul\u00e9, ouverture large pour un service facile et arr\u00eat automatique sont quelques-uns des points forts de ce produit. Le corps en acier inoxydable ajoute \u00e0 l\u2019apparence super \u00e9l\u00e9gante.<\/p>\n<p style=\"text-align: justify; font-size: 90%; text-indent: 50px;\">Vous avez envie d\u2019une d\u00e9licieuse tasse de th\u00e9 ou d\u2019un bouillon ? Cette bouilloire vous aide rapidement \u00e0 chauffer l\u2019eau et plus encore. Il s\u2019agit d\u2019une bouilloire en acier inoxydable facile \u00e0 utiliser, il suffit de la remplir et de la fixer \u00e0 la base chauffante. Cette bouilloire est \u00e9galement un excellent compagnon \u00e0 avoir dans la cuisine, avec sa pr\u00e9sence \u00e0 la fois raffin\u00e9e et discr\u00e8te<\/p>","protected":false},"excerpt":{"rendered":"<ul style=\"font-size: 135%;\">\n<li>Brand: <strong>Royal Swiss<\/strong><\/li>\n<li>Model: <strong>RS-EK01<\/strong><\/li>\n<li>Appropri\u00e9 pour: bouillir eau, th\u00e8&#8230;<\/li>\n<li>Mat\u00e9riau: acier inoxydable<\/li>\n<li>Power: <strong>1500<\/strong> watts<\/li>\n<li>Capacity: <strong>2<\/strong> Liters<\/li>\n<li>On\/off switch with LED indicator<\/li>\n<li>Automatic shutdown<\/li>\n<li>Protection against <strong>overheated<\/strong><\/li>\n<li>Power supply base <strong>rotating 360\u00b0<\/strong><\/li>\n<li>Couleur: <strong>rouge<\/strong>, <strong>argent<\/strong><\/li>\n<\/ul>","protected":false},"featured_media":2291,"comment_status":"open","ping_status":"closed","template":"","meta":[],"product_brand":[],"product_cat":[21,37],"product_tag":[],"class_list":{"0":"post-1566","1":"product","2":"type-product","3":"status-publish","4":"has-post-thumbnail","6":"product_cat-electromenager","7":"product_cat-petit-dejeuner","9":"first","10":"instock","11":"shipping-taxable","12":"purchasable","13":"product-type-simple"},"jetpack_sharing_enabled":true,"_links":{"self":[{"href":"https:\/\/myhappyhome.site\/en\/wp-json\/wp\/v2\/product\/1566","targetHints":{"allow":["GET"]}}],"collection":[{"href":"https:\/\/myhappyhome.site\/en\/wp-json\/wp\/v2\/product"}],"about":[{"href":"https:\/\/myhappyhome.site\/en\/wp-json\/wp\/v2\/types\/product"}],"replies":[{"embeddable":true,"href":"https:\/\/myhappyhome.site\/en\/wp-json\/wp\/v2\/comments?post=1566"}],"wp:featuredmedia":[{"embeddable":true,"href":"https:\/\/myhappyhome.site\/en\/wp-json\/wp\/v2\/media\/2291"}],"wp:attachment":[{"href":"https:\/\/myhappyhome.site\/en\/wp-json\/wp\/v2\/media?parent=1566"}],"wp:term":[{"taxonomy":"product_brand","embeddable":true,"href":"https:\/\/myhappyhome.site\/en\/wp-json\/wp\/v2\/product_brand?post=1566"},{"taxonomy":"product_cat","embeddable":true,"href":"https:\/\/myhappyhome.site\/en\/wp-json\/wp\/v2\/product_cat?post=1566"},{"taxonomy":"product_tag","embeddable":true,"href":"https:\/\/myhappyhome.site\/en\/wp-json\/wp\/v2\/product_tag?post=1566"}],"curies":[{"name":"wp","href":"https:\/\/api.w.org\/{rel}","templated":true}]}}