{"id":1567,"date":"2025-04-16T14:06:10","date_gmt":"2025-04-16T14:06:10","guid":{"rendered":"https:\/\/myhappyhome.site\/?post_type=product&#038;p=1567"},"modified":"2025-10-05T19:56:03","modified_gmt":"2025-10-05T19:56:03","slug":"bouchon-a-pression-pour-bouteille-de-vin-couleur-noir","status":"publish","type":"product","link":"https:\/\/myhappyhome.site\/en\/boutique\/accessoires\/bouchon-a-pression-pour-bouteille-de-vin-couleur-noir\/","title":{"rendered":"02 Bouchons \u00e0 pression pour bouteille de vin &#8211; couleur noir"},"content":{"rendered":"<h3 style=\"text-align: center;\">\u00a0Description du produit<\/h3>\n<p style=\"text-align: justify; font-size: 90%;\"><strong>Pr\u00e9sentation <\/strong>\u00a0:<br \/>\n1. Il est utilis\u00e9 pour la conservation du vin rouge non fini, vin \u00e9tranger et divers jus de fruits et boissons.<br \/>\n2. Design humanis\u00e9, adapt\u00e9 \u00e0 toutes sortes de bouche de bouteille de vin rouge, garder la bouche de bouteille propre et hygi\u00e9nique.<br \/>\n3 Il peut garder le vin rouge frais pendant 7 jours et l&#8217;utiliser comme bouchon de vin.<\/p>\n<p style=\"text-align: justify; font-size: 90%;\"><strong>Mode d&#8217;emploi<\/strong>\u00a0:<br \/>\n&#8211; Mettez le bouchon dans le goulot de la bouteille, appuyez sur le bouchon sup\u00e9rieur pour que l&#8217;int\u00e9rieur de la bouteille atteigne un \u00e9tat de vide pour la garder fra\u00eeche, appuyez sur jusqu&#8217;\u00e0 ce qu&#8217;elle soit plus laborieuse et ne puisse pas appara\u00eetre, puis placez-la sur elle comme un bouchon !<br \/>\n&#8211; Si tu le bois la prochaine fois, sors-le directement. Si vous ne pouvez toujours pas finir de boire le vin rouge, vous pouvez le r\u00e9utiliser de la m\u00eame mani\u00e8re !<\/p>\n<p style=\"text-align: justify; font-size: 90%;\"><strong>Caract\u00e9ristiques<\/strong>:<br \/>\n1. Le bouchon de pompe est con\u00e7u en une seule pi\u00e8ce, et l&#8217;air est \u00e9vacu\u00e9 par pression, de sorte que l&#8217;\u00e9chappement est rapide et la fra\u00eecheur est bonne.<br \/>\n2. Fait de mat\u00e9riaux de qualit\u00e9 salubrit\u00e9 alimentaire ; scientifique, respectueux de l&#8217;environnement, s\u00fbr et s\u00e9curis\u00e9.<br \/>\n3. G\u00e9n\u00e9ralement, l&#8217;air dans la bouteille peut \u00eatre expuls\u00e9 en huit \u00e0 dix fois, ce qui est rapide, pratique, pratique et permet de gagner du temps.<\/p>\n<p style=\"text-align: justify; font-size: 90%;\"><strong>Gamme d&#8217;application<\/strong>:<br \/>\nIl est adapt\u00e9 aux bouteilles rigides \u00e0 bouche plate d&#8217;un diam\u00e8tre de 15~20 mm, telles que les bouteilles de vin et les bouteilles de vin \u00e9trang\u00e8res.<\/p>","protected":false},"excerpt":{"rendered":"<ul style=\"font-size: 135%;\">\n<li>Usage: sert \u00e0 <strong>conserver<\/strong> une bouteille de vin que vous n&#8217;avez <strong>pas termin\u00e9<\/strong>.<\/li>\n<li>Mat\u00e9riau : <strong>ABS<\/strong> + <strong>silicone<\/strong> de qualit\u00e9 alimentaire<\/li>\n<li>Appropri\u00e9 pour conserver des bouteilles de vin<\/li>\n<li>Dimensions: <strong>7.2\u00d74.7<\/strong> cm<\/li>\n<li>Poids: <strong>38<\/strong> gr<\/li>\n<li>Couleur: <strong>noir<\/strong><\/li>\n<\/ul>","protected":false},"featured_media":1554,"comment_status":"open","ping_status":"closed","template":"","meta":[],"product_brand":[],"product_cat":[29],"product_tag":[],"class_list":{"0":"post-1567","1":"product","2":"type-product","3":"status-publish","4":"has-post-thumbnail","6":"product_cat-accessoires","8":"first","9":"instock","10":"shipping-taxable","11":"purchasable","12":"product-type-simple"},"jetpack_sharing_enabled":true,"_links":{"self":[{"href":"https:\/\/myhappyhome.site\/en\/wp-json\/wp\/v2\/product\/1567","targetHints":{"allow":["GET"]}}],"collection":[{"href":"https:\/\/myhappyhome.site\/en\/wp-json\/wp\/v2\/product"}],"about":[{"href":"https:\/\/myhappyhome.site\/en\/wp-json\/wp\/v2\/types\/product"}],"replies":[{"embeddable":true,"href":"https:\/\/myhappyhome.site\/en\/wp-json\/wp\/v2\/comments?post=1567"}],"wp:featuredmedia":[{"embeddable":true,"href":"https:\/\/myhappyhome.site\/en\/wp-json\/wp\/v2\/media\/1554"}],"wp:attachment":[{"href":"https:\/\/myhappyhome.site\/en\/wp-json\/wp\/v2\/media?parent=1567"}],"wp:term":[{"taxonomy":"product_brand","embeddable":true,"href":"https:\/\/myhappyhome.site\/en\/wp-json\/wp\/v2\/product_brand?post=1567"},{"taxonomy":"product_cat","embeddable":true,"href":"https:\/\/myhappyhome.site\/en\/wp-json\/wp\/v2\/product_cat?post=1567"},{"taxonomy":"product_tag","embeddable":true,"href":"https:\/\/myhappyhome.site\/en\/wp-json\/wp\/v2\/product_tag?post=1567"}],"curies":[{"name":"wp","href":"https:\/\/api.w.org\/{rel}","templated":true}]}}