{"id":1577,"date":"2025-04-19T18:40:56","date_gmt":"2025-04-19T18:40:56","guid":{"rendered":"https:\/\/myhappyhome.site\/?post_type=product&#038;p=1577"},"modified":"2025-09-07T15:02:24","modified_gmt":"2025-09-07T15:02:24","slug":"cocotte-minute-royal-swiss-30-litres-34-cm","status":"publish","type":"product","link":"https:\/\/myhappyhome.site\/en\/boutique\/cuisine-et-art-de-table\/cuiseur-a-pression\/cocotte-minute-royal-swiss-30-litres-34-cm\/","title":{"rendered":"Cocotte Minute ROYAL SWISS 30 litres &#8211; \u00d834 cm &#8211; conforme aux normes europ\u00e9ennes"},"content":{"rendered":"<h3 style=\"text-align: center;\">\u00a0Description du produit<\/h3>\n<p style=\"text-align: justify; text-indent: 50px;\">Avec l&#8217;autocuiseur Royal Swiss , vous gagnez beaucoup de temps en raison du temps de cuisson plus court et vous pouvez pr\u00e9parer les plats les plus savoureux. L&#8217;autocuiseur est en acier inoxydable et a une capacit\u00e9 de 30 litres. Cet autocuiseur est id\u00e9al pour pr\u00e9parer des l\u00e9gumes, de la soupe, de la viande (rago\u00fbt) et d&#8217;autres plats. Le temps de cuisson plus court permet non seulement d&#8217;\u00e9conomiser de l&#8217;\u00e9nergie, mais aussi de mieux pr\u00e9server les saveurs et les vitamines.<\/p>\n<p style=\"text-align: justify; text-indent: 50px;\">Le Royal Swiss autocuiseur est \u00e9quip\u00e9 d&#8217;un dispositif de s\u00e9curit\u00e9 qui garantit que la pression peut s&#8217;\u00e9chapper pendant la cuisson. Cela signifie qu&#8217;il ne peut jamais y avoir trop de pression dans l&#8217;autocuiseur. L&#8217;autocuiseur de 30 litres est facile \u00e0 ouvrir\/fermer gr\u00e2ce au verrou sur la poign\u00e9e.<br \/>\nCet autocuiseur est fabriqu\u00e9 en acier inoxydable et poss\u00e8de des poign\u00e9es en plastique robustes. La casserole convient aux sources de chaleur au gaz, \u00e9lectriques, c\u00e9ramiques et halog\u00e8nes. Donc cette casserole ne convient pas \u00e0 la chaleur par induction.<\/p>\n<h3 style=\"text-align: center;\">CARACT\u00c9RISTIQUES :<\/h3>\n<p>Royal suisse<br \/>\nAluminium<br \/>\nPoign\u00e9es en plastique<br \/>\nLivr\u00e9 avec un joint en caoutchouc silicone qui dure 5 ans<br \/>\nS\u00e9curit\u00e9<br \/>\nCapacit\u00e9 : 30 litres<br \/>\nConvient aux sources de chaleur : gaz, \u00e9lectrique, c\u00e9ramique et halog\u00e8ne<br \/>\nNE convient PAS \u00e0 l&#8217;induction !<br \/>\nPasse au lave-vaisselle : non<br \/>\nDiam\u00e8tre haut : 34 cm<br \/>\nDiam\u00e8tre bas : 37 cm<br \/>\nHauteur: .. cm<\/p>","protected":false},"excerpt":{"rendered":"<ul style=\"font-size: 135%;\">\n<li>Brand: <strong>Royal Swiss<\/strong><\/li>\n<li>Model:<\/li>\n<li>Material: <strong>aluminium<\/strong><\/li>\n<li>Soupape de s\u00e9curit\u00e9: <strong>Oui<\/strong><\/li>\n<li>Joint d&#8217;\u00e9tanch\u00e9it\u00e9: <strong>oui<\/strong><\/li>\n<li>Dimensions: <strong>\u00d834 <\/strong>cm<\/li>\n<li>Capacity: <strong>30<\/strong> litres<\/li>\n<li>Compatibilit\u00e9 feu: <strong>gaz<\/strong>, <strong>\u00e9lectrique<\/strong>, <strong>vitroc\u00e9ramique, Halog\u00e8ne\u00a0<\/strong><\/li>\n<\/ul>","protected":false},"featured_media":2255,"comment_status":"open","ping_status":"closed","template":"","meta":[],"product_brand":[],"product_cat":[44,27],"product_tag":[],"class_list":{"0":"post-1577","1":"product","2":"type-product","3":"status-publish","4":"has-post-thumbnail","6":"product_cat-cuiseur-a-pression","7":"product_cat-cuisine-et-art-de-table","9":"first","10":"instock","11":"shipping-taxable","12":"purchasable","13":"product-type-simple"},"jetpack_sharing_enabled":true,"_links":{"self":[{"href":"https:\/\/myhappyhome.site\/en\/wp-json\/wp\/v2\/product\/1577","targetHints":{"allow":["GET"]}}],"collection":[{"href":"https:\/\/myhappyhome.site\/en\/wp-json\/wp\/v2\/product"}],"about":[{"href":"https:\/\/myhappyhome.site\/en\/wp-json\/wp\/v2\/types\/product"}],"replies":[{"embeddable":true,"href":"https:\/\/myhappyhome.site\/en\/wp-json\/wp\/v2\/comments?post=1577"}],"wp:featuredmedia":[{"embeddable":true,"href":"https:\/\/myhappyhome.site\/en\/wp-json\/wp\/v2\/media\/2255"}],"wp:attachment":[{"href":"https:\/\/myhappyhome.site\/en\/wp-json\/wp\/v2\/media?parent=1577"}],"wp:term":[{"taxonomy":"product_brand","embeddable":true,"href":"https:\/\/myhappyhome.site\/en\/wp-json\/wp\/v2\/product_brand?post=1577"},{"taxonomy":"product_cat","embeddable":true,"href":"https:\/\/myhappyhome.site\/en\/wp-json\/wp\/v2\/product_cat?post=1577"},{"taxonomy":"product_tag","embeddable":true,"href":"https:\/\/myhappyhome.site\/en\/wp-json\/wp\/v2\/product_tag?post=1577"}],"curies":[{"name":"wp","href":"https:\/\/api.w.org\/{rel}","templated":true}]}}