{"id":1610,"date":"2025-04-19T19:07:25","date_gmt":"2025-04-19T19:07:25","guid":{"rendered":"https:\/\/myhappyhome.site\/?post_type=product&#038;p=1610"},"modified":"2025-10-07T06:38:37","modified_gmt":"2025-10-07T06:38:37","slug":"cocotte-minute-royal-swiss-12-litres","status":"publish","type":"product","link":"https:\/\/myhappyhome.site\/en\/boutique\/cuisine-et-art-de-table\/cuiseur-a-pression\/cocotte-minute-royal-swiss-12-litres\/","title":{"rendered":"Cocotte Minute ROYAL SWISS 12 litres &#8211; \u00d824 cm &#8211; conforme aux normes europ\u00e9ennes"},"content":{"rendered":"<h3 style=\"text-align: center;\">\u00a0Description du produit<\/h3>\n<p style=\"text-align: justify; text-indent: 50px;\">Le bon choix pour des repas sains et savoureux, rapides et faciles. Cuit 3 \u00e0 10 fois plus vite que les m\u00e9thodes de cuisson ordinaires &#8211; m\u00eame plus vite qu&#8217;un micro-ondes pour de nombreux aliments.<br \/>\nLe poulet, le poisson, la viande et les l\u00e9gumes cuisent rapidement \u00e0 la perfection. Aide les coupes de viande tendres et \u00e9conomiques.<br \/>\nacier inoxydable robuste et \u00e9pais pour un chauffage rapide et uniforme. Fonctionne sur des plages r\u00e9guli\u00e8res et lisses. Le r\u00e9gulateur de pression assure automatiquement la bonne pression de cuisson.<br \/>\nL&#8217;indicateur de verrouillage du couvercle indique la pression dans l&#8217;autocuiseur et emp\u00eache le couvercle de s&#8217;ouvrir jusqu&#8217;\u00e0 ce que la pression soit r\u00e9duite en toute s\u00e9curit\u00e9.<\/p>","protected":false},"excerpt":{"rendered":"<ul style=\"font-size: 135%;\">\n<li>Brand: <strong>Royal Swiss\u00a0<\/strong><\/li>\n<li>Model:<\/li>\n<li>Material: <strong>acier inoxydable<\/strong><\/li>\n<li>Soupape de s\u00e9curit\u00e9: <strong>oui<\/strong><\/li>\n<li>Soupape d&#8217;indexation de pression: non<\/li>\n<li>Joint en caoutchouc pour l&#8217;\u00e9tanch\u00e9it\u00e9<\/li>\n<li>Rev\u00eatement antiadh\u00e9rent: <strong>oui<\/strong><\/li>\n<li>Dimensions: <strong>Diam\u00e8tre \u00d824 <\/strong>cm<\/li>\n<li>Capacity: <strong>12<\/strong> litres<\/li>\n<li>Compatibilit\u00e9 feu: <strong>gaz<\/strong>, <strong>\u00e9lectrique<\/strong>, <strong>vitroc\u00e9ramique, Halog\u00e8ne\u00a0<\/strong><\/li>\n<\/ul>","protected":false},"featured_media":2281,"comment_status":"open","ping_status":"closed","template":"","meta":[],"product_brand":[],"product_cat":[44,27],"product_tag":[],"class_list":{"0":"post-1610","1":"product","2":"type-product","3":"status-publish","4":"has-post-thumbnail","6":"product_cat-cuiseur-a-pression","7":"product_cat-cuisine-et-art-de-table","9":"first","10":"instock","11":"shipping-taxable","12":"purchasable","13":"product-type-simple"},"jetpack_sharing_enabled":true,"_links":{"self":[{"href":"https:\/\/myhappyhome.site\/en\/wp-json\/wp\/v2\/product\/1610","targetHints":{"allow":["GET"]}}],"collection":[{"href":"https:\/\/myhappyhome.site\/en\/wp-json\/wp\/v2\/product"}],"about":[{"href":"https:\/\/myhappyhome.site\/en\/wp-json\/wp\/v2\/types\/product"}],"replies":[{"embeddable":true,"href":"https:\/\/myhappyhome.site\/en\/wp-json\/wp\/v2\/comments?post=1610"}],"wp:featuredmedia":[{"embeddable":true,"href":"https:\/\/myhappyhome.site\/en\/wp-json\/wp\/v2\/media\/2281"}],"wp:attachment":[{"href":"https:\/\/myhappyhome.site\/en\/wp-json\/wp\/v2\/media?parent=1610"}],"wp:term":[{"taxonomy":"product_brand","embeddable":true,"href":"https:\/\/myhappyhome.site\/en\/wp-json\/wp\/v2\/product_brand?post=1610"},{"taxonomy":"product_cat","embeddable":true,"href":"https:\/\/myhappyhome.site\/en\/wp-json\/wp\/v2\/product_cat?post=1610"},{"taxonomy":"product_tag","embeddable":true,"href":"https:\/\/myhappyhome.site\/en\/wp-json\/wp\/v2\/product_tag?post=1610"}],"curies":[{"name":"wp","href":"https:\/\/api.w.org\/{rel}","templated":true}]}}