{"id":1613,"date":"2025-04-20T04:35:56","date_gmt":"2025-04-20T04:35:56","guid":{"rendered":"https:\/\/myhappyhome.site\/?post_type=product&#038;p=1613"},"modified":"2025-10-07T06:27:26","modified_gmt":"2025-10-07T06:27:26","slug":"royalty-line-rl-ps6l-6-litres","status":"publish","type":"product","link":"https:\/\/myhappyhome.site\/en\/boutique\/cuisine-et-art-de-table\/cuiseur-a-pression\/royalty-line-rl-ps6l-6-litres\/","title":{"rendered":"Autocuiseur ROYALTY LINE 6 litres &#8211; \u00d822 cm &#8211; conforme aux normes europ\u00e9ennes"},"content":{"rendered":"<h3 style=\"text-align: center;\">\u00a0PRODUCT DESCRIPTION<\/h3>\n<p style=\"text-align: justify; text-indent: 50px;\">Pr\u00e9servez les vitamines de vos repas avec l&#8217;autocuiseur polyvalent Royalty Line .<br \/>\nLe bo\u00eetier en acier inoxydable de haute qualit\u00e9 a une capacit\u00e9 de 6 litres, parfait pour les repas de petite famille ou la cuisson par lots. Le m\u00e9canisme de torsion unique du couvercle permet une utilisation d&#8217;une seule main.<br \/>\nLes poign\u00e9es restent froides offrent une prise en main confortable, facile \u00e0 transporter entre les surfaces de la cuisine avec une soupape de d\u00e9gagement de vapeur pour rel\u00e2cher la pression une fois que vous avez termin\u00e9.<\/p>\n<h4 style=\"text-align: center;\">Cuisson rapide et efficacit\u00e9 \u00e9nerg\u00e9tique<\/h4>\n<p style=\"text-align: justify; text-indent: 50px;\">Parce que la vapeur sous pression est introduite dans les aliments, les temps de cuisson sont jusqu&#8217;\u00e0 70 % plus courts que les autres m\u00e9thodes de cuisson. Un temps de cuisson plus court r\u00e9duit \u00e9galement la consommation d&#8217;\u00e9nergie et les autocuiseurs Royalty Line ne co\u00fbtent que 18 cents par heure lorsqu&#8217;ils sont utilis\u00e9s avec une table de cuisson \u00e0 gaz de 1,75 kW.<\/p>\n<h4 style=\"text-align: center;\">S\u00e9curit\u00e9 ultime des produits<\/h4>\n<p style=\"text-align: justify; text-indent: 50px;\">L&#8217;indicateur simple vous permet de savoir quand la pression de cuisson optimale a \u00e9t\u00e9 atteinte, tandis que le r\u00e9glage de soulagement facile \u00e0 utiliser vous permet d&#8217;ajuster la pression en fonction de vos aliments. Les autocuiseurs Royalty Line sont dot\u00e9s d&#8217;une poign\u00e9e en bak\u00e9lite ultra r\u00e9sistante et d&#8217;un syst\u00e8me de verrouillage pour emp\u00eacher le couvercle de s&#8217;ouvrir sous la pression.<\/p>\n<h4 style=\"text-align: center;\">Accessoires vapeur parfaits<\/h4>\n<p style=\"text-align: justify; text-indent: 50px;\">L&#8217;autocuiseur Royalty Line est livr\u00e9 avec un panier vapeur et un support. Placez les aliments dans le panier et placez le panier sur le support et l&#8217;autocuiseur peut \u00eatre utilis\u00e9 comme un cuiseur vapeur. Perfect pour cuire les l\u00e9gumes et \u00e9goutter le bouillon.<\/p>\n<h4 style=\"text-align: center;\">Poign\u00e9e antid\u00e9rapante<\/h4>\n<p style=\"text-align: justify; text-indent: 50px;\">La poign\u00e9e est con\u00e7ue pour un confort optimal et \u00e9vite la surchauffe lors de l&#8217;utilisation de la cuisini\u00e8re. Les vis et rivets m\u00e9talliques qui fixent la poign\u00e9e sont solidement frais\u00e9s pour r\u00e9duire le risque que vos mains entrent en contact avec du m\u00e9tal chaud pendant la cuisson.<\/p>\n<h4 style=\"text-align: center;\">Conseil d&#8217;utilisation de l&#8217;autocuiseur Royalty Line<\/h4>\n<p style=\"text-intent: 50px; text-align: justify;\">&#8211; Laver votre produit avant la premi\u00e8re utilisation avec du liquide vaisselle et une \u00e9ponge.<br \/>\n&#8211; Huilez l\u00e9g\u00e8rement l&#8217;int\u00e9rieur du produit \u00e0 l&#8217;aide d&#8217;un essuie tout imbib\u00e9 d&#8217;huile v\u00e9g\u00e9tale, lavez la et s\u00e9chez la. Cette op\u00e9ration prolongera la dur\u00e9e de vie du rev\u00eatement.<br \/>\n&#8211; N&#8217;utilisez jamais d&#8217;ustensiles en m\u00e9tal qui pourraient endommager le rev\u00eatement, pr\u00e9f\u00e9rez des ustensiles en bois ou en nylon.<\/p>","protected":false},"excerpt":{"rendered":"<ul style=\"font-size: 135%;\">\n<li>Brand: <strong>Royalty Line<\/strong><\/li>\n<li>Model: <strong>RL-PS6L<\/strong><\/li>\n<li>Material: <strong>acier inoxydable<\/strong><\/li>\n<li>Soupape de s\u00e9curit\u00e9: <strong>oui<\/strong><\/li>\n<li>Soupape d&#8217;indexation de pression: <strong>oui<\/strong><\/li>\n<li>Joint en caoutchouc pour l&#8217;\u00e9tanch\u00e9it\u00e9: <strong>oui<\/strong><\/li>\n<li>Rev\u00eatement antiadh\u00e9rent: <strong>oui<\/strong><\/li>\n<li>Dimensions: <strong>\u00d822\u00d722 <\/strong>cm<\/li>\n<li>Capacity: <strong>6<\/strong> litres<\/li>\n<li>Compatibilit\u00e9 feu: <strong>gaz<\/strong>, <strong>induction<\/strong>, <strong>\u00e9lectrique<\/strong>, <strong>vitroc\u00e9ramique, Halog\u00e8ne\u00a0<\/strong><\/li>\n<\/ul>","protected":false},"featured_media":2256,"comment_status":"open","ping_status":"closed","template":"","meta":[],"product_brand":[],"product_cat":[44,27],"product_tag":[],"class_list":{"0":"post-1613","1":"product","2":"type-product","3":"status-publish","4":"has-post-thumbnail","6":"product_cat-cuiseur-a-pression","7":"product_cat-cuisine-et-art-de-table","9":"first","10":"instock","11":"shipping-taxable","12":"purchasable","13":"product-type-simple"},"jetpack_sharing_enabled":true,"_links":{"self":[{"href":"https:\/\/myhappyhome.site\/en\/wp-json\/wp\/v2\/product\/1613","targetHints":{"allow":["GET"]}}],"collection":[{"href":"https:\/\/myhappyhome.site\/en\/wp-json\/wp\/v2\/product"}],"about":[{"href":"https:\/\/myhappyhome.site\/en\/wp-json\/wp\/v2\/types\/product"}],"replies":[{"embeddable":true,"href":"https:\/\/myhappyhome.site\/en\/wp-json\/wp\/v2\/comments?post=1613"}],"wp:featuredmedia":[{"embeddable":true,"href":"https:\/\/myhappyhome.site\/en\/wp-json\/wp\/v2\/media\/2256"}],"wp:attachment":[{"href":"https:\/\/myhappyhome.site\/en\/wp-json\/wp\/v2\/media?parent=1613"}],"wp:term":[{"taxonomy":"product_brand","embeddable":true,"href":"https:\/\/myhappyhome.site\/en\/wp-json\/wp\/v2\/product_brand?post=1613"},{"taxonomy":"product_cat","embeddable":true,"href":"https:\/\/myhappyhome.site\/en\/wp-json\/wp\/v2\/product_cat?post=1613"},{"taxonomy":"product_tag","embeddable":true,"href":"https:\/\/myhappyhome.site\/en\/wp-json\/wp\/v2\/product_tag?post=1613"}],"curies":[{"name":"wp","href":"https:\/\/api.w.org\/{rel}","templated":true}]}}