{"id":1616,"date":"2025-04-20T04:46:07","date_gmt":"2025-04-20T04:46:07","guid":{"rendered":"https:\/\/myhappyhome.site\/?post_type=product&#038;p=1616"},"modified":"2025-09-03T19:12:07","modified_gmt":"2025-09-03T19:12:07","slug":"cafetiere-royal-swiss-cm-123a","status":"publish","type":"product","link":"https:\/\/myhappyhome.site\/en\/boutique\/electromenager\/petit-dejeuner\/cafetiere-royal-swiss-cm-123a\/","title":{"rendered":"ROYAL SWISS CM-123A Coffee Maker \u2013 12 cups \u2013 complies with European standards"},"content":{"rendered":"<h3 style=\"font-size: 120%; text-align: center;\">PRODUCT DESCRIPTION<\/h3>\n<p style=\"text-align: justify; font-size: 90%; text-indent: 50px;\"><strong>Mixeur Super Lux <\/strong>Confectionn\u00e9 pour vous faciliter la vie chaque matin, la marque Royal Swiss met au point une cafeti\u00e8re \u00e9lectrique \u00e9l\u00e9gante de 800Watts . Avec sa capacit\u00e9 de 12 tasses soit 1.5L, cette cafeti\u00e8re moderne pourra pr\u00e9parer de bons caf\u00e9s pour toute la famille. La fonction maintien au chaud conservera votre caf\u00e9 \u00e0 une temp\u00e9rature id\u00e9ale pour le d\u00e9guster un peu plus tard.<\/p>","protected":false},"excerpt":{"rendered":"<ul style=\"font-size: 135%;\">\n<li>Brand: <strong>Royal Swiss<\/strong><\/li>\n<li>Model: <strong>CM-123A<\/strong><\/li>\n<li>Appropri\u00e9 pour: <strong>pr\u00e9paration<\/strong> et maintient au <strong>chaud<\/strong> de caf\u00e9 pour 12 tasses<\/li>\n<li>Capacity: <strong>1,5<\/strong> Litre<\/li>\n<li>Power: <strong>800<\/strong> watts<\/li>\n<li>Material: <strong>plastic<\/strong> et <strong>glass<\/strong><\/li>\n<li>Couleur: <strong>noir<\/strong><\/li>\n<\/ul>","protected":false},"featured_media":1630,"comment_status":"open","ping_status":"closed","template":"","meta":[],"product_brand":[],"product_cat":[21,37],"product_tag":[],"class_list":{"0":"post-1616","1":"product","2":"type-product","3":"status-publish","4":"has-post-thumbnail","6":"product_cat-electromenager","7":"product_cat-petit-dejeuner","9":"first","10":"instock","11":"sale","12":"shipping-taxable","13":"purchasable","14":"product-type-simple"},"jetpack_sharing_enabled":true,"_links":{"self":[{"href":"https:\/\/myhappyhome.site\/en\/wp-json\/wp\/v2\/product\/1616","targetHints":{"allow":["GET"]}}],"collection":[{"href":"https:\/\/myhappyhome.site\/en\/wp-json\/wp\/v2\/product"}],"about":[{"href":"https:\/\/myhappyhome.site\/en\/wp-json\/wp\/v2\/types\/product"}],"replies":[{"embeddable":true,"href":"https:\/\/myhappyhome.site\/en\/wp-json\/wp\/v2\/comments?post=1616"}],"wp:featuredmedia":[{"embeddable":true,"href":"https:\/\/myhappyhome.site\/en\/wp-json\/wp\/v2\/media\/1630"}],"wp:attachment":[{"href":"https:\/\/myhappyhome.site\/en\/wp-json\/wp\/v2\/media?parent=1616"}],"wp:term":[{"taxonomy":"product_brand","embeddable":true,"href":"https:\/\/myhappyhome.site\/en\/wp-json\/wp\/v2\/product_brand?post=1616"},{"taxonomy":"product_cat","embeddable":true,"href":"https:\/\/myhappyhome.site\/en\/wp-json\/wp\/v2\/product_cat?post=1616"},{"taxonomy":"product_tag","embeddable":true,"href":"https:\/\/myhappyhome.site\/en\/wp-json\/wp\/v2\/product_tag?post=1616"}],"curies":[{"name":"wp","href":"https:\/\/api.w.org\/{rel}","templated":true}]}}