{"id":1618,"date":"2025-04-20T07:11:13","date_gmt":"2025-04-20T07:11:13","guid":{"rendered":"https:\/\/myhappyhome.site\/?post_type=product&#038;p=1618"},"modified":"2025-09-07T15:13:02","modified_gmt":"2025-09-07T15:13:02","slug":"set-3-poeles-manche-amovible-royal-swiss","status":"publish","type":"product","link":"https:\/\/myhappyhome.site\/en\/boutique\/cuisine-et-art-de-table\/poele-sauteuse\/set-3-poeles-manche-amovible-royal-swiss\/","title":{"rendered":"Set de 3 po\u00eales \u00e0 manche amovible ROYAL SWISS &#8211; conforme aux normes europ\u00e9ennes"},"content":{"rendered":"<h3 style=\"font-size: 110%; text-align: center;\">Caract\u00e9ristiques de la po\u00eale \u00e0 manche amovible Royal Swiss<\/h3>\n<p style=\"text-align: justify;\">&#8211;\u00a0Ce produit en acier inoxydable est \u00e9quip\u00e9 d&#8217;un rev\u00eatement antiadh\u00e9rent<br \/>\n&#8211; La fonte d&#8217;aluminium est connue pour ses propri\u00e9t\u00e9s conductrices de chaleur, sa r\u00e9sistance et son ind\u00e9formabilit\u00e9<br \/>\n&#8211; Cet ustensile de cuisson est compatible tous feux y compris y compris l&#8217;induction, il passe \u00e9galement au four (220\u00b0C Max) sans la poign\u00e9e.<\/p>\n<h3 style=\"font-size: 110%; text-align: center;\">Conseil d&#8217;utilisation de la po\u00eale \u00e0 manche amovible Royal Swiss<\/h3>\n<p style=\"text-align: justify;\">&#8211; Laver votre produit avant la premi\u00e8re utilisation avec du liquide vaisselle et une \u00e9ponge.<br \/>\n&#8211; Huilez l\u00e9g\u00e8rement l&#8217;int\u00e9rieur du produit \u00e0 l&#8217;aide d&#8217;un essuie tout imbib\u00e9 d&#8217;huile v\u00e9g\u00e9tale, lavez la et s\u00e9chez la. Cette op\u00e9ration prolongera la dur\u00e9e de vie du rev\u00eatement.<br \/>\n&#8211; N&#8217;utilisez jamais d&#8217;ustensiles en m\u00e9tal qui pourraient endommager le rev\u00eatement, pr\u00e9f\u00e9rez des ustensiles en bois ou en nylon.<\/p>","protected":false},"excerpt":{"rendered":"<ul style=\"font-size: 135%;\">\n<li>Brand: <strong>Royal Swiss<\/strong><\/li>\n<li>Mod\u00e8le:&#8212;&#8211;<\/li>\n<li>Material: <strong>fonte d&#8217;aluminium\u00a0<\/strong><\/li>\n<li>Manche amovible: <strong>oui<\/strong><\/li>\n<li>Rev\u00eatement antiadh\u00e9rent: <strong>oui<\/strong><\/li>\n<li>Dimensions:\u00a0 <strong>\u00d820\u00d74.0<\/strong> cm \/ <strong>\u00d824\u00d74.7<\/strong> cm \/ <strong>\u00d828\u00d75.2<\/strong> cm<\/li>\n<li>Compatibilit\u00e9 feu: <strong>gaz<\/strong>, <strong>induction<\/strong>, <strong>\u00e9lectrique<\/strong>, <strong>vitroc\u00e9ramique<\/strong>.<\/li>\n<\/ul>","protected":false},"featured_media":2298,"comment_status":"open","ping_status":"closed","template":"","meta":[],"product_brand":[],"product_cat":[27,46],"product_tag":[],"class_list":{"0":"post-1618","1":"product","2":"type-product","3":"status-publish","4":"has-post-thumbnail","6":"product_cat-cuisine-et-art-de-table","7":"product_cat-poele-sauteuse","9":"first","10":"instock","11":"shipping-taxable","12":"purchasable","13":"product-type-simple"},"jetpack_sharing_enabled":true,"_links":{"self":[{"href":"https:\/\/myhappyhome.site\/en\/wp-json\/wp\/v2\/product\/1618","targetHints":{"allow":["GET"]}}],"collection":[{"href":"https:\/\/myhappyhome.site\/en\/wp-json\/wp\/v2\/product"}],"about":[{"href":"https:\/\/myhappyhome.site\/en\/wp-json\/wp\/v2\/types\/product"}],"replies":[{"embeddable":true,"href":"https:\/\/myhappyhome.site\/en\/wp-json\/wp\/v2\/comments?post=1618"}],"wp:featuredmedia":[{"embeddable":true,"href":"https:\/\/myhappyhome.site\/en\/wp-json\/wp\/v2\/media\/2298"}],"wp:attachment":[{"href":"https:\/\/myhappyhome.site\/en\/wp-json\/wp\/v2\/media?parent=1618"}],"wp:term":[{"taxonomy":"product_brand","embeddable":true,"href":"https:\/\/myhappyhome.site\/en\/wp-json\/wp\/v2\/product_brand?post=1618"},{"taxonomy":"product_cat","embeddable":true,"href":"https:\/\/myhappyhome.site\/en\/wp-json\/wp\/v2\/product_cat?post=1618"},{"taxonomy":"product_tag","embeddable":true,"href":"https:\/\/myhappyhome.site\/en\/wp-json\/wp\/v2\/product_tag?post=1618"}],"curies":[{"name":"wp","href":"https:\/\/api.w.org\/{rel}","templated":true}]}}