{"id":1652,"date":"2025-04-20T18:34:03","date_gmt":"2025-04-20T18:34:03","guid":{"rendered":"https:\/\/myhappyhome.site\/?post_type=product&#038;p=1652"},"modified":"2025-09-07T14:51:28","modified_gmt":"2025-09-07T14:51:28","slug":"assiette-ronde-en-melamine-28-cm","status":"publish","type":"product","link":"https:\/\/myhappyhome.site\/en\/boutique\/cuisine-et-art-de-table\/ustensiles\/assiette-ronde-en-melamine-28-cm\/","title":{"rendered":"Assiette ronde en m\u00e9lamine \u00d828 cm"},"content":{"rendered":"<h3 style=\"text-align: center; font-size: 135%;\">\u00a0Sp\u00e9cifications de l&#8217;assiette en m\u00e9lamine<\/h3>\n<ol style=\"text-align: justify;\">\n<li>Non toxique et inodore, conforme aux normes internationales de s\u00e9curit\u00e9 alimentaire.<\/li>\n<li>Exquis, durable et r\u00e9sistant \u00e0 la corrosion, pas facile \u00e0 casser et transf\u00e9rer la chaleur.<\/li>\n<li>Ressemble \u00e0 la porcelaine.<\/li>\n<\/ol>\n<ul style=\"text-align: justify;\">\n<li>Design noir givr\u00e9: le design simple de la vaisselle transmet le concept de simplicit\u00e9 du designer. L&#8217;objet est immerg\u00e9 dans un ton noir classique, plus processus de givrage de surface, qui est sobre et \u00e9l\u00e9gant.<\/li>\n<li>Mat\u00e9riau de s\u00e9curit\u00e9: m\u00e9lamine 100% de haute qualit\u00e9 comme mati\u00e8re premi\u00e8re, mat\u00e9riaux naturels purs, ne contient pas de m\u00e9taux lourds, sant\u00e9 et s\u00e9curit\u00e9, duret\u00e9 \u00e9lev\u00e9e et durable incassable.<\/li>\n<li>Utilisation int\u00e9rieure\/ext\u00e9rieure: notre ensemble de vaisselle en m\u00e9lamine est con\u00e7u pour les deux utilisations. Il est l\u00e9ger et facile \u00e0 transporter. Peut \u00eatre utilis\u00e9 \u00e0 l&#8217;int\u00e9rieur avec votre famille ou les emmener \u00e0 l&#8217;ext\u00e9rieur pour d\u00eener, prenez cet ensemble d&#8217;assiettes et de bols l\u00e9gers lors d&#8217;un voyage de camping, ou pr\u00e9parez un ensemble d&#8217;assiettes pour vos enfants scolaris\u00e9s.<\/li>\n<li>Facile \u00e0 nettoyer: surface lisse \u00e0 modeler simple, une chasse d&#8217;eau est propre, pas facile \u00e0 tacher. Haute et basse temp\u00e9rature<\/li>\n<li>R\u00e9sistance, lave-vaisselle pour le panier sup\u00e9rieur, pas pour micro-ondes<\/li>\n<\/ul>","protected":false},"excerpt":{"rendered":"<ul style=\"font-size: 135%;\">\n<li>Brand:<\/li>\n<li>Model: <strong>F173511<\/strong><\/li>\n<li>Material: <strong>m\u00e9lamine pure<\/strong><\/li>\n<li>Forme: <strong>ronde<\/strong><\/li>\n<li>Couleur: <strong>noir<\/strong><\/li>\n<li>Dimensions: <strong>\u00d828\u00d72.8<\/strong>\u00a0cm<\/li>\n<\/ul>","protected":false},"featured_media":1653,"comment_status":"open","ping_status":"closed","template":"","meta":[],"product_brand":[],"product_cat":[27,30,45],"product_tag":[],"class_list":{"0":"post-1652","1":"product","2":"type-product","3":"status-publish","4":"has-post-thumbnail","6":"product_cat-cuisine-et-art-de-table","7":"product_cat-promotions","8":"product_cat-ustensiles","10":"first","11":"instock","12":"sale","13":"shipping-taxable","14":"purchasable","15":"product-type-simple"},"jetpack_sharing_enabled":true,"_links":{"self":[{"href":"https:\/\/myhappyhome.site\/en\/wp-json\/wp\/v2\/product\/1652","targetHints":{"allow":["GET"]}}],"collection":[{"href":"https:\/\/myhappyhome.site\/en\/wp-json\/wp\/v2\/product"}],"about":[{"href":"https:\/\/myhappyhome.site\/en\/wp-json\/wp\/v2\/types\/product"}],"replies":[{"embeddable":true,"href":"https:\/\/myhappyhome.site\/en\/wp-json\/wp\/v2\/comments?post=1652"}],"wp:featuredmedia":[{"embeddable":true,"href":"https:\/\/myhappyhome.site\/en\/wp-json\/wp\/v2\/media\/1653"}],"wp:attachment":[{"href":"https:\/\/myhappyhome.site\/en\/wp-json\/wp\/v2\/media?parent=1652"}],"wp:term":[{"taxonomy":"product_brand","embeddable":true,"href":"https:\/\/myhappyhome.site\/en\/wp-json\/wp\/v2\/product_brand?post=1652"},{"taxonomy":"product_cat","embeddable":true,"href":"https:\/\/myhappyhome.site\/en\/wp-json\/wp\/v2\/product_cat?post=1652"},{"taxonomy":"product_tag","embeddable":true,"href":"https:\/\/myhappyhome.site\/en\/wp-json\/wp\/v2\/product_tag?post=1652"}],"curies":[{"name":"wp","href":"https:\/\/api.w.org\/{rel}","templated":true}]}}