{"id":1655,"date":"2025-04-20T19:17:14","date_gmt":"2025-04-20T19:17:14","guid":{"rendered":"https:\/\/www.myhappyhome.site\/?post_type=product&#038;p=1655"},"modified":"2025-08-16T18:23:29","modified_gmt":"2025-08-16T18:23:29","slug":"multiprise-ecolor-3-prises-de-courant-avec-interrupteur","status":"publish","type":"product","link":"https:\/\/myhappyhome.site\/en\/boutique\/electromenager\/multiprise-ecolor-3-prises-de-courant-avec-interrupteur\/","title":{"rendered":"Multiprise ECOLOR 3 prises de courant avec interrupteur"},"content":{"rendered":"<h2 style=\"font-size: 110%; text-align: center;\"><strong>Sp\u00e9cification Multiprise Ecolor 3 prises<\/strong><\/h2>\n<p style=\"font-size: 85%;\"><b>\u2022IDENTIFICATION:<\/b><br \/>\n&#8211; Marque: BRENBENSTUHL<br \/>\n&#8211; Mod\u00e8le: Ecalor<br \/>\n<b><\/b><\/p>\n<p style=\"font-size: 85%;\"><b>\u2022PRESENTATION PHYSIQUE:<\/b><br \/>\n&#8211; Longueur de c\u00e2ble: 1,50 m<br \/>\n&#8211; Hauteur: 27 cm<br \/>\n&#8211; Longueur: 8,50 cm<br \/>\n&#8211; Poids: 0,33 kg<br \/>\n&#8211; Largeur: 7 cm<br \/>\n&#8211; Couleur: noir<br \/>\n&#8211; Nombre global de prises de courant: 3<br \/>\n<b><\/b><\/p>\n<p style=\"font-size: 85%;\"><b>\u2022CARACT\u00c9RISTIQUES TECHNIQUES:<\/b><br \/>\n&#8211; 3 prises de courant 2P+T 16A\/230V~<br \/>\n&#8211; 1 fiche 2P+T 16A\/230V~<br \/>\n&#8211; Prises orient\u00e9es \u00e0 45 degr\u00e9s pour le branchement de fiches coud\u00e9es<br \/>\n&#8211; Interrupteur marche\/arr\u00eat<br \/>\n&#8211; 1,5 H05VV-F 3G1,0<br \/>\n&#8211; Capacit\u00e9 de charge \u00e9lectrique max: 3500 W<br \/>\n&#8211; Tension nominale d&#8217;entr\u00e9e: 230 V<br \/>\n&#8211; Disposition des prises de courant: 45\u00b0<br \/>\n&#8211; Indice de protection(IP): IP20<br \/>\n<b><\/b><\/p>\n<p style=\"font-size: 85%;\"><b>\u2022DETAIL D&#8217;UTILISATION:<\/b><br \/>\n&#8211; Adapt\u00e9 pour une installation 19 pouces: Non<br \/>\n&#8211; Utilisation: M\u00e9nage<br \/>\n&#8211; Types de fixation: Non concern\u00e9<br \/>\n&#8211; Avec interrupteur d\u00e9port\u00e9 manuel\/ pied: Non<br \/>\n&#8211; Avec t\u00e9l\u00e9commande: Non<br \/>\n&#8211; Avec parasurtenseur: Non<br \/>\n&#8211; Avec interrupteur diff\u00e9rentiel: Non<br \/>\n&#8211; Pour une utilisation en ext\u00e9rieur: Non<\/p>","protected":false},"excerpt":{"rendered":"<ul style=\"font-size: 100%;\">\n<li>Brand:<strong> BRENNENSTUHL<\/strong><\/li>\n<li>Model: <strong>\u00a0Ecolor<\/strong><\/li>\n<li>Prise multiple avec <strong>3 prises<\/strong> de courant <strong>2P+T 16A\/230V<\/strong><\/li>\n<li>1,5m de c\u00e2ble noire <strong>H05VV-F 3G1,0<\/strong><\/li>\n<\/ul>","protected":false},"featured_media":1660,"comment_status":"open","ping_status":"closed","template":"","meta":[],"product_brand":[],"product_cat":[21],"product_tag":[],"class_list":{"0":"post-1655","1":"product","2":"type-product","3":"status-publish","4":"has-post-thumbnail","6":"product_cat-electromenager","8":"first","9":"instock","10":"sale","11":"shipping-taxable","12":"purchasable","13":"product-type-simple"},"jetpack_sharing_enabled":true,"_links":{"self":[{"href":"https:\/\/myhappyhome.site\/en\/wp-json\/wp\/v2\/product\/1655","targetHints":{"allow":["GET"]}}],"collection":[{"href":"https:\/\/myhappyhome.site\/en\/wp-json\/wp\/v2\/product"}],"about":[{"href":"https:\/\/myhappyhome.site\/en\/wp-json\/wp\/v2\/types\/product"}],"replies":[{"embeddable":true,"href":"https:\/\/myhappyhome.site\/en\/wp-json\/wp\/v2\/comments?post=1655"}],"wp:featuredmedia":[{"embeddable":true,"href":"https:\/\/myhappyhome.site\/en\/wp-json\/wp\/v2\/media\/1660"}],"wp:attachment":[{"href":"https:\/\/myhappyhome.site\/en\/wp-json\/wp\/v2\/media?parent=1655"}],"wp:term":[{"taxonomy":"product_brand","embeddable":true,"href":"https:\/\/myhappyhome.site\/en\/wp-json\/wp\/v2\/product_brand?post=1655"},{"taxonomy":"product_cat","embeddable":true,"href":"https:\/\/myhappyhome.site\/en\/wp-json\/wp\/v2\/product_cat?post=1655"},{"taxonomy":"product_tag","embeddable":true,"href":"https:\/\/myhappyhome.site\/en\/wp-json\/wp\/v2\/product_tag?post=1655"}],"curies":[{"name":"wp","href":"https:\/\/api.w.org\/{rel}","templated":true}]}}