{"id":1661,"date":"2025-04-20T23:13:19","date_gmt":"2025-04-20T23:13:19","guid":{"rendered":"https:\/\/myhappyhome.site\/?post_type=product&#038;p=1661"},"modified":"2025-08-16T23:12:36","modified_gmt":"2025-08-16T23:12:36","slug":"bouchon-decapsuleur-urban-living","status":"publish","type":"product","link":"https:\/\/myhappyhome.site\/en\/boutique\/accessoires\/bouchon-decapsuleur-urban-living\/","title":{"rendered":"2 Bouchons d\u00e9capsuleur Urban Living"},"content":{"rendered":"<h3 style=\"text-align: center; font-size: 120%;\">\u00a0PRODUCT DESCRIPTION<\/h3>\n<p style=\"text-align: justify; font-size: 90%;\"><strong>CARACTERISTIQUES <\/strong>\u00a0:<br \/>\n1. Facile \u00e0 utiliser, ins\u00e9rez le bouchon dans la bouteille et appuyez sur le levier pour sceller la bouteille<br \/>\n2. Le bouchon d&#8217;\u00e9tanch\u00e9it\u00e9 herm\u00e9tique cr\u00e9e un joint \u00e9tanche pour \u00e9tendre et prot\u00e9ger les bouteilles ouvertes<br \/>\n3. Large application, utilis\u00e9e pour sceller l&#8217;eau min\u00e9rale, le vin, la bi\u00e8re, le champagne, le vinaigre, l&#8217;huile, etc.<br \/>\n4. Il est fait de plastique, d&#8217;acier inoxydable et de caoutchouc<\/p>","protected":false},"excerpt":{"rendered":"<ul style=\"font-size: 135%;\">\n<li>Usage: sert \u00e0 d\u00e9capsuler et <strong>conserver<\/strong> des boissons que vous n&#8217;avez <strong>pas termin\u00e9<\/strong>.<\/li>\n<li>Mod\u00e8le :<\/li>\n<li>Mati\u00e8re : <strong>plastic<\/strong> et <strong>acier inoxydable<\/strong><\/li>\n<li>Appropri\u00e9 pour d\u00e9capsuler et conserver des bouteilles de bi\u00e8re et boissons gazeuses.<\/li>\n<li>Garder au frais pendant 7 jours.<\/li>\n<li>Taille: <strong>9.5\u00d73.2<\/strong>\u00a0cm<\/li>\n<li>Poids: <strong>20<\/strong> gr<\/li>\n<li>Couleur: <strong>noir+rouge+argent<\/strong><\/li>\n<\/ul>","protected":false},"featured_media":1662,"comment_status":"open","ping_status":"closed","template":"","meta":[],"product_brand":[],"product_cat":[29,30],"product_tag":[],"class_list":{"0":"post-1661","1":"product","2":"type-product","3":"status-publish","4":"has-post-thumbnail","6":"product_cat-accessoires","7":"product_cat-promotions","9":"first","10":"instock","11":"sale","12":"shipping-taxable","13":"purchasable","14":"product-type-simple"},"jetpack_sharing_enabled":true,"_links":{"self":[{"href":"https:\/\/myhappyhome.site\/en\/wp-json\/wp\/v2\/product\/1661","targetHints":{"allow":["GET"]}}],"collection":[{"href":"https:\/\/myhappyhome.site\/en\/wp-json\/wp\/v2\/product"}],"about":[{"href":"https:\/\/myhappyhome.site\/en\/wp-json\/wp\/v2\/types\/product"}],"replies":[{"embeddable":true,"href":"https:\/\/myhappyhome.site\/en\/wp-json\/wp\/v2\/comments?post=1661"}],"wp:featuredmedia":[{"embeddable":true,"href":"https:\/\/myhappyhome.site\/en\/wp-json\/wp\/v2\/media\/1662"}],"wp:attachment":[{"href":"https:\/\/myhappyhome.site\/en\/wp-json\/wp\/v2\/media?parent=1661"}],"wp:term":[{"taxonomy":"product_brand","embeddable":true,"href":"https:\/\/myhappyhome.site\/en\/wp-json\/wp\/v2\/product_brand?post=1661"},{"taxonomy":"product_cat","embeddable":true,"href":"https:\/\/myhappyhome.site\/en\/wp-json\/wp\/v2\/product_cat?post=1661"},{"taxonomy":"product_tag","embeddable":true,"href":"https:\/\/myhappyhome.site\/en\/wp-json\/wp\/v2\/product_tag?post=1661"}],"curies":[{"name":"wp","href":"https:\/\/api.w.org\/{rel}","templated":true}]}}