{"id":1678,"date":"2025-04-23T13:32:50","date_gmt":"2025-04-23T13:32:50","guid":{"rendered":"https:\/\/myhappyhome.site\/?post_type=product&#038;p=1678"},"modified":"2026-01-26T12:23:42","modified_gmt":"2026-01-26T12:23:42","slug":"lg-75uq81006lb","status":"publish","type":"product","link":"https:\/\/myhappyhome.site\/en\/boutique\/images-et-sons\/tv-et-moniteur\/lg-75uq81006lb\/","title":{"rendered":"LG 75UQ81006LB Smart TV \u2013 75 inches \u2013 4K UHD \u2013 compliant with European standards"},"content":{"rendered":"<h2 style=\"font-size: 110%; text-align: center;\"><strong>Sp\u00e9cification compl\u00e8te du LG 75UQ81006LB<\/strong><\/h2>\n<ul class=\"a-unordered-list a-vertical a-spacing-none\">\n<li class=\"a-spacing-mini\"><span class=\"a-list-item\">Pr\u00eat pour le r\u00e9veil : le t\u00e9l\u00e9viseur LG int\u00e8gre la norme DVB-T2 HEVC Main 10 compatible avec le prochain changement de norme du num\u00e9rique terrestre<\/span><\/li>\n<li class=\"a-spacing-mini\"><span class=\"a-list-item\">R\u00e9solution Real 4K : une r\u00e9solution 4 fois sup\u00e9rieure \u00e0 la Full HD, qui emploie environ 8 millions de pixels pour vous donner des images visiblement plus nettes et plus d\u00e9taill\u00e9es.<\/span><\/li>\n<li class=\"a-spacing-mini\"><span class=\"a-list-item\">Processeur 5 GEN 5 : le nouveau processeur am\u00e9liore le contenu en les transformant en 4K, en ajustant la luminosit\u00e9 en fonction de l&#8217;environnement et en adaptant le son en fonction de ce que vous \u00e9coutez.<\/span><\/li>\n<li class=\"a-spacing-mini\"><span class=\"a-list-item\">CLOUD GAMING AVEC GOOGLE STADIA ET NVIDIA GeForce NOW: jouez aux meilleurs titres sans utiliser une console ou un PC. Il vous suffit de brancher un contr\u00f4leur compatible et vous \u00eates pr\u00eat \u00e0 entrer dans l&#8217;action.<\/span><\/li>\n<li class=\"a-spacing-mini\"><span class=\"a-list-item\">Smart TV Web 22 avec t\u00e9l\u00e9commande pointeur : la nouvelle Smart TV vous offre des conseils personnalis\u00e9s et une t\u00e9l\u00e9commande qui rend tout plus simple et intuitif.<\/span><\/li>\n<li class=\"a-spacing-mini\"><span class=\"a-list-item\">De nombreuses plateformes de streaming \u00e0 disposition : Netflix, Disney+, Amazon Prime, DAZN et de nombreuses autres applications sont d\u00e9j\u00e0 pr\u00eates \u00e0 regarder les films, les s\u00e9ries TV les plus en vogue et les \u00e9v\u00e9nements sportifs en direct.<\/span><\/li>\n<li class=\"a-spacing-mini\"><span class=\"a-list-item\">Google Assistant et Alexa int\u00e9gr\u00e9s, compatible Apple Airplay 2 et Homekit : choisissez votre assistant vocal pr\u00e9f\u00e9r\u00e9 et contr\u00f4lez la TV en utilisant votre voix.<\/span><\/li>\n<\/ul>","protected":false},"excerpt":{"rendered":"<ul style=\"font-size: 135%;\">\n<li>Brand: <strong>LG<\/strong><\/li>\n<li>Model:<strong> 75UQ81006LB<\/strong><\/li>\n<li>Taille d&#8217;\u00e9cran: <strong>75\u00a0<\/strong>pouces<\/li>\n<li>R\u00e9solution: <strong>3840\u00d72160 <\/strong>pixels<\/li>\n<li>Affichage: <strong>4K UHD<\/strong><\/li>\n<li>Audio: <strong>20 <\/strong>watts<\/li>\n<li>Connectivit\u00e9: <strong>Bluetooth, wifi, HDMI, Ethernet, USB, Optique\u00a0<\/strong><\/li>\n<li>Dimensions: <strong>96,4\u00d7167,8\u00d75,9<\/strong> cm<\/li>\n<li>Poids: <strong>31,4<\/strong> kg<\/li>\n<\/ul>","protected":false},"featured_media":2846,"comment_status":"open","ping_status":"closed","template":"","meta":[],"product_brand":[],"product_cat":[16,48],"product_tag":[],"class_list":{"0":"post-1678","1":"product","2":"type-product","3":"status-publish","4":"has-post-thumbnail","6":"product_cat-images-et-sons","7":"product_cat-tv-et-moniteur","9":"first","10":"instock","11":"shipping-taxable","12":"purchasable","13":"product-type-simple"},"jetpack_sharing_enabled":true,"_links":{"self":[{"href":"https:\/\/myhappyhome.site\/en\/wp-json\/wp\/v2\/product\/1678","targetHints":{"allow":["GET"]}}],"collection":[{"href":"https:\/\/myhappyhome.site\/en\/wp-json\/wp\/v2\/product"}],"about":[{"href":"https:\/\/myhappyhome.site\/en\/wp-json\/wp\/v2\/types\/product"}],"replies":[{"embeddable":true,"href":"https:\/\/myhappyhome.site\/en\/wp-json\/wp\/v2\/comments?post=1678"}],"wp:featuredmedia":[{"embeddable":true,"href":"https:\/\/myhappyhome.site\/en\/wp-json\/wp\/v2\/media\/2846"}],"wp:attachment":[{"href":"https:\/\/myhappyhome.site\/en\/wp-json\/wp\/v2\/media?parent=1678"}],"wp:term":[{"taxonomy":"product_brand","embeddable":true,"href":"https:\/\/myhappyhome.site\/en\/wp-json\/wp\/v2\/product_brand?post=1678"},{"taxonomy":"product_cat","embeddable":true,"href":"https:\/\/myhappyhome.site\/en\/wp-json\/wp\/v2\/product_cat?post=1678"},{"taxonomy":"product_tag","embeddable":true,"href":"https:\/\/myhappyhome.site\/en\/wp-json\/wp\/v2\/product_tag?post=1678"}],"curies":[{"name":"wp","href":"https:\/\/api.w.org\/{rel}","templated":true}]}}