{"id":1710,"date":"2025-04-25T19:04:11","date_gmt":"2025-04-25T19:04:11","guid":{"rendered":"https:\/\/myhappyhome.site\/?post_type=product&#038;p=1710"},"modified":"2025-09-03T19:13:26","modified_gmt":"2025-09-03T19:13:26","slug":"cafetiere-a-dosettes-philips-senseo-hd6552","status":"publish","type":"product","link":"https:\/\/myhappyhome.site\/en\/boutique\/electromenager\/petit-dejeuner\/cafetiere-a-dosettes-philips-senseo-hd6552\/","title":{"rendered":"PHILIPS Senseo HD6552\/36 Pod Coffee Machine \u2013 0.7 liter \u2013 compliant with European standards"},"content":{"rendered":"<h3 style=\"font-size: 120%; text-align: center;\">PRODUCT DESCRIPTION<\/h3>\n<p style=\"text-align: justify; font-size: 90%; text-indent: 50px;\">PHILIPS HD6552\/36 Senseo Viva Eco \u2022 Fabriqu\u00e9 avec plus de 35 % de plastiques recycl\u00e9s pour les pi\u00e8ces sans contact alimentaire \u2022 Arr\u00eat automatique en mode \u00c9co pour r\u00e9duire de 25 % la consommation d&#8217;\u00e9nergie \u2022 Empreinte carbone globale r\u00e9duite, y compris pour l&#8217;emballage \u2022 Technologie Booster d&#8217;ar\u00f4mes, pour obtenir le meilleur des dosettes SENSEO\u00ae \u2022 Crema plus, pour une couche de cr\u00e8me plus fine et onctueuse<\/p>","protected":false},"excerpt":{"rendered":"<ul style=\"font-size: 135%;\">\n<li>Brand: <strong>Philips<\/strong><\/li>\n<li>Model: <strong>HD6552\/36<\/strong><\/li>\n<li>Capacity: <strong>0.7<\/strong> litre<\/li>\n<li>Power: <strong>1450<\/strong> watts<\/li>\n<li>Repose tasse amovible<\/li>\n<li>Temps de pr\u00e9paration d&#8217;une tasse: <strong>30<\/strong> seconde<\/li>\n<li>Dimensions: <strong>213\u00d7315\u00d7330<\/strong> mm<\/li>\n<li>Couleur: <strong>gris cachemire<\/strong><\/li>\n<\/ul>","protected":false},"featured_media":1711,"comment_status":"open","ping_status":"closed","template":"","meta":[],"product_brand":[],"product_cat":[21,37],"product_tag":[],"class_list":{"0":"post-1710","1":"product","2":"type-product","3":"status-publish","4":"has-post-thumbnail","6":"product_cat-electromenager","7":"product_cat-petit-dejeuner","9":"first","10":"instock","11":"shipping-taxable","12":"purchasable","13":"product-type-simple"},"jetpack_sharing_enabled":true,"_links":{"self":[{"href":"https:\/\/myhappyhome.site\/en\/wp-json\/wp\/v2\/product\/1710","targetHints":{"allow":["GET"]}}],"collection":[{"href":"https:\/\/myhappyhome.site\/en\/wp-json\/wp\/v2\/product"}],"about":[{"href":"https:\/\/myhappyhome.site\/en\/wp-json\/wp\/v2\/types\/product"}],"replies":[{"embeddable":true,"href":"https:\/\/myhappyhome.site\/en\/wp-json\/wp\/v2\/comments?post=1710"}],"wp:featuredmedia":[{"embeddable":true,"href":"https:\/\/myhappyhome.site\/en\/wp-json\/wp\/v2\/media\/1711"}],"wp:attachment":[{"href":"https:\/\/myhappyhome.site\/en\/wp-json\/wp\/v2\/media?parent=1710"}],"wp:term":[{"taxonomy":"product_brand","embeddable":true,"href":"https:\/\/myhappyhome.site\/en\/wp-json\/wp\/v2\/product_brand?post=1710"},{"taxonomy":"product_cat","embeddable":true,"href":"https:\/\/myhappyhome.site\/en\/wp-json\/wp\/v2\/product_cat?post=1710"},{"taxonomy":"product_tag","embeddable":true,"href":"https:\/\/myhappyhome.site\/en\/wp-json\/wp\/v2\/product_tag?post=1710"}],"curies":[{"name":"wp","href":"https:\/\/api.w.org\/{rel}","templated":true}]}}