{"id":1739,"date":"2025-04-30T15:21:29","date_gmt":"2025-04-30T15:21:29","guid":{"rendered":"https:\/\/myhappyhome.site\/?post_type=product&#038;p=1739"},"modified":"2025-09-03T15:57:17","modified_gmt":"2025-09-03T15:57:17","slug":"fer-a-repasser-royalty-line-dbc-2200-864-2","status":"publish","type":"product","link":"https:\/\/myhappyhome.site\/en\/boutique\/electromenager\/repassage\/fer-a-repasser-royalty-line-dbc-2200-864-2\/","title":{"rendered":"ROYALTY LINE DBC-2200.864.2 cordless iron \u2013 compliant with European standards"},"content":{"rendered":"<h3 style=\"font-size: 120%; text-align: center;\">PRODUCT DESCRIPTION<\/h3>\n<p style=\"text-align: justify; font-size: 90%; text-indent: 50px;\">Fer \u00e0 vapeur Royalty Line DBC-2200-864-2 Le fer est un v\u00e9ritable petit miracle de fer \u00e0 repasser ! Pour un repassage vertical, avec une base, au spray ou \u00e0 la vapeur, vous repasserez \u00e0 peu pr\u00e8s tout ! Rideaux, couvertures, v\u00eatements suspendus &#8211; vous repasserez tout tr\u00e8s facilement. Le fer \u00e0 repasser de 2200w avec ses nombreuses options sera un v\u00e9ritable petit assistant dans votre maison. Fabriqu\u00e9 avec des mat\u00e9riaux de qualit\u00e9, avec une plaque en c\u00e9ramique, il dispose d&#8217;une base sur laquelle vous placez le fer \u00e0 chauffer, qui peut \u00e9galement \u00eatre verrouill\u00e9e, mais lorsque vous repassez, vous le retirez de la base et n&#8217;avez aucun c\u00e2ble pour vous d\u00e9ranger. Choisissez le repassage \u00e0 sec, le spray, la vapeur ou m\u00eame r\u00e9glez vous-m\u00eame le niveau de vapeur et chaque pli sera repass\u00e9. La capacit\u00e9 du r\u00e9servoir d&#8217;eau est de 450 ml et la longueur du c\u00e2ble est de 1,9 m. La vitesse de la vapeur est de 15 \u00e0 25 g\/min, le jet est de 0,5 \u00e0 0,7 g\/par utilisation et le jet de vapeur puissant est de 0,5 \u00e0 0,7 g\/par utilisation. La possibilit\u00e9 de repassage vertical vous permettra de repasser plus facilement chemises, rideaux, housses. Caract\u00e9ristiques : &#8211; puissance 2200w &#8211; vapeur, spray et vapeur boost\u00e9e &#8211; longueur du c\u00e2ble 1,9 m &#8211; repassage vertical &#8211; couleur noir-rouge &#8211; r\u00e9servoir 450 ml &#8211; plaque c\u00e9ramique<\/p>","protected":false},"excerpt":{"rendered":"<ul style=\"font-size: 135%;\">\n<li>Brand: <strong>ROYALTY LINE\u00a0<\/strong><\/li>\n<li>Model: <strong>DBC-2200.864.2<\/strong><\/li>\n<li>Capacit\u00e9 du r\u00e9servoir d&#8217;eau : <strong>450<\/strong> ml<\/li>\n<li>Mat\u00e9riau de la plaque : <strong>C\u00e9ramique<\/strong><\/li>\n<li>Power: <strong>2200<\/strong>\u00a0watts<\/li>\n<li>Couleur: <strong>noir+rouge<\/strong><\/li>\n<\/ul>","protected":false},"featured_media":2237,"comment_status":"open","ping_status":"closed","template":"","meta":[],"product_brand":[],"product_cat":[21,38],"product_tag":[],"class_list":{"0":"post-1739","1":"product","2":"type-product","3":"status-publish","4":"has-post-thumbnail","6":"product_cat-electromenager","7":"product_cat-repassage","9":"first","10":"instock","11":"shipping-taxable","12":"purchasable","13":"product-type-simple"},"jetpack_sharing_enabled":true,"_links":{"self":[{"href":"https:\/\/myhappyhome.site\/en\/wp-json\/wp\/v2\/product\/1739","targetHints":{"allow":["GET"]}}],"collection":[{"href":"https:\/\/myhappyhome.site\/en\/wp-json\/wp\/v2\/product"}],"about":[{"href":"https:\/\/myhappyhome.site\/en\/wp-json\/wp\/v2\/types\/product"}],"replies":[{"embeddable":true,"href":"https:\/\/myhappyhome.site\/en\/wp-json\/wp\/v2\/comments?post=1739"}],"wp:featuredmedia":[{"embeddable":true,"href":"https:\/\/myhappyhome.site\/en\/wp-json\/wp\/v2\/media\/2237"}],"wp:attachment":[{"href":"https:\/\/myhappyhome.site\/en\/wp-json\/wp\/v2\/media?parent=1739"}],"wp:term":[{"taxonomy":"product_brand","embeddable":true,"href":"https:\/\/myhappyhome.site\/en\/wp-json\/wp\/v2\/product_brand?post=1739"},{"taxonomy":"product_cat","embeddable":true,"href":"https:\/\/myhappyhome.site\/en\/wp-json\/wp\/v2\/product_cat?post=1739"},{"taxonomy":"product_tag","embeddable":true,"href":"https:\/\/myhappyhome.site\/en\/wp-json\/wp\/v2\/product_tag?post=1739"}],"curies":[{"name":"wp","href":"https:\/\/api.w.org\/{rel}","templated":true}]}}