{"id":1740,"date":"2025-04-30T15:22:11","date_gmt":"2025-04-30T15:22:11","guid":{"rendered":"https:\/\/myhappyhome.site\/?post_type=product&#038;p=1740"},"modified":"2025-09-07T11:00:55","modified_gmt":"2025-09-07T11:00:55","slug":"fer-a-repasser-royal-swiss-dm-2068","status":"publish","type":"product","link":"https:\/\/myhappyhome.site\/en\/boutique\/electromenager\/repassage\/fer-a-repasser-royal-swiss-dm-2068\/","title":{"rendered":"ROYAL SWISS DM-2068 iron \u2013 complies with European standards"},"content":{"rendered":"<h3 style=\"font-size: 120%; text-align: center;\">PRODUCT DESCRIPTION<\/h3>\n<p style=\"text-align: justify; font-size: 90%; text-indent: 50px;\">Le fer a repass\u00e9 <strong>ROYAL SWISS DM2068<\/strong> pour d\u00e9friper impeccablement vos v\u00eatements au quotidien.<br \/>\nLe besoin d&#8217;avoir chez soit un fer \u00e0 repasser devient une n\u00e9cessit\u00e9 dont on ne peut plus se passer. Nous venons vous donner la possibilit\u00e9 de combler le manque chez vous en mati\u00e8re d&#8217;\u00e9lectrom\u00e9nager de qualit\u00e9. Le fer \u00e0 repasser ROYAL SWISS \u00e0 moindre prix est exactement ce qu\u2019il vous faut depuis tout ce temps pour une utilisation m\u00e9nag\u00e8re. Ce fer \u00e0 repasser pas cher est parfait pour vous et pour toute votre famille, il est tr\u00e8s efficace et a une fonctionnalit\u00e9 simple et pratique.<\/p>\n<p style=\"text-align: justify; font-size: 90%; text-indent: 50px;\">Ce fer \u00e0 repasser moins cher, est super l\u00e9ger et tr\u00e8s facile \u00e0 manier. Il vous tient bien \u00e0 la main donc pas d&#8217;inqui\u00e9tude \u00e0 se faire pour des accidents lors de son utilisation. Sa mati\u00e8re en <strong>c\u00e9ramique<\/strong> rend sa semelle lisse, ce qui permet au fer de glisser d\u00e9licatement sur votre v\u00eatement. Son bout pointu vous permettra d&#8217;atteindre facilement n&#8217;importe quel recoin de votre v\u00eatement sans aucun probl\u00e8me. Sans compter que ce fer d\u00e9froisse parfaitement les v\u00eatements donc les tissus sont \u00e9pais sans aucun probl\u00e8me.<\/p>\n<p style=\"text-align: justify; font-size: 90%; text-indent: 50px;\">Gr\u00e2ce \u00e0 sa puissance de <strong>2600W<\/strong> son fonctionnement est parfaitement booster pour un r\u00e9sultat impeccable. Il Alli qualit\u00e9 et efficacit\u00e9 et vous ne risquez pas d&#8217;\u00eatre d\u00e9\u00e7u.<\/p>","protected":false},"excerpt":{"rendered":"<ul style=\"font-size: 135%;\">\n<li>Brand: <strong>Royal Swiss<\/strong><\/li>\n<li>Model: <strong>DM 2068<\/strong><\/li>\n<li>Appropri\u00e9 pour:<\/li>\n<li>Power: <strong>2600<\/strong> watts<\/li>\n<li>Mat\u00e9riau de la semelle: <strong>c\u00e9ramique<\/strong><\/li>\n<li>Capacit\u00e9 du r\u00e9servoir d&#8217;eau: <strong>450<\/strong> ml<\/li>\n<li>Temps de pr\u00e9chauffage de vapeur: <strong>60<\/strong> seconde<\/li>\n<li>Jet de vapeur: 50g\/min<\/li>\n<li>Couleur: <strong>blanc<\/strong> et<strong> brun<\/strong><\/li>\n<\/ul>","protected":false},"featured_media":3823,"comment_status":"open","ping_status":"closed","template":"","meta":[],"product_brand":[],"product_cat":[21,38],"product_tag":[],"class_list":{"0":"post-1740","1":"product","2":"type-product","3":"status-publish","4":"has-post-thumbnail","6":"product_cat-electromenager","7":"product_cat-repassage","9":"first","10":"instock","11":"shipping-taxable","12":"purchasable","13":"product-type-simple"},"jetpack_sharing_enabled":true,"_links":{"self":[{"href":"https:\/\/myhappyhome.site\/en\/wp-json\/wp\/v2\/product\/1740","targetHints":{"allow":["GET"]}}],"collection":[{"href":"https:\/\/myhappyhome.site\/en\/wp-json\/wp\/v2\/product"}],"about":[{"href":"https:\/\/myhappyhome.site\/en\/wp-json\/wp\/v2\/types\/product"}],"replies":[{"embeddable":true,"href":"https:\/\/myhappyhome.site\/en\/wp-json\/wp\/v2\/comments?post=1740"}],"wp:featuredmedia":[{"embeddable":true,"href":"https:\/\/myhappyhome.site\/en\/wp-json\/wp\/v2\/media\/3823"}],"wp:attachment":[{"href":"https:\/\/myhappyhome.site\/en\/wp-json\/wp\/v2\/media?parent=1740"}],"wp:term":[{"taxonomy":"product_brand","embeddable":true,"href":"https:\/\/myhappyhome.site\/en\/wp-json\/wp\/v2\/product_brand?post=1740"},{"taxonomy":"product_cat","embeddable":true,"href":"https:\/\/myhappyhome.site\/en\/wp-json\/wp\/v2\/product_cat?post=1740"},{"taxonomy":"product_tag","embeddable":true,"href":"https:\/\/myhappyhome.site\/en\/wp-json\/wp\/v2\/product_tag?post=1740"}],"curies":[{"name":"wp","href":"https:\/\/api.w.org\/{rel}","templated":true}]}}