{"id":1742,"date":"2025-04-30T17:20:21","date_gmt":"2025-04-30T17:20:21","guid":{"rendered":"https:\/\/myhappyhome.site\/?post_type=product&#038;p=1742"},"modified":"2025-09-07T15:27:48","modified_gmt":"2025-09-07T15:27:48","slug":"friteuse-electrique-zurrichberg-zbp-7626","status":"publish","type":"product","link":"https:\/\/myhappyhome.site\/en\/boutique\/electromenager\/cuissons\/friteuse-electrique-zurrichberg-zbp-7626\/","title":{"rendered":"Zurrichberg ZBP\/7626 Electric Deep Fryer \u2013 5 litres \u2013 compliant with European standards"},"content":{"rendered":"<h3 style=\"font-size: 120%; text-align: center;\">PRODUCT DESCRIPTION<\/h3>\n<p style=\"text-align: justify; font-size: 90%; text-indent: 30px;\">Savourez des collations de frites croustillantes avec cette friteuse avec bo\u00eetier en acier inoxydable et couvercle amovible. Avec sa capacit\u00e9 de<strong> 2\u00d72.5 litres<\/strong>, cette friteuse est le choix parfait pour les r\u00e9unions de famille.<br \/>\nAvec une puissance de <strong>2000<\/strong> watts, la friteuse vous permet de toujours frire les aliments selon votre go\u00fbt. La temp\u00e9rature peut \u00eatre facilement r\u00e9gl\u00e9e jusqu&#8217;\u00e0 <strong>190 \u00b0C<\/strong>.<br \/>\nL&#8217;\u00e9l\u00e9ment chauffant est plac\u00e9 directement dans la graisse de friture liquide. Le capteur de temp\u00e9rature r\u00e9agit donc beaucoup plus rapidement que dans une friteuse classique. Les frites sont rapides \u00e0 pr\u00e9parer et extra croustillantes. Gr\u00e2ce \u00e0 la zone de refroidissement, vous pouvez cuisiner des aliments plus sains et l&#8217;huile reste fra\u00eeche plus longtemps.<br \/>\nVous n&#8217;aurez pas besoin de passer beaucoup de temps \u00e0 le nettoyer, car les diff\u00e9rentes pi\u00e8ces peuvent \u00eatre facilement d\u00e9mont\u00e9es et lav\u00e9es au lave-vaisselle. (hors \u00e9l\u00e9ment chauffant)<\/p>\n<p style=\"text-align: justify; font-size: 90%; text-indent: 50px;\"><strong>CARACT\u00c9RISTIQUES:<\/strong><br \/>\n\u2022 Id\u00e9al pour toute la famille gr\u00e2ce \u00e0 sa capacit\u00e9 de 2\u00d72.5 litres \u2022 Temp\u00e9rature facile \u00e0 r\u00e9gler entre 90 et 190 \u00b0C \u2022 Indicateur de fonctionnement et voyant de chauffage \u2022 La zone de refroidissement vous permet de frire des aliments plus sains et de garder l&#8217;huile fra\u00eeche pendant longtemps, emp\u00eachant les r\u00e9sidus sur le fond de br\u00fbler \u2022 Facile \u00e0 nettoyer, car les pi\u00e8ces d\u00e9tachables peuvent \u00eatre facilement retir\u00e9es et lav\u00e9es au lave-vaisselle (\u00e0 l&#8217;exception de l&#8217;\u00e9l\u00e9ment chauffant)<\/p>\n<p style=\"text-align: justify; font-size: 90%; text-indent: 50px;\"><strong>SPECIFICATION DU PRODUIT<\/strong><br \/>\nMat\u00e9riel: Aluminium<br \/>\nCouleur: Aluminium<br \/>\nHauteur: 200 mm<br \/>\nPrise: Type F (CEE 7\/7)<br \/>\nProfondeur: 410 mm<br \/>\nLargeur: 420 mm<br \/>\nPoign\u00e9e(s) froide(s) au toucher: Oui<br \/>\nConsommation d&#8217;\u00e9nergie maximale: 2000W<br \/>\nBol amovible: Oui<br \/>\nRangement des c\u00e2bles: Oui<br \/>\nTemp\u00e9rature maximale: 190 \u00b0C<br \/>\nLongueur du c\u00e2ble de connexion 0,85 m<br \/>\nTemp\u00e9rature min: 90 \u00b0C<br \/>\nVolume de collecte: 2\u00d72.5 litres<\/p>","protected":false},"excerpt":{"rendered":"<ul style=\"font-size: 135%;\">\n<li>Brand: <strong>ZURICHBERG<\/strong><\/li>\n<li>Model: <strong>ZBP-7626<\/strong><\/li>\n<li>Power: <strong>2000<\/strong> watts<\/li>\n<li>Capacity: <strong>2\u00d72.5<\/strong>\u00a0litres<\/li>\n<li>R\u00e9glage temp\u00e9rature: entre <strong>90\u00b0C<\/strong> et <strong>190\u00b0C<\/strong><\/li>\n<li>Bol amovible<\/li>\n<li>Material: <strong>inox<\/strong><\/li>\n<li>Couleur: <strong>argent<\/strong><\/li>\n<\/ul>","protected":false},"featured_media":3596,"comment_status":"open","ping_status":"closed","template":"","meta":[],"product_brand":[],"product_cat":[40,21],"product_tag":[],"class_list":{"0":"post-1742","1":"product","2":"type-product","3":"status-publish","4":"has-post-thumbnail","6":"product_cat-cuissons","7":"product_cat-electromenager","9":"first","10":"instock","11":"shipping-taxable","12":"purchasable","13":"product-type-simple"},"jetpack_sharing_enabled":true,"_links":{"self":[{"href":"https:\/\/myhappyhome.site\/en\/wp-json\/wp\/v2\/product\/1742","targetHints":{"allow":["GET"]}}],"collection":[{"href":"https:\/\/myhappyhome.site\/en\/wp-json\/wp\/v2\/product"}],"about":[{"href":"https:\/\/myhappyhome.site\/en\/wp-json\/wp\/v2\/types\/product"}],"replies":[{"embeddable":true,"href":"https:\/\/myhappyhome.site\/en\/wp-json\/wp\/v2\/comments?post=1742"}],"wp:featuredmedia":[{"embeddable":true,"href":"https:\/\/myhappyhome.site\/en\/wp-json\/wp\/v2\/media\/3596"}],"wp:attachment":[{"href":"https:\/\/myhappyhome.site\/en\/wp-json\/wp\/v2\/media?parent=1742"}],"wp:term":[{"taxonomy":"product_brand","embeddable":true,"href":"https:\/\/myhappyhome.site\/en\/wp-json\/wp\/v2\/product_brand?post=1742"},{"taxonomy":"product_cat","embeddable":true,"href":"https:\/\/myhappyhome.site\/en\/wp-json\/wp\/v2\/product_cat?post=1742"},{"taxonomy":"product_tag","embeddable":true,"href":"https:\/\/myhappyhome.site\/en\/wp-json\/wp\/v2\/product_tag?post=1742"}],"curies":[{"name":"wp","href":"https:\/\/api.w.org\/{rel}","templated":true}]}}