{"id":1758,"date":"2025-04-30T17:30:16","date_gmt":"2025-04-30T17:30:16","guid":{"rendered":"https:\/\/myhappyhome.site\/?post_type=product&#038;p=1758"},"modified":"2025-09-03T16:16:10","modified_gmt":"2025-09-03T16:16:10","slug":"centrale-vapeur-philips-gc8723","status":"publish","type":"product","link":"https:\/\/myhappyhome.site\/en\/boutique\/electromenager\/repassage\/centrale-vapeur-philips-gc8723\/","title":{"rendered":"PHILIPS GC8723\/20 steam generator \u2013 2600 watts \u2013 complies with European standards"},"content":{"rendered":"<h3 style=\"font-size: 120%; text-align: center;\">PRODUCT DESCRIPTION<\/h3>\n<p style=\"text-align: justify; font-size: 90%; text-indent: 50px;\"><strong>\u00c9liminez les faux plis en toute simplicit\u00e9<\/strong>: la vapeur continue jusqu&#8217;\u00e0 120 g\/min fait le travail pour vous &#8211; Regardez les plis disparaitre avec un d\u00e9bit de vapeur jusqu&#8217;\u00e0 390 g selon vos besoins<\/p>\n<p style=\"text-align: justify; font-size: 90%; text-indent: 50px;\"><strong>Garantie sans br\u00fblure<\/strong>: technologie Optimal TEMP garantit que votre fer \u00e0 repasser vapeur ne br\u00fblera jamais les tissus \u00e0 repasser, m\u00eame s&#8217;il repose sur vos v\u00eatements ou votre planche \u00e0 repasser<\/p>\n<p style=\"text-align: justify; font-size: 90%; text-indent: 50px;\"><strong>Chambre de vaporisation ProVelocity<\/strong>: Une pompe haute pression transf\u00e8re l&#8217;eau du r\u00e9servoir d&#8217;eau au fer. Un grand volume d&#8217;eau circule dans la chambre de vaporisation \u00e0 tr\u00e8s haute vitesse, ce qui permet \u00e0 la semelle de lib\u00e9rer une vapeur tr\u00e8s puissante \u00e0 un d\u00e9bit r\u00e9gulier et ininterrompu sans cr\u00e9er de condensation<\/p>\n<p style=\"text-align: justify; font-size: 90%; text-indent: 50px;\"><strong>Amovible et dot\u00e9 d&#8217;un grand orifice de remplissage<\/strong>, le r\u00e9servoir d&#8217;eau est facile et rapide \u00e0 remplir. Gr\u00e2ce \u00e0 une capacit\u00e9 de 1,8 l, vous pouvez repasser jusqu&#8217;\u00e0 2 heures d&#8217;affil\u00e9e avec un seul remplissage.<\/p>\n<p style=\"text-align: justify; font-size: 90%; text-indent: 50px;\"><strong>L\u00e9ger et compact<\/strong>: se range parfaitement et s&#8217;installe facilement sur votre table \u00e0 repasser &#8211; La technologie exclusive ProVelocity rend nos centrales vapeur plus petites et plus compactes<\/p>","protected":false},"excerpt":{"rendered":"<ul style=\"font-size: 135%;\">\n<li>Brand: <strong>PHILIPS<\/strong><\/li>\n<li>Model: <strong>GC8723\/20<\/strong><\/li>\n<li>Power: <strong>2600<\/strong> watts<\/li>\n<li>Material: <strong>c\u00e9ramique<\/strong><\/li>\n<li>Capacit\u00e9 : <strong>1.8<\/strong> litres<\/li>\n<li>Dimensions:\u200e <strong>22\u00d737\u00d724 <\/strong>cm<\/li>\n<li>Poids fer: <strong>1.22<\/strong> kg<\/li>\n<li>Poids fer+base: <strong>3.2<\/strong> kg<\/li>\n<li>Couleur: <strong>aqua<\/strong><\/li>\n<\/ul>","protected":false},"featured_media":1756,"comment_status":"open","ping_status":"closed","template":"","meta":[],"product_brand":[],"product_cat":[21,38],"product_tag":[],"class_list":{"0":"post-1758","1":"product","2":"type-product","3":"status-publish","4":"has-post-thumbnail","6":"product_cat-electromenager","7":"product_cat-repassage","9":"first","10":"instock","11":"shipping-taxable","12":"purchasable","13":"product-type-simple"},"jetpack_sharing_enabled":true,"_links":{"self":[{"href":"https:\/\/myhappyhome.site\/en\/wp-json\/wp\/v2\/product\/1758","targetHints":{"allow":["GET"]}}],"collection":[{"href":"https:\/\/myhappyhome.site\/en\/wp-json\/wp\/v2\/product"}],"about":[{"href":"https:\/\/myhappyhome.site\/en\/wp-json\/wp\/v2\/types\/product"}],"replies":[{"embeddable":true,"href":"https:\/\/myhappyhome.site\/en\/wp-json\/wp\/v2\/comments?post=1758"}],"wp:featuredmedia":[{"embeddable":true,"href":"https:\/\/myhappyhome.site\/en\/wp-json\/wp\/v2\/media\/1756"}],"wp:attachment":[{"href":"https:\/\/myhappyhome.site\/en\/wp-json\/wp\/v2\/media?parent=1758"}],"wp:term":[{"taxonomy":"product_brand","embeddable":true,"href":"https:\/\/myhappyhome.site\/en\/wp-json\/wp\/v2\/product_brand?post=1758"},{"taxonomy":"product_cat","embeddable":true,"href":"https:\/\/myhappyhome.site\/en\/wp-json\/wp\/v2\/product_cat?post=1758"},{"taxonomy":"product_tag","embeddable":true,"href":"https:\/\/myhappyhome.site\/en\/wp-json\/wp\/v2\/product_tag?post=1758"}],"curies":[{"name":"wp","href":"https:\/\/api.w.org\/{rel}","templated":true}]}}