{"id":1759,"date":"2025-04-30T17:31:57","date_gmt":"2025-04-30T17:31:57","guid":{"rendered":"https:\/\/myhappyhome.site\/?post_type=product&#038;p=1759"},"modified":"2025-09-03T13:24:56","modified_gmt":"2025-09-03T13:24:56","slug":"bouilloire-electrique-royal-swiss-rs-ek10","status":"publish","type":"product","link":"https:\/\/myhappyhome.site\/en\/boutique\/electromenager\/petit-dejeuner\/bouilloire-electrique-royal-swiss-rs-ek10\/","title":{"rendered":"ROYAL SWISS RS-EK10 Electric Kettle \u2013 2.3 Liters \u2013 Complies with European Standards"},"content":{"rendered":"<h3 style=\"font-size: 120%; text-align: center;\">PRODUCT DESCRIPTION<\/h3>\n<p style=\"text-align: justify; font-size: 90%; text-indent: 50px;\">Avec cette bouilloire moderne en acier inoxydable, vous pouvez faire bouillir de l&#8217;eau en tr\u00e8s peu de temps. La bouilloire a une cruche dans laquelle 2,3 litres d&#8217;eau peuvent \u00eatre bouillis et a une puissance de 1500W. De plus, la bouilloire peut pivoter \u00e0 360 degr\u00e9s et est \u00e9quip\u00e9e d&#8217;une protection contre l&#8217;\u00e9bullition \u00e0 sec avec arr\u00eat automatique de l&#8217;\u00e9bullition. Il existe diff\u00e9rentes couleurs disponibles pour ce type de bouilloire, vous pouvez donc choisir la couleur qui convient le mieux \u00e0 votre cuisine.<\/p>\n<p style=\"text-align: justify; font-size: 90%; text-indent: 50px;\">Contenu de pas moins de 2,3 litres. Voulez-vous seulement faire une tasse de th\u00e9 ou un pot entier ? La bouilloire Royal Swiss RS-EK10 a une capacit\u00e9 de 2,3 litres. De cette fa\u00e7on, vous pouvez faire bouillir suffisamment d&#8217;eau pour 10 tasses \u00e0 la fois. Vous ne voulez infuser que 1, 2 ou 3 tasses de th\u00e9 ? Utilisez ensuite le marquage pratique pour ne pas gaspiller d&#8217;eau.<\/p>\n<p style=\"text-align: justify; font-size: 90%; text-indent: 50px;\">Vous pouvez faire pivoter la bouilloire \u00e0 360\u00b0<br \/>\nLa bouilloire repose sur une base pivotante \u00e0 360\u00b0, vous pouvez donc facilement replacer la bouilloire sur la base pivotante. Peu importe si vous \u00eates gaucher ou droitier, avec la base pivotante \u00e0 360\u00b0, vous pouvez le positionner de la mani\u00e8re qui voor jou convient le mieux.<\/p>\n<p style=\"text-align: justify; font-size: 90%; text-indent: 50px;\"><strong>Syst\u00e8me de s\u00e9curit\u00e9 polyvalent<\/strong><br \/>\nLa bouilloire Royal Swiss s&#8217;\u00e9teint automatiquement lorsque la temp\u00e9rature atteint 100 \u00b0C. L&#8217;appareil s&#8217;\u00e9teint \u00e9galement s&#8217;il n&#8217;y a pas assez d&#8217;eau dedans. Vous allumez accidentellement la bouilloire sans eau dedans ? Ensuite, la protection contre l&#8217;\u00e9bullition \u00e0 sec garantit que la bouilloire s&#8217;\u00e9teint automatiquement.<\/p>\n<p style=\"text-align: justify; font-size: 90%; text-indent: 50px;\"><strong>Pop escamotable<\/strong>: avec cette fonction, vous pouvez facilement ouvrir et remplir l&#8217;appareil. La bouilloire Royal Swiss est une conception durable en acier inoxydable bross\u00e9 de qualit\u00e9 alimentaire pour une utilisation durable et fiable.<br \/>\nIndicateur de niveau d&#8217;eau<br \/>\nVous pouvez facilement lire le niveau d&#8217;eau gr\u00e2ce \u00e0 un indicateur sous la poign\u00e9e. La bouilloire est marqu\u00e9e de 1 litre \u00e0 2,3 litres<\/p>\n<p>Vous recevez<br \/>\nBouilloire Royal Swiss RS-EK10<br \/>\nGuide de l&#8217;utilisateur<\/p>","protected":false},"excerpt":{"rendered":"<ul style=\"font-size: 135%;\">\n<li>Brand: <strong>Royal Swiss<\/strong><\/li>\n<li>Model: <strong>RS-EK10<\/strong><\/li>\n<li>Appropri\u00e9 pour: bouillir de l&#8217;eau et th\u00e9&#8230;<\/li>\n<li>Mat\u00e9riau: acier inoxydable<\/li>\n<li>Power: <strong>1500<\/strong> watts<\/li>\n<li>Capacity: <strong>2.3<\/strong> Liters<\/li>\n<li>Interrupteur marche-arr\u00eat avec \u00e9clairage LED<\/li>\n<li>Protection against <strong>overheated<\/strong><\/li>\n<li>Automatic shutdown<\/li>\n<li>Socle d&#8217;alimentation tournant \u00e0 360\u00b0<\/li>\n<li>Couleur: <strong>noir<\/strong><\/li>\n<\/ul>","protected":false},"featured_media":2274,"comment_status":"open","ping_status":"closed","template":"","meta":[],"product_brand":[],"product_cat":[21,37],"product_tag":[],"class_list":{"0":"post-1759","1":"product","2":"type-product","3":"status-publish","4":"has-post-thumbnail","6":"product_cat-electromenager","7":"product_cat-petit-dejeuner","9":"first","10":"instock","11":"shipping-taxable","12":"purchasable","13":"product-type-simple"},"jetpack_sharing_enabled":true,"_links":{"self":[{"href":"https:\/\/myhappyhome.site\/en\/wp-json\/wp\/v2\/product\/1759","targetHints":{"allow":["GET"]}}],"collection":[{"href":"https:\/\/myhappyhome.site\/en\/wp-json\/wp\/v2\/product"}],"about":[{"href":"https:\/\/myhappyhome.site\/en\/wp-json\/wp\/v2\/types\/product"}],"replies":[{"embeddable":true,"href":"https:\/\/myhappyhome.site\/en\/wp-json\/wp\/v2\/comments?post=1759"}],"wp:featuredmedia":[{"embeddable":true,"href":"https:\/\/myhappyhome.site\/en\/wp-json\/wp\/v2\/media\/2274"}],"wp:attachment":[{"href":"https:\/\/myhappyhome.site\/en\/wp-json\/wp\/v2\/media?parent=1759"}],"wp:term":[{"taxonomy":"product_brand","embeddable":true,"href":"https:\/\/myhappyhome.site\/en\/wp-json\/wp\/v2\/product_brand?post=1759"},{"taxonomy":"product_cat","embeddable":true,"href":"https:\/\/myhappyhome.site\/en\/wp-json\/wp\/v2\/product_cat?post=1759"},{"taxonomy":"product_tag","embeddable":true,"href":"https:\/\/myhappyhome.site\/en\/wp-json\/wp\/v2\/product_tag?post=1759"}],"curies":[{"name":"wp","href":"https:\/\/api.w.org\/{rel}","templated":true}]}}