{"id":1820,"date":"2025-05-02T07:50:11","date_gmt":"2025-05-02T07:50:11","guid":{"rendered":"https:\/\/myhappyhome.site\/?post_type=product&#038;p=1820"},"modified":"2025-09-03T13:24:56","modified_gmt":"2025-09-03T13:24:56","slug":"bouilloire-electrique-cloer-art-4721","status":"publish","type":"product","link":"https:\/\/myhappyhome.site\/en\/boutique\/electromenager\/petit-dejeuner\/bouilloire-electrique-cloer-art-4721\/","title":{"rendered":"CLOER Art 4721 Electric Kettle \u2013 1 liter \u2013 complies with European standards"},"content":{"rendered":"<h3 style=\"font-size: 120%; text-align: center;\">PRODUCT DESCRIPTION<\/h3>\n<p style=\"text-align: justify; font-size: 90%; text-indent: 50px;\">La bouilloire \u00e9lectronique CLOER 4721 d&#8217;une contenance de 1 litre est \u00e9quip\u00e9e d&#8217;un affichage du niveau d&#8217;eau, d&#8217;un arr\u00eat de s\u00e9curit\u00e9 pour la protection contre la surchauffe et la marche \u00e0 vide, d&#8217;un couvercle s\u00e9curitaire barr\u00e9, d&#8217;une lampe de contr\u00f4le et d&#8217;un filtre anti-calcaire amovible. Elle poss\u00e8de \u00e9galement un bo\u00eetier en acier inoxydable mat avec des \u00e9l\u00e9ments blancs en plastique.<\/p>\n<p style=\"text-align: justify; font-size: 90%; text-indent: 50px;\">Bouilloire 4721 Couvercle s\u00e9curitaire barr\u00e9. Couvercle automatique avec bouton d\u2019ouverture sur la poign\u00e9e. Base multidirectionnelle 360\u00b0 avec range cordon int\u00e9gr\u00e9. Lampe de contr\u00f4le. Indication de capacit\u00e9 de remplissage \u00e0 l&#8217;int\u00e9rieur. Filtre anti-calcaire. R\u00e9sistance cach\u00e9e. Arr\u00eat automatique \u00e0 \u00e9bullition. Protection contre la surchauffe et en cas de fonctionnement avec manque d&#8217;eau. Bo\u00eetier en acier inoxydable bross\u00e9.<\/p>","protected":false},"excerpt":{"rendered":"<ul style=\"font-size: 135%;\">\n<li>Brand: <strong>CLOER<\/strong><\/li>\n<li>Model: <strong>ART 4721<\/strong><\/li>\n<li>Appropri\u00e9 pour: bouillir eau, th\u00e9&#8230;<\/li>\n<li>Mat\u00e9riau: acier inoxydable<\/li>\n<li>Automatic shutdown<\/li>\n<li>Arr\u00eat de s\u00e9curit\u00e9: Protection contre la surchauffe et la marche \u00e0 vide<\/li>\n<li>Affichage niveau d&#8217;eau<\/li>\n<li>Capacity: <strong>1<\/strong> Litre<\/li>\n<li>Power: <strong>2000<\/strong> watts<\/li>\n<li>Dimensions: \u200e<strong>23.5\u00d715.5\u00d719.5<\/strong> cm<\/li>\n<li>Couleur: <strong>blanc mat<\/strong><\/li>\n<\/ul>","protected":false},"featured_media":2107,"comment_status":"open","ping_status":"closed","template":"","meta":[],"product_brand":[],"product_cat":[21,37],"product_tag":[],"class_list":{"0":"post-1820","1":"product","2":"type-product","3":"status-publish","4":"has-post-thumbnail","6":"product_cat-electromenager","7":"product_cat-petit-dejeuner","9":"first","10":"instock","11":"shipping-taxable","12":"purchasable","13":"product-type-simple"},"jetpack_sharing_enabled":true,"_links":{"self":[{"href":"https:\/\/myhappyhome.site\/en\/wp-json\/wp\/v2\/product\/1820","targetHints":{"allow":["GET"]}}],"collection":[{"href":"https:\/\/myhappyhome.site\/en\/wp-json\/wp\/v2\/product"}],"about":[{"href":"https:\/\/myhappyhome.site\/en\/wp-json\/wp\/v2\/types\/product"}],"replies":[{"embeddable":true,"href":"https:\/\/myhappyhome.site\/en\/wp-json\/wp\/v2\/comments?post=1820"}],"wp:featuredmedia":[{"embeddable":true,"href":"https:\/\/myhappyhome.site\/en\/wp-json\/wp\/v2\/media\/2107"}],"wp:attachment":[{"href":"https:\/\/myhappyhome.site\/en\/wp-json\/wp\/v2\/media?parent=1820"}],"wp:term":[{"taxonomy":"product_brand","embeddable":true,"href":"https:\/\/myhappyhome.site\/en\/wp-json\/wp\/v2\/product_brand?post=1820"},{"taxonomy":"product_cat","embeddable":true,"href":"https:\/\/myhappyhome.site\/en\/wp-json\/wp\/v2\/product_cat?post=1820"},{"taxonomy":"product_tag","embeddable":true,"href":"https:\/\/myhappyhome.site\/en\/wp-json\/wp\/v2\/product_tag?post=1820"}],"curies":[{"name":"wp","href":"https:\/\/api.w.org\/{rel}","templated":true}]}}