{"id":1833,"date":"2025-05-03T16:43:39","date_gmt":"2025-05-03T16:43:39","guid":{"rendered":"https:\/\/myhappyhome.site\/?post_type=product&#038;p=1833"},"modified":"2025-09-22T09:02:47","modified_gmt":"2025-09-22T09:02:47","slug":"masterkitchen-by-9703a","status":"publish","type":"product","link":"https:\/\/myhappyhome.site\/en\/boutique\/electromenager\/mixeurs-robots\/masterkitchen-by-9703a\/","title":{"rendered":"MASTERKITCHEN BY-9703A Multifunction Robot \u2013 compliant with European standards"},"content":{"rendered":"<h3 style=\"font-size: 120%; text-align: center;\">PRODUCT DESCRIPTION<\/h3>\n<p style=\"text-align: justify; text-indent: 30px;\">1. <b>Moteur puissant<\/b>: \u00e9quip\u00e9 d&#8217;un batteur sur socle 4 en 1 pour offrir d&#8217;excellentes performances ; Des moteurs puissants assurent un m\u00e9lange, une agitation et un broyage efficaces.<\/p>\n<p style=\"text-align: justify; text-indent: 30px;\">2. <b>Grande capacit\u00e9<\/b>: le bol m\u00e9langeur en acier inoxydable de 8 L est parfait pour les besoins typiques en cuisine, ce qui facilite la pr\u00e9paration du pain, des g\u00e2teaux et des desserts ; La conception \u00e0 rainure de verrouillage maintient le bol solidement en place, garantissant un fonctionnement stable du mixeur.<\/p>\n<p style=\"text-align: justify; text-indent: 30px;\">3. <b>Ensemble d&#8217;accessoires complet<\/b>: le batteur sur socle MasterKitchen est livr\u00e9 avec un ensemble d&#8217;accessoires polyvalents : un crochet p\u00e9trisseur en aluminium pour p\u00e9trir la p\u00e2te, un batteur en fil d&#8217;acier inoxydable pour m\u00e9langer et m\u00e9langer, un batteur en aluminium pour m\u00e9langer, un hachoir \u00e0 viande pour saucisses et hamburgers, et un 1.M\u00e9langeur de jus haute capacit\u00e9 de 1.5 litres pour smoothies frais; Tous les outils dont vous avez besoin sont \u00e0 port\u00e9e de main!<\/p>\n<p style=\"text-align: justify; text-indent: 30px;\">4. <b>L&#8217;option polyvalente pour les cuisines limit\u00e9es est conviviale et s\u00fbre<\/b>: les batteurs sur socle MasterKitchen pr\u00e9sentent une conception \u00e0 t\u00eate inclinable qui facilite le changement des bols et des accessoires; L&#8217;alimentation \u00e9lectrique s&#8217;arr\u00eatera automatiquement lorsqu&#8217;elle sera inclin\u00e9e vers le haut et le m\u00e9canisme de protection contre la surchauffe assure la s\u00e9curit\u00e9 d&#8217;utilisation; De plus, le couvercle transparent r\u00e9sistant aux \u00e9claboussures permet d&#8217;ajouter facilement des ingr\u00e9dients en toute s\u00e9curit\u00e9, tandis que l&#8217;\u00e9tat du m\u00e9langeur dans le tambour peut \u00eatre facilement v\u00e9rifi\u00e9.<\/p>","protected":false},"excerpt":{"rendered":"<ul style=\"font-size: 135%;\">\n<li>Brand: <strong>MASTERKITCHEN<\/strong><\/li>\n<li>Model: <strong>BY-9703A<\/strong><\/li>\n<li>Power: <strong>1800<\/strong> watts<\/li>\n<li>Mat\u00e9riau: logement en plastique ABS<\/li>\n<li>Accessoires standard: 1 crochet de p\u00e2te, 1 batteur \u00e0 m\u00e9langer, 1 fouet \u00e0 \u0153ufs, 1 bol \u00e0 m\u00e9langer 8 litres<\/li>\n<li>Capacity: <strong>8<\/strong> litres<\/li>\n<li>Poids: <strong>6<\/strong> kg<\/li>\n<li>Couleur: <strong>rouge, argent<\/strong><\/li>\n<\/ul>","protected":false},"featured_media":1867,"comment_status":"open","ping_status":"closed","template":"","meta":[],"product_brand":[],"product_cat":[21,36],"product_tag":[],"class_list":{"0":"post-1833","1":"product","2":"type-product","3":"status-publish","4":"has-post-thumbnail","6":"product_cat-electromenager","7":"product_cat-mixeurs-robots","9":"first","10":"instock","11":"shipping-taxable","12":"purchasable","13":"product-type-simple"},"jetpack_sharing_enabled":true,"_links":{"self":[{"href":"https:\/\/myhappyhome.site\/en\/wp-json\/wp\/v2\/product\/1833","targetHints":{"allow":["GET"]}}],"collection":[{"href":"https:\/\/myhappyhome.site\/en\/wp-json\/wp\/v2\/product"}],"about":[{"href":"https:\/\/myhappyhome.site\/en\/wp-json\/wp\/v2\/types\/product"}],"replies":[{"embeddable":true,"href":"https:\/\/myhappyhome.site\/en\/wp-json\/wp\/v2\/comments?post=1833"}],"wp:featuredmedia":[{"embeddable":true,"href":"https:\/\/myhappyhome.site\/en\/wp-json\/wp\/v2\/media\/1867"}],"wp:attachment":[{"href":"https:\/\/myhappyhome.site\/en\/wp-json\/wp\/v2\/media?parent=1833"}],"wp:term":[{"taxonomy":"product_brand","embeddable":true,"href":"https:\/\/myhappyhome.site\/en\/wp-json\/wp\/v2\/product_brand?post=1833"},{"taxonomy":"product_cat","embeddable":true,"href":"https:\/\/myhappyhome.site\/en\/wp-json\/wp\/v2\/product_cat?post=1833"},{"taxonomy":"product_tag","embeddable":true,"href":"https:\/\/myhappyhome.site\/en\/wp-json\/wp\/v2\/product_tag?post=1833"}],"curies":[{"name":"wp","href":"https:\/\/api.w.org\/{rel}","templated":true}]}}