{"id":1871,"date":"2025-05-03T17:07:44","date_gmt":"2025-05-03T17:07:44","guid":{"rendered":"https:\/\/myhappyhome.site\/?post_type=product&#038;p=1871"},"modified":"2025-09-03T15:37:49","modified_gmt":"2025-09-03T15:37:49","slug":"royal-swiss-30ug84","status":"publish","type":"product","link":"https:\/\/myhappyhome.site\/en\/boutique\/electromenager\/cuissons\/royal-swiss-30ug84\/","title":{"rendered":"ROYAL SWISS 30UG84 Microwave Oven \u2013 30 litres \u2013 complies with European standards"},"content":{"rendered":"<h3 style=\"font-size: 120%; text-align: center;\">PRODUCT DESCRIPTION<\/h3>\n<p style=\"text-align: justify; font-size: 90%; text-indent: 50px;\">N\u2019attendez plus D\u00e9couvrez maintenant le tout nouveau four \u00e0 micro-ondes combi <strong>2 in 1<\/strong> \u2013 <strong>30 Litres<\/strong> de chez Royal Swiss ! Gr\u00e2ce \u00e0 la technologie exclusive, notre four \u00e0 micro-onde vous permettra de go\u00fbter, chez vous, aux mets les plus fins de la haute gastronomie. Le four \u00e0 micro-ondes combi a une capacit\u00e9 de 30 litres et dispose de nombreux modes de cuisson. <strong>Un four<\/strong> pour <strong>cuire<\/strong> de fa\u00e7on optimale, <strong>un gril<\/strong> puissant pour <strong>griller et r\u00f4tir<\/strong>, des fonctions intelligentes pour <strong>r\u00e9chauffer ou d\u00e9givrer<\/strong>. Avec son option de <strong>convection<\/strong> le micro \u2013 onde dispose d\u2019une fonction chaleur tournante qui permet gr\u00e2ce \u00e0 un ventilateur int\u00e9gr\u00e9 de chauffer tout le four \u00e0 la m\u00eame temp\u00e9rature. De plus, son apparence \u00e9l\u00e9gante s\u2019int\u00e8gre parfaitement \u00e0 votre int\u00e9rieur.<\/p>","protected":false},"excerpt":{"rendered":"<ul style=\"font-size: 135%;\">\n<li>Brand: <strong>Royal Swiss<\/strong><\/li>\n<li>Model: <strong>30UG84<\/strong><\/li>\n<li>Capacity: <strong>30<\/strong> Liters<\/li>\n<li>Fonction d\u00e9cong\u00e9lation<\/li>\n<li>5 positions r\u00e9glables<\/li>\n<li>Horloge Analogique<\/li>\n<li>Plateau tournant automatique 31,5 cm<\/li>\n<li>Minuterie r\u00e9glable avec signal 30 minutes<\/li>\n<li>Puissance : <strong>1000<\/strong> watts<\/li>\n<li>Couleur: <strong>argent+noir<\/strong><\/li>\n<\/ul>","protected":false},"featured_media":1839,"comment_status":"open","ping_status":"closed","template":"","meta":[],"product_brand":[],"product_cat":[40,21],"product_tag":[],"class_list":{"0":"post-1871","1":"product","2":"type-product","3":"status-publish","4":"has-post-thumbnail","6":"product_cat-cuissons","7":"product_cat-electromenager","9":"first","10":"instock","11":"shipping-taxable","12":"purchasable","13":"product-type-simple"},"jetpack_sharing_enabled":true,"_links":{"self":[{"href":"https:\/\/myhappyhome.site\/en\/wp-json\/wp\/v2\/product\/1871","targetHints":{"allow":["GET"]}}],"collection":[{"href":"https:\/\/myhappyhome.site\/en\/wp-json\/wp\/v2\/product"}],"about":[{"href":"https:\/\/myhappyhome.site\/en\/wp-json\/wp\/v2\/types\/product"}],"replies":[{"embeddable":true,"href":"https:\/\/myhappyhome.site\/en\/wp-json\/wp\/v2\/comments?post=1871"}],"wp:featuredmedia":[{"embeddable":true,"href":"https:\/\/myhappyhome.site\/en\/wp-json\/wp\/v2\/media\/1839"}],"wp:attachment":[{"href":"https:\/\/myhappyhome.site\/en\/wp-json\/wp\/v2\/media?parent=1871"}],"wp:term":[{"taxonomy":"product_brand","embeddable":true,"href":"https:\/\/myhappyhome.site\/en\/wp-json\/wp\/v2\/product_brand?post=1871"},{"taxonomy":"product_cat","embeddable":true,"href":"https:\/\/myhappyhome.site\/en\/wp-json\/wp\/v2\/product_cat?post=1871"},{"taxonomy":"product_tag","embeddable":true,"href":"https:\/\/myhappyhome.site\/en\/wp-json\/wp\/v2\/product_tag?post=1871"}],"curies":[{"name":"wp","href":"https:\/\/api.w.org\/{rel}","templated":true}]}}