{"id":1872,"date":"2025-05-03T17:13:49","date_gmt":"2025-05-03T17:13:49","guid":{"rendered":"https:\/\/myhappyhome.site\/?post_type=product&#038;p=1872"},"modified":"2025-09-03T15:53:58","modified_gmt":"2025-09-03T15:53:58","slug":"samsung-ms23k3515as","status":"publish","type":"product","link":"https:\/\/myhappyhome.site\/en\/boutique\/electromenager\/cuissons\/samsung-ms23k3515as\/","title":{"rendered":"SAMSUNG MS23K3515AS Microwave Oven \u2013 23 litres \u2013 complies with European standards"},"content":{"rendered":"<h3 style=\"font-size: 120%; text-align: center;\">PRODUCT DESCRIPTION<\/h3>\n<p style=\"text-align: justify; font-size: 90%; text-indent: 50px;\"><strong>FONCTION QUICK DEFROST :<\/strong><br \/>\nGr\u00e2ce \u00e0 un nouvel algorithme, cette technologie r\u00e9duit de mani\u00e8re importante le temps de d\u00e9cong\u00e9lation n\u00e9cessaire aux aliments, tout en r\u00e9servant l&#8217;aspect et les qualit\u00e9s nutritionnelles.<\/p>\n<p style=\"text-align: justify; font-size: 90%; text-indent: 50px;\"><strong>FONCTION MAINTIEN AU CHAUD :<\/strong><br \/>\nSi vous pr\u00e9parez plusieurs plats \u00e0 la fois, la fonction Maintien au chaud les garde \u00e0 la bonne temp\u00e9rature, sans continuer de les cuire. Ils restent alors chauds et savoureux et sont pr\u00eats \u00e0 servir.<\/p>\n<p style=\"text-align: justify; font-size: 90%; text-indent: 50px;\"><strong>CAVIT\u00c9 EN C\u00c9RAMIQUE:<\/strong><br \/>\nLa cavit\u00e9 en c\u00e9ramique offre non seulement de meilleures performances de cuisson mais aussi une excellente r\u00e9sistance \u00e0 l&#8217;usure et \u00e0 l&#8217;abrasion, tout en facilitant le nettoyage.<\/p>\n<p style=\"text-align: justify; font-size: 90%; text-indent: 50px;\"><strong>MODE \u00c9CONOMIE D&#8217;\u00c9NERGIE:<\/strong><br \/>\nM\u00eame en veille, les micro-ondes utilisent de l&#8217;\u00e9nergie pour certaines fonctions. S\u00e9lectionnez le mode ECO pour limiter cette utilisation et ainsi r\u00e9duire la consommation et la facture \u00e9nerg\u00e9tique.<\/p>\n<p style=\"text-align: justify; font-size: 90%; text-indent: 50px;\"><strong>RECETTES LOCALES:<\/strong><br \/>\nSatisfaisez vos envies de gouter des plats traditionnels en utilisant une vari\u00e9t\u00e9 de recette saine pr\u00e9-programm\u00e9e. Cr\u00e9er ainsi n&#8217;importe quels plats avec un simple bouton et sauver du temps dans la pr\u00e9paration. Comptoir Micro-onde simple 23 L 800 W, couleur argent, Fonction garder au chaud, Fonction de d\u00e9cong\u00e9lation, Plateau 28,8 cm, Boutons rotatif, Horloge Led int\u00e9gr\u00e9e, Nombre de niveaux de puissance: 6 .<\/p>","protected":false},"excerpt":{"rendered":"<ul style=\"font-size: 135%;\">\n<li>Brand: <strong>SAMSUNG<\/strong><\/li>\n<li>Model: <strong>MS23K3515AS<\/strong><\/li>\n<li>Capacity: <strong>23<\/strong> Liters<\/li>\n<li>Fonction d\u00e9cong\u00e9lation<\/li>\n<li>6 positions r\u00e9glables<\/li>\n<li>\u00c9cran Led<\/li>\n<li>Plateau tournant automatique <strong>28.8<\/strong> cm<\/li>\n<li>Minuterie r\u00e9glable avec signal 30 minutes<\/li>\n<li>Puissance : <strong>800<\/strong> watts<\/li>\n<li>Dimensions: <strong>48.9\u00d737.4\u00d727.5<\/strong> cm<\/li>\n<li>Poids: <strong>12<\/strong> kg<\/li>\n<li>Couleur: <strong>argent+noir<\/strong><\/li>\n<\/ul>","protected":false},"featured_media":1845,"comment_status":"open","ping_status":"closed","template":"","meta":[],"product_brand":[],"product_cat":[40,21],"product_tag":[],"class_list":{"0":"post-1872","1":"product","2":"type-product","3":"status-publish","4":"has-post-thumbnail","6":"product_cat-cuissons","7":"product_cat-electromenager","9":"first","10":"instock","11":"shipping-taxable","12":"purchasable","13":"product-type-simple"},"jetpack_sharing_enabled":true,"_links":{"self":[{"href":"https:\/\/myhappyhome.site\/en\/wp-json\/wp\/v2\/product\/1872","targetHints":{"allow":["GET"]}}],"collection":[{"href":"https:\/\/myhappyhome.site\/en\/wp-json\/wp\/v2\/product"}],"about":[{"href":"https:\/\/myhappyhome.site\/en\/wp-json\/wp\/v2\/types\/product"}],"replies":[{"embeddable":true,"href":"https:\/\/myhappyhome.site\/en\/wp-json\/wp\/v2\/comments?post=1872"}],"wp:featuredmedia":[{"embeddable":true,"href":"https:\/\/myhappyhome.site\/en\/wp-json\/wp\/v2\/media\/1845"}],"wp:attachment":[{"href":"https:\/\/myhappyhome.site\/en\/wp-json\/wp\/v2\/media?parent=1872"}],"wp:term":[{"taxonomy":"product_brand","embeddable":true,"href":"https:\/\/myhappyhome.site\/en\/wp-json\/wp\/v2\/product_brand?post=1872"},{"taxonomy":"product_cat","embeddable":true,"href":"https:\/\/myhappyhome.site\/en\/wp-json\/wp\/v2\/product_cat?post=1872"},{"taxonomy":"product_tag","embeddable":true,"href":"https:\/\/myhappyhome.site\/en\/wp-json\/wp\/v2\/product_tag?post=1872"}],"curies":[{"name":"wp","href":"https:\/\/api.w.org\/{rel}","templated":true}]}}