{"id":1874,"date":"2025-05-03T17:20:51","date_gmt":"2025-05-03T17:20:51","guid":{"rendered":"https:\/\/myhappyhome.site\/?post_type=product&#038;p=1874"},"modified":"2025-09-03T15:49:53","modified_gmt":"2025-09-03T15:49:53","slug":"royal-swiss-20mx64-l","status":"publish","type":"product","link":"https:\/\/myhappyhome.site\/en\/boutique\/electromenager\/cuissons\/royal-swiss-20mx64-l\/","title":{"rendered":"ROYAL SWISS 20MX64-L Microwave Oven \u2013 20 liters \u2013 complies with European standards"},"content":{"rendered":"<h3 style=\"font-size: 120%; text-align: center;\">PRODUCT DESCRIPTION<\/h3>\n<p style=\"text-align: justify; font-size: 90%; text-indent: 50px;\">Le design de la nouvelle gamme de micro-ondes Royal Swiss est en parfaite harmonie et \u00e9l\u00e9gance (design miroir). Ils sont toujours plus rapides et plus efficaces, vous faisant gagner un temps pr\u00e9cieux chaque jour. Gr\u00e2ce \u00e0 leur manipulation ais\u00e9e et leur ergonomie, vous pouvez cuisiner selon vos envies et chauffer tous types d&#8217;aliments.<\/p>","protected":false},"excerpt":{"rendered":"<ul style=\"font-size: 135%;\">\n<li>Brand: <strong>Royal Swiss<\/strong><\/li>\n<li>Model: <strong>20MX64-L<\/strong><\/li>\n<li>Capacity: <strong>20<\/strong> Liters<\/li>\n<li>Fonction d\u00e9cong\u00e9lation<\/li>\n<li>6 positions r\u00e9glables<\/li>\n<li>Horloge Analogique<\/li>\n<li>Plateau tournant automatique 24.5 cm<\/li>\n<li>Minuterie r\u00e9glable avec signal 30 minutes<\/li>\n<li>Puissance : <strong>700<\/strong> watts<\/li>\n<li>Couleur: <strong>argent+noir<\/strong><\/li>\n<\/ul>","protected":false},"featured_media":2133,"comment_status":"open","ping_status":"closed","template":"","meta":[],"product_brand":[],"product_cat":[40,21],"product_tag":[],"class_list":{"0":"post-1874","1":"product","2":"type-product","3":"status-publish","4":"has-post-thumbnail","6":"product_cat-cuissons","7":"product_cat-electromenager","9":"first","10":"instock","11":"shipping-taxable","12":"purchasable","13":"product-type-simple"},"jetpack_sharing_enabled":true,"_links":{"self":[{"href":"https:\/\/myhappyhome.site\/en\/wp-json\/wp\/v2\/product\/1874","targetHints":{"allow":["GET"]}}],"collection":[{"href":"https:\/\/myhappyhome.site\/en\/wp-json\/wp\/v2\/product"}],"about":[{"href":"https:\/\/myhappyhome.site\/en\/wp-json\/wp\/v2\/types\/product"}],"replies":[{"embeddable":true,"href":"https:\/\/myhappyhome.site\/en\/wp-json\/wp\/v2\/comments?post=1874"}],"wp:featuredmedia":[{"embeddable":true,"href":"https:\/\/myhappyhome.site\/en\/wp-json\/wp\/v2\/media\/2133"}],"wp:attachment":[{"href":"https:\/\/myhappyhome.site\/en\/wp-json\/wp\/v2\/media?parent=1874"}],"wp:term":[{"taxonomy":"product_brand","embeddable":true,"href":"https:\/\/myhappyhome.site\/en\/wp-json\/wp\/v2\/product_brand?post=1874"},{"taxonomy":"product_cat","embeddable":true,"href":"https:\/\/myhappyhome.site\/en\/wp-json\/wp\/v2\/product_cat?post=1874"},{"taxonomy":"product_tag","embeddable":true,"href":"https:\/\/myhappyhome.site\/en\/wp-json\/wp\/v2\/product_tag?post=1874"}],"curies":[{"name":"wp","href":"https:\/\/api.w.org\/{rel}","templated":true}]}}