{"id":1875,"date":"2025-05-03T17:25:38","date_gmt":"2025-05-03T17:25:38","guid":{"rendered":"https:\/\/myhappyhome.site\/?post_type=product&#038;p=1875"},"modified":"2025-09-03T15:52:42","modified_gmt":"2025-09-03T15:52:42","slug":"panasonic-nn-k12jmmepg","status":"publish","type":"product","link":"https:\/\/myhappyhome.site\/en\/boutique\/electromenager\/cuissons\/panasonic-nn-k12jmmepg\/","title":{"rendered":"PANASONIC NN-K12JMMEPG Microwave Oven \u2013 20 litres \u2013 complies with European standards"},"content":{"rendered":"<h3 style=\"font-size: 120%; text-align: center;\">PRODUCT DESCRIPTION<\/h3>\n<p style=\"text-align: justify; font-size: 90%; text-indent: 50px;\">Four \u00e0 micro-ondes, puissance 800 W, capacit\u00e9 20 L, commandes m\u00e9caniques, cavit\u00e9 en acrylique, couleur argent. Le four \u00e0 micro-ondes Panasonic NN-K12JMMEPG, dot\u00e9 d&#8217;un plateau tournant en verre de 25,5 cm, vous permet de pr\u00e9parer de d\u00e9licieux plats en un rien de temps. Facile \u00e0 utiliser gr\u00e2ce aux deux monop\u00f4les pour s\u00e9lectionner la puissance et l&#8217;heure, il permet de choisir la m\u00e9thode de cuisson la mieux adapt\u00e9e en s\u00e9lectionnant l&#8217;un des cinq r\u00e9glages.<\/p>\n<p style=\"text-align: justify; font-size: 90%; text-indent: 50px;\">Id\u00e9al pour tous les plans de travail, ce micro-ondes offre une capacit\u00e9 de 20 litres. Le four \u00e0 micro-ondes NN-K12JMMEPG dot\u00e9 d&#8217;une puissance de 800 W vous permet d&#8217;appr\u00e9cier de d\u00e9licieux repas en un rien de temps. Ce four \u00e0 micro-ondes est tr\u00e8s facile \u00e0 utiliser gr\u00e2ce aux deux molettes permettant de r\u00e9gler la puissance et la dur\u00e9e de la cuisson. Les 5 niveaux de puissance disponibles vous permettent de choisir le mode de cuisson qui vous convient. Plateau tournant 25,5 cm avec un design \u00e9pur\u00e9 et moderne pour les cuisines actuelles<\/p>","protected":false},"excerpt":{"rendered":"<ul style=\"font-size: 135%;\">\n<li>Brand: <strong>PANASONIC<\/strong><\/li>\n<li>Model: <strong>NN-K12JMMEPG<\/strong><\/li>\n<li>Capacity: <strong>20<\/strong> Liters<\/li>\n<li>Fonctions: <strong>d\u00e9cong\u00e9lation<\/strong>, <strong>cuisson<\/strong>, <strong>grill<\/strong><\/li>\n<li>5 positions r\u00e9glables<\/li>\n<li>Plateau tournant automatique <strong>25,5<\/strong> cm<\/li>\n<li>Minuterie r\u00e9glable<\/li>\n<li>Puissance : micro-ondes <strong>800<\/strong> watts; grill <strong>1000<\/strong> watts<\/li>\n<li>Dimensions: appareil <strong>44.3\u00d734\u00d725.8<\/strong> cm; cavit\u00e9 <strong>30.6\u00d730.8\u00d721.5<\/strong> cm<\/li>\n<li>Poids: <strong>12<\/strong> kg<\/li>\n<li>Couleur: <strong>blanc<\/strong><\/li>\n<\/ul>","protected":false},"featured_media":1846,"comment_status":"open","ping_status":"closed","template":"","meta":[],"product_brand":[],"product_cat":[40,21],"product_tag":[],"class_list":{"0":"post-1875","1":"product","2":"type-product","3":"status-publish","4":"has-post-thumbnail","6":"product_cat-cuissons","7":"product_cat-electromenager","9":"first","10":"instock","11":"shipping-taxable","12":"purchasable","13":"product-type-simple"},"jetpack_sharing_enabled":true,"_links":{"self":[{"href":"https:\/\/myhappyhome.site\/en\/wp-json\/wp\/v2\/product\/1875","targetHints":{"allow":["GET"]}}],"collection":[{"href":"https:\/\/myhappyhome.site\/en\/wp-json\/wp\/v2\/product"}],"about":[{"href":"https:\/\/myhappyhome.site\/en\/wp-json\/wp\/v2\/types\/product"}],"replies":[{"embeddable":true,"href":"https:\/\/myhappyhome.site\/en\/wp-json\/wp\/v2\/comments?post=1875"}],"wp:featuredmedia":[{"embeddable":true,"href":"https:\/\/myhappyhome.site\/en\/wp-json\/wp\/v2\/media\/1846"}],"wp:attachment":[{"href":"https:\/\/myhappyhome.site\/en\/wp-json\/wp\/v2\/media?parent=1875"}],"wp:term":[{"taxonomy":"product_brand","embeddable":true,"href":"https:\/\/myhappyhome.site\/en\/wp-json\/wp\/v2\/product_brand?post=1875"},{"taxonomy":"product_cat","embeddable":true,"href":"https:\/\/myhappyhome.site\/en\/wp-json\/wp\/v2\/product_cat?post=1875"},{"taxonomy":"product_tag","embeddable":true,"href":"https:\/\/myhappyhome.site\/en\/wp-json\/wp\/v2\/product_tag?post=1875"}],"curies":[{"name":"wp","href":"https:\/\/api.w.org\/{rel}","templated":true}]}}