{"id":1876,"date":"2025-05-03T17:57:03","date_gmt":"2025-05-03T17:57:03","guid":{"rendered":"https:\/\/myhappyhome.site\/?post_type=product&#038;p=1876"},"modified":"2025-09-22T09:12:17","modified_gmt":"2025-09-22T09:12:17","slug":"royal-swiss-my-614","status":"publish","type":"product","link":"https:\/\/myhappyhome.site\/en\/boutique\/electromenager\/mixeurs-robots\/royal-swiss-my-614\/","title":{"rendered":"Extracteur de jus de fruits et l\u00e9gumes ROYAL SWISS MY-614 &#8211; 4 en 1 &#8211; conforme aux normes europ\u00e9ennes"},"content":{"rendered":"<h3 style=\"font-size: 120%; text-align: center;\">PRODUCT DESCRIPTION<\/h3>\n<p style=\"text-align: justify; font-size: 90%; text-indent: 50px;\">Extracteur (centrifugeuse) de jus de fruits et l\u00e9gumes + Blender + hachoir + moulin \u00e0 caf\u00e9.<br \/>\nqualit\u00e9 nutritive !<br \/>\nMettre le fruit entier, il n&#8217;est pas n\u00e9cessaire de le couper<br \/>\nSimple et \u00e9l\u00e9gante<br \/>\nprotection anti-surchauffe<br \/>\nPresse-agrumes automatique professionnel dans un bo\u00eetier en inox de haute qualit\u00e9<br \/>\nJus de fruits et de l\u00e9gumes pr\u00e9par\u00e9s rapidement et fra\u00eechement<br \/>\nRiche en min\u00e9raux essentiels pour le bien-\u00eatre, la forme physique et la sant\u00e9<br \/>\n30% plus de jus et de vitamines<br \/>\nBec de remplissage extra large (75 mm \u00d8)<br \/>\nExtrait le jus de pommes, carottes et autres fruits en quelques secondes sans avoir \u00e0 les hacher<br \/>\nMoteur puissant de 900 watts max.<br \/>\nR\u00e9cipient \u00e0 p\u00e2te \u00e0 grand volume (capacit\u00e9 d&#8217;environ 2,0 litres)<br \/>\nBec verseur en acier inoxydable ouvert<br \/>\nBec verseur anti-gouttes flexible &#8211; sans \u00e9claboussures ni essuyage<br \/>\n2 r\u00e9glages de vitesse (0-1-2)<br \/>\nSerrure avec interrupteur de s\u00e9curit\u00e9<\/p>","protected":false},"excerpt":{"rendered":"<ul style=\"font-size: 135%;\">\n<li>Brand: <strong>Royal Swiss<\/strong><\/li>\n<li>Model: <strong>MY-614<\/strong><\/li>\n<li>Fonctions: centrifugeuse, mixeur, hachoir, moulin \u00e0 caf\u00e9<\/li>\n<li>Power: <strong>900<\/strong> watts<\/li>\n<li>Vitesse r\u00e9glable: <strong>02<\/strong><\/li>\n<li>Protection anti surchauffe.<\/li>\n<li>Capacit\u00e9 r\u00e9cipient: <strong>02\u00a0<\/strong>litres<\/li>\n<li>Couleur: <strong>gris+noir<\/strong><\/li>\n<\/ul>","protected":false},"featured_media":1837,"comment_status":"open","ping_status":"closed","template":"","meta":[],"product_brand":[],"product_cat":[21,36],"product_tag":[],"class_list":{"0":"post-1876","1":"product","2":"type-product","3":"status-publish","4":"has-post-thumbnail","6":"product_cat-electromenager","7":"product_cat-mixeurs-robots","9":"first","10":"instock","11":"shipping-taxable","12":"purchasable","13":"product-type-simple"},"jetpack_sharing_enabled":true,"_links":{"self":[{"href":"https:\/\/myhappyhome.site\/en\/wp-json\/wp\/v2\/product\/1876","targetHints":{"allow":["GET"]}}],"collection":[{"href":"https:\/\/myhappyhome.site\/en\/wp-json\/wp\/v2\/product"}],"about":[{"href":"https:\/\/myhappyhome.site\/en\/wp-json\/wp\/v2\/types\/product"}],"replies":[{"embeddable":true,"href":"https:\/\/myhappyhome.site\/en\/wp-json\/wp\/v2\/comments?post=1876"}],"wp:featuredmedia":[{"embeddable":true,"href":"https:\/\/myhappyhome.site\/en\/wp-json\/wp\/v2\/media\/1837"}],"wp:attachment":[{"href":"https:\/\/myhappyhome.site\/en\/wp-json\/wp\/v2\/media?parent=1876"}],"wp:term":[{"taxonomy":"product_brand","embeddable":true,"href":"https:\/\/myhappyhome.site\/en\/wp-json\/wp\/v2\/product_brand?post=1876"},{"taxonomy":"product_cat","embeddable":true,"href":"https:\/\/myhappyhome.site\/en\/wp-json\/wp\/v2\/product_cat?post=1876"},{"taxonomy":"product_tag","embeddable":true,"href":"https:\/\/myhappyhome.site\/en\/wp-json\/wp\/v2\/product_tag?post=1876"}],"curies":[{"name":"wp","href":"https:\/\/api.w.org\/{rel}","templated":true}]}}