{"id":1877,"date":"2025-05-03T18:09:00","date_gmt":"2025-05-03T18:09:00","guid":{"rendered":"https:\/\/myhappyhome.site\/?post_type=product&#038;p=1877"},"modified":"2025-09-03T13:06:23","modified_gmt":"2025-09-03T13:06:23","slug":"royal-swiss-my-613","status":"publish","type":"product","link":"https:\/\/myhappyhome.site\/en\/boutique\/electromenager\/mixeurs-robots\/royal-swiss-my-613\/","title":{"rendered":"ROYAL SWISS MY-613 Fruit and Vegetable Juice Extractor \u2013 Complies with European Standards"},"content":{"rendered":"<h3 style=\"font-size: 120%; text-align: center;\">PRODUCT DESCRIPTION<\/h3>\n<p style=\"text-align: justify; font-size: 90%; text-indent: 50px;\">Cet extracteur de jus de fruits et l\u00e9gumes ROYAL SWISS de 600 W est simple, \u00e9l\u00e9gant et pratique. Il permet d&#8217;extraire le jus de fruits et l\u00e9gumes entiers sans besoin de les couper, gr\u00e2ce \u00e0 son bec de remplissage extra large. Marque ROYAL SWISS Presse-agrumes automatique professionnel dans un bo\u00eetier en inox de haute qualit\u00e9 Jus de fruits et de l\u00e9gumes pr\u00e9par\u00e9s rapidement et fra\u00eechement Riche en min\u00e9raux essentiels pour le bien-\u00eatre, la forme physique et la sant\u00e9 30% plus de jus et de vitamines Bec de remplissage extra large (75 mm \u00d8) Extrait le jus de pommes, carottes et autres fruits en quelques secondes sans avoir \u00e0 les hacher Moteur puissant de 600 watts max. R\u00e9cipient \u00e0 p\u00e2te \u00e0 grand volume (capacit\u00e9 d\u2019environ 2,0 litres) Bec verseur en acier inoxydable ouvert Bec verseur anti-gouttes flexible \u2013 sans \u00e9claboussures ni essuyage 2 r\u00e9glages de vitesse (0-1-2) Serrure avec interrupteur de s\u00e9curit\u00e9 Tamis en acier inoxydable pour les meilleurs jus Peut \u00eatre compl\u00e8tement d\u00e9mont\u00e9 \u2013 nettoyage rapide et facile Haute stabilit\u00e9 Puissance absorb\u00e9e: 600 W max<\/p>","protected":false},"excerpt":{"rendered":"<ul style=\"font-size: 135%;\">\n<li>Brand: <strong>Royal Swiss<\/strong><\/li>\n<li>Model: <strong>MY-613<\/strong><\/li>\n<li>Power: <strong>600<\/strong> watts<\/li>\n<li>Vitesse: <strong>02<\/strong><\/li>\n<li>Capacit\u00e9 r\u00e9servoir \u00e0 jus: <strong>2<\/strong> Liters<\/li>\n<li>Capacit\u00e9 Contenant \u00e0 pulpe: <strong>1.2<\/strong> litres<\/li>\n<li>Couleur: <strong>gris+noir<\/strong><\/li>\n<\/ul>","protected":false},"featured_media":1838,"comment_status":"open","ping_status":"closed","template":"","meta":[],"product_brand":[],"product_cat":[21,36],"product_tag":[],"class_list":{"0":"post-1877","1":"product","2":"type-product","3":"status-publish","4":"has-post-thumbnail","6":"product_cat-electromenager","7":"product_cat-mixeurs-robots","9":"first","10":"instock","11":"shipping-taxable","12":"purchasable","13":"product-type-simple"},"jetpack_sharing_enabled":true,"_links":{"self":[{"href":"https:\/\/myhappyhome.site\/en\/wp-json\/wp\/v2\/product\/1877","targetHints":{"allow":["GET"]}}],"collection":[{"href":"https:\/\/myhappyhome.site\/en\/wp-json\/wp\/v2\/product"}],"about":[{"href":"https:\/\/myhappyhome.site\/en\/wp-json\/wp\/v2\/types\/product"}],"replies":[{"embeddable":true,"href":"https:\/\/myhappyhome.site\/en\/wp-json\/wp\/v2\/comments?post=1877"}],"wp:featuredmedia":[{"embeddable":true,"href":"https:\/\/myhappyhome.site\/en\/wp-json\/wp\/v2\/media\/1838"}],"wp:attachment":[{"href":"https:\/\/myhappyhome.site\/en\/wp-json\/wp\/v2\/media?parent=1877"}],"wp:term":[{"taxonomy":"product_brand","embeddable":true,"href":"https:\/\/myhappyhome.site\/en\/wp-json\/wp\/v2\/product_brand?post=1877"},{"taxonomy":"product_cat","embeddable":true,"href":"https:\/\/myhappyhome.site\/en\/wp-json\/wp\/v2\/product_cat?post=1877"},{"taxonomy":"product_tag","embeddable":true,"href":"https:\/\/myhappyhome.site\/en\/wp-json\/wp\/v2\/product_tag?post=1877"}],"curies":[{"name":"wp","href":"https:\/\/api.w.org\/{rel}","templated":true}]}}