{"id":1878,"date":"2025-05-03T18:42:14","date_gmt":"2025-05-03T18:42:14","guid":{"rendered":"https:\/\/myhappyhome.site\/?post_type=product&#038;p=1878"},"modified":"2025-10-07T06:34:25","modified_gmt":"2025-10-07T06:34:25","slug":"royalty-line-dsd8l","status":"publish","type":"product","link":"https:\/\/myhappyhome.site\/en\/boutique\/cuisine-et-art-de-table\/cuiseur-a-pression\/royalty-line-dsd8l\/","title":{"rendered":"Autocuiseur ROYALTY LINE 8 litres &#8211; \u00d822 cm &#8211; conforme aux normes europ\u00e9ennes"},"content":{"rendered":"<h3 style=\"font-size: 125%; text-align: center;\"><strong>Caract\u00e9ristiques de l&#8217;autocuiseur Royalty Line<\/strong><\/h3>\n<p style=\"text-align: justify;\">&#8211;\u00a0Ce produit en acier inoxydable est \u00e9quip\u00e9 d&#8217;un rev\u00eatement antiadh\u00e9rent<br \/>\n&#8211; La fonte d&#8217;aluminium est connue pour ses propri\u00e9t\u00e9s conductrices de chaleur, sa r\u00e9sistance et son<br \/>\n&#8211; Ind\u00e9formabilit\u00e9<br \/>\n&#8211; Cet ustensile de cuisson est compatible tous feux y compris y compris l&#8217;induction<br \/>\n&#8211; Avec le nouvel autocuiseur Royalty Line en acier inoxydable de 8 litres, vous pouvez pr\u00e9parer facilement et rapidement les plats les plus laborieux. Faites cuire un rago\u00fbt en seulement 20 minutes, en vous assurant que toutes les vitamines restent dans les aliments et ne sont pas d\u00e9truites par une \u00e9bullition prolong\u00e9e. La s\u00e9curit\u00e9 de l&#8217;autocuiseur RL-DSD8L est garantie. Vous n&#8217;avez plus peur de cuisiner dans une marmite, car elle est tr\u00e8s facile \u00e0 utiliser et dispose d&#8217;une soupape d&#8217;indexation \u00e0 haute pression et d&#8217;un m\u00e9canisme de s\u00e9curit\u00e9. La capacit\u00e9 de 8 litres offre une praticit\u00e9 suppl\u00e9mentaire pour l&#8217;utilisation quotidienne<\/p>\n<h4 style=\"font-size: 125%; text-align: center;\"><strong>Conseil d&#8217;utilisation de l&#8217;autocuiseur Royalty Line<\/strong><\/h4>\n<p style=\"text-align: justify;\">&#8211; Laver votre produit avant la premi\u00e8re utilisation avec du liquide vaisselle et une \u00e9ponge.<br \/>\n&#8211; Huilez l\u00e9g\u00e8rement l&#8217;int\u00e9rieur du produit \u00e0 l&#8217;aide d&#8217;un essuie tout imbib\u00e9 d&#8217;huile v\u00e9g\u00e9tale, lavez la et s\u00e9chez la. Cette op\u00e9ration prolongera la dur\u00e9e de vie du rev\u00eatement.<br \/>\n&#8211; N&#8217;utilisez jamais d&#8217;ustensiles en m\u00e9tal qui pourraient endommager le rev\u00eatement, pr\u00e9f\u00e9rez des ustensiles en bois ou en nylon.<\/p>","protected":false},"excerpt":{"rendered":"<ul style=\"font-size: 135%;\">\n<li>Brand: <strong>Royalty Line<\/strong><\/li>\n<li>Model: <strong>RL-DSD8L<\/strong><\/li>\n<li>Material: <strong>acier inoxydable<\/strong><\/li>\n<li>Soupape de s\u00e9curit\u00e9: <strong>oui<\/strong><\/li>\n<li>Soupape d&#8217;indexation de pression: <strong>oui<\/strong><\/li>\n<li>Joint en caoutchouc pour l&#8217;\u00e9tanch\u00e9it\u00e9<\/li>\n<li>Rev\u00eatement antiadh\u00e9rent: <strong>oui<\/strong><\/li>\n<li>Dimensions: <strong>Diam\u00e8tre 22<\/strong>\u00a0cm<\/li>\n<li>Capacity:<strong>\u00a08<\/strong>\u00a0litres<\/li>\n<li>Compatibilit\u00e9 feu: <strong>gaz<\/strong>, <strong>induction<\/strong>, <strong>\u00e9lectrique<\/strong>, <strong>vitroc\u00e9ramique, Halog\u00e8ne\u00a0<\/strong><\/li>\n<\/ul>","protected":false},"featured_media":2235,"comment_status":"open","ping_status":"closed","template":"","meta":[],"product_brand":[],"product_cat":[44,27],"product_tag":[],"class_list":{"0":"post-1878","1":"product","2":"type-product","3":"status-publish","4":"has-post-thumbnail","6":"product_cat-cuiseur-a-pression","7":"product_cat-cuisine-et-art-de-table","9":"first","10":"instock","11":"shipping-taxable","12":"purchasable","13":"product-type-simple"},"jetpack_sharing_enabled":true,"_links":{"self":[{"href":"https:\/\/myhappyhome.site\/en\/wp-json\/wp\/v2\/product\/1878","targetHints":{"allow":["GET"]}}],"collection":[{"href":"https:\/\/myhappyhome.site\/en\/wp-json\/wp\/v2\/product"}],"about":[{"href":"https:\/\/myhappyhome.site\/en\/wp-json\/wp\/v2\/types\/product"}],"replies":[{"embeddable":true,"href":"https:\/\/myhappyhome.site\/en\/wp-json\/wp\/v2\/comments?post=1878"}],"wp:featuredmedia":[{"embeddable":true,"href":"https:\/\/myhappyhome.site\/en\/wp-json\/wp\/v2\/media\/2235"}],"wp:attachment":[{"href":"https:\/\/myhappyhome.site\/en\/wp-json\/wp\/v2\/media?parent=1878"}],"wp:term":[{"taxonomy":"product_brand","embeddable":true,"href":"https:\/\/myhappyhome.site\/en\/wp-json\/wp\/v2\/product_brand?post=1878"},{"taxonomy":"product_cat","embeddable":true,"href":"https:\/\/myhappyhome.site\/en\/wp-json\/wp\/v2\/product_cat?post=1878"},{"taxonomy":"product_tag","embeddable":true,"href":"https:\/\/myhappyhome.site\/en\/wp-json\/wp\/v2\/product_tag?post=1878"}],"curies":[{"name":"wp","href":"https:\/\/api.w.org\/{rel}","templated":true}]}}