{"id":1879,"date":"2025-05-03T18:51:49","date_gmt":"2025-05-03T18:51:49","guid":{"rendered":"https:\/\/myhappyhome.site\/?post_type=product&#038;p=1879"},"modified":"2025-09-03T15:44:08","modified_gmt":"2025-09-03T15:44:08","slug":"casserole-electrique-pour-pizza-royal-swiss-ad-p42n","status":"publish","type":"product","link":"https:\/\/myhappyhome.site\/en\/boutique\/electromenager\/cuissons\/casserole-electrique-pour-pizza-royal-swiss-ad-p42n\/","title":{"rendered":"ROYAL SWISS AD-P42N Electric Pizza Pan \u2013 4 liters \u2013 Complies with European standards"},"content":{"rendered":"<h3 style=\"font-size: 120%; text-align: center;\">PRODUCT DESCRIPTION<\/h3>\n<p style=\"text-align: justify; font-size: 90%; text-indent: 50px;\">Po\u00eale \u00e9lectrique multifonction Royal Swiss de 42 cm de long et 9 cm de profondeur 1500 W.<br \/>\nFrire, cuire et maintenir au chaud. Id\u00e9al pour la pr\u00e9paration de pizzas, p\u00e2tes, paellas, chili con carne, etc.<br \/>\nThermostat r\u00e9glable et amovible.<br \/>\nAvec un rev\u00eatement antiadh\u00e9sif, l&#8217;huile ou le beurre ne sont pas n\u00e9cessaires.<br \/>\nCouvercle en verre r\u00e9sistant \u00e0 la chaleur avec extraction de bu\u00e9e (compatible lave-vaisselle).<br \/>\nAvec poign\u00e9es r\u00e9sistantes \u00e0 la chaleur.<br \/>\nFonction de chauffage rapide et maintien au chaud des aliments, tr\u00e8s facile \u00e0 nettoyer.<br \/>\nPieds antid\u00e9rapants.<br \/>\n2 couleurs : rouge et noir.<br \/>\nPuissance: 220-240 V, 50\/60 Hz, 1500 W<\/p>","protected":false},"excerpt":{"rendered":"<ul style=\"font-size: 135%;\">\n<li>Brand: <strong>Royal Swiss<\/strong><\/li>\n<li>Model: <strong>AD-P42N<\/strong><\/li>\n<li>Material: <strong>fonte d&#8217;aluminium\u00a0<\/strong><\/li>\n<li>Power: <strong>1500<\/strong> watts<\/li>\n<li>Couvercle: en <strong>glass<\/strong> avec <strong>soupape<\/strong> anti bu\u00e9e<\/li>\n<li>Rev\u00eatements antiadh\u00e9sif: <strong>oui<\/strong><\/li>\n<li>Capacity: <strong>4<\/strong>\u00a0litres<\/li>\n<li>Couleur: <strong>noir<\/strong>, <strong>rouge<\/strong><\/li>\n<\/ul>","protected":false},"featured_media":1842,"comment_status":"open","ping_status":"closed","template":"","meta":[],"product_brand":[],"product_cat":[40,21],"product_tag":[],"class_list":{"0":"post-1879","1":"product","2":"type-product","3":"status-publish","4":"has-post-thumbnail","6":"product_cat-cuissons","7":"product_cat-electromenager","9":"first","10":"instock","11":"shipping-taxable","12":"purchasable","13":"product-type-simple"},"jetpack_sharing_enabled":true,"_links":{"self":[{"href":"https:\/\/myhappyhome.site\/en\/wp-json\/wp\/v2\/product\/1879","targetHints":{"allow":["GET"]}}],"collection":[{"href":"https:\/\/myhappyhome.site\/en\/wp-json\/wp\/v2\/product"}],"about":[{"href":"https:\/\/myhappyhome.site\/en\/wp-json\/wp\/v2\/types\/product"}],"replies":[{"embeddable":true,"href":"https:\/\/myhappyhome.site\/en\/wp-json\/wp\/v2\/comments?post=1879"}],"wp:featuredmedia":[{"embeddable":true,"href":"https:\/\/myhappyhome.site\/en\/wp-json\/wp\/v2\/media\/1842"}],"wp:attachment":[{"href":"https:\/\/myhappyhome.site\/en\/wp-json\/wp\/v2\/media?parent=1879"}],"wp:term":[{"taxonomy":"product_brand","embeddable":true,"href":"https:\/\/myhappyhome.site\/en\/wp-json\/wp\/v2\/product_brand?post=1879"},{"taxonomy":"product_cat","embeddable":true,"href":"https:\/\/myhappyhome.site\/en\/wp-json\/wp\/v2\/product_cat?post=1879"},{"taxonomy":"product_tag","embeddable":true,"href":"https:\/\/myhappyhome.site\/en\/wp-json\/wp\/v2\/product_tag?post=1879"}],"curies":[{"name":"wp","href":"https:\/\/api.w.org\/{rel}","templated":true}]}}