{"id":1880,"date":"2025-05-03T18:59:38","date_gmt":"2025-05-03T18:59:38","guid":{"rendered":"https:\/\/myhappyhome.site\/?post_type=product&#038;p=1880"},"modified":"2026-02-17T06:55:25","modified_gmt":"2026-02-17T06:55:25","slug":"mixeur-a-main-royal-swiss-rs-cs105","status":"publish","type":"product","link":"https:\/\/myhappyhome.site\/en\/boutique\/electromenager\/mixeurs-robots\/mixeur-a-main-royal-swiss-rs-cs105\/","title":{"rendered":"ROYAL SWISS RS-CS105 hand blender  \u2013 300 watts \u2013 compliant with European standards"},"content":{"rendered":"<h3 style=\"font-size: 120%; text-align: center;\">PRODUCT DESCRIPTION<\/h3>\n<p style=\"text-align: justify; font-size: 90%; text-indent: 50px;\"><b>PR\u00c9SENTATION: <\/b><br \/>\nLe mixeur \u00e9lectrique Royal Swiss vous permet de r\u00e9aliser vos produits de p\u00e2tisserie pr\u00e9f\u00e9r\u00e9s avec le moins d\u2019effort possible. Gr\u00e2ce \u00e0 ses tiges amovibles et \u00e0 sa taille r\u00e9duite,<br \/>\nle m\u00e9langeur \u2013 p\u00e9trin sera facile \u00e0 nettoyer et encore plus facile \u00e0 ranger n\u2019importe o\u00f9 dans votre cuisine.<\/p>\n<p style=\"text-align: justify; font-size: 90%; text-indent: 50px;\"><b>DESCRIPTION: <\/b><br \/>\nLes m\u00e9langeurs seront de bons outils dans votre cuisine. Ils sont faciles \u00e0 utiliser, mais multifonctionnels.<br \/>\nL\u2019appareil est capable de fouetter le produit \u00e0 n\u2019importe quelle consistance. La <b>vitesse et la qualit\u00e9<\/b> de m\u00e9lange des ingr\u00e9dients d\u00e9pendent de la puissance de l\u2019appareil,<br \/>\nIl existe \u00e9galement un mode \u00ab<b>Turbo<\/b>\u00bb qui fouette tr\u00e8s rapidement. Pour faciliter l\u2019ex\u00e9cution de diverses fonctions,<br \/>\nil existe 2 types d\u2019accessoires: les <b>batteurs<\/b> et les <b>crochets p\u00e9trisseurs<\/b>. Vous pouvez les modifier en appuyant simplement sur un bouton.<\/p>\n<p style=\"text-align: justify; font-size: 90%; text-indent: 50px;\"><strong>LES VITESSES:<\/strong><br \/>\n<b>1-2<\/b>: Pour m\u00e9langer des ingr\u00e9dients secs avec des liquides, plier les blancs d\u2019\u0153ufs fouett\u00e9s et la cr\u00e8me dans un m\u00e9lange, m\u00e9langer les graviers, les sauces et les l\u00e9gumes-l\u00e9gumes.<br \/>\n<b>3-4<\/b>: Pour m\u00e9langer des g\u00e2teaux, des puddings ou des p\u00e2tes. Pour utiliser des crochets p\u00e9trisseurs lors du m\u00e9lange de p\u00e2te ou de m\u00e9langes \u00e0 g\u00e2teaux plus lourds. Pour \u00e9pisser le shortening et le sucre ensemble.<br \/>\n<b>5<\/b>: Pour fouetter la cr\u00e8me, le lait vapeur ou en poudre, les blancs d\u2019\u0153ufs ou les \u0153ufs entiers. Pour m\u00e9langer la viande ou la p\u00e2te \u00e9paisse.<\/p>","protected":false},"excerpt":{"rendered":"<ul style=\"font-size: 135%;\">\n<li>Brand: <strong>Royal Swiss<\/strong><\/li>\n<li>Model: <strong>RS-CS105<\/strong><\/li>\n<li>Material: <strong>acier inoxydable<\/strong><\/li>\n<li>Accessoires : fouets, crochets et p\u00e9trisseurs<\/li>\n<li>Power: <strong>300<\/strong> watts<\/li>\n<li>5 niveaux de vitesse avec fonction turbo<\/li>\n<li>Dimensions: sans accessoires <strong>19.5\u00d716.5\u00d78.5<\/strong> cm<\/li>\n<li>Couleur: <strong>argent+noir<\/strong><\/li>\n<\/ul>","protected":false},"featured_media":1841,"comment_status":"open","ping_status":"closed","template":"","meta":[],"product_brand":[],"product_cat":[21,36],"product_tag":[],"class_list":{"0":"post-1880","1":"product","2":"type-product","3":"status-publish","4":"has-post-thumbnail","6":"product_cat-electromenager","7":"product_cat-mixeurs-robots","9":"first","10":"instock","11":"shipping-taxable","12":"purchasable","13":"product-type-simple"},"jetpack_sharing_enabled":true,"_links":{"self":[{"href":"https:\/\/myhappyhome.site\/en\/wp-json\/wp\/v2\/product\/1880","targetHints":{"allow":["GET"]}}],"collection":[{"href":"https:\/\/myhappyhome.site\/en\/wp-json\/wp\/v2\/product"}],"about":[{"href":"https:\/\/myhappyhome.site\/en\/wp-json\/wp\/v2\/types\/product"}],"replies":[{"embeddable":true,"href":"https:\/\/myhappyhome.site\/en\/wp-json\/wp\/v2\/comments?post=1880"}],"wp:featuredmedia":[{"embeddable":true,"href":"https:\/\/myhappyhome.site\/en\/wp-json\/wp\/v2\/media\/1841"}],"wp:attachment":[{"href":"https:\/\/myhappyhome.site\/en\/wp-json\/wp\/v2\/media?parent=1880"}],"wp:term":[{"taxonomy":"product_brand","embeddable":true,"href":"https:\/\/myhappyhome.site\/en\/wp-json\/wp\/v2\/product_brand?post=1880"},{"taxonomy":"product_cat","embeddable":true,"href":"https:\/\/myhappyhome.site\/en\/wp-json\/wp\/v2\/product_cat?post=1880"},{"taxonomy":"product_tag","embeddable":true,"href":"https:\/\/myhappyhome.site\/en\/wp-json\/wp\/v2\/product_tag?post=1880"}],"curies":[{"name":"wp","href":"https:\/\/api.w.org\/{rel}","templated":true}]}}