{"id":1930,"date":"2025-05-07T16:23:36","date_gmt":"2025-05-07T16:23:36","guid":{"rendered":"https:\/\/myhappyhome.site\/?post_type=product&#038;p=1930"},"modified":"2025-10-07T08:02:45","modified_gmt":"2025-10-07T08:02:45","slug":"casserole-basse-royal-swiss-9-litres-40-cm","status":"publish","type":"product","link":"https:\/\/myhappyhome.site\/en\/boutique\/cuisine-et-art-de-table\/marmite-casserole\/casserole-basse-royal-swiss-9-litres-40-cm\/","title":{"rendered":"Casserole basse ROYAL SWISS 9 Litres &#8211; \u00d840 cm &#8211; conforme aux normes europ\u00e9ennes"},"content":{"rendered":"<h3 style=\"font-size: 125%; text-align: center;\">Caract\u00e9ristiques de la casserole basse Royal Swiss<\/h3>\n<p style=\"text-align: justify;\">&#8211;\u00a0Ce produit en fonte d&#8217;aluminium est \u00e9quip\u00e9 d&#8217;un rev\u00eatement antiadh\u00e9rent<br \/>\n&#8211; La fonte d&#8217;aluminium est connue pour ses propri\u00e9t\u00e9s conductrices de chaleur, sa r\u00e9sistance et son ind\u00e9formabilit\u00e9<br \/>\n&#8211; Cet ustensile de cuisson est compatible tous feux y compris y compris l&#8217;induction<\/p>\n<h3 style=\"font-size: 125%; text-align: center;\"><strong>Conseil d&#8217;utilisation de la casserole basse Royal Swiss\u00a0<\/strong><\/h3>\n<p style=\"text-align: justify;\">&#8211; Laver votre produit avant la premi\u00e8re utilisation avec du liquide vaisselle et une \u00e9ponge.<br \/>\n&#8211; Huilez l\u00e9g\u00e8rement l&#8217;int\u00e9rieur du produit \u00e0 l&#8217;aide d&#8217;un essuie tout imbib\u00e9 d&#8217;huile v\u00e9g\u00e9tale, lavez la et s\u00e9chez la. Cette op\u00e9ration prolongera la dur\u00e9e de vie du rev\u00eatement.<br \/>\n&#8211; N&#8217;utilisez jamais d&#8217;ustensiles en m\u00e9tal qui pourraient endommager le rev\u00eatement, pr\u00e9f\u00e9rez des ustensiles en bois ou en nylon.<\/p>","protected":false},"excerpt":{"rendered":"<ul style=\"font-size: 135%;\">\n<li>Brand: <strong>Royal Swiss\u00a0<\/strong><\/li>\n<li>Model:<\/li>\n<li>Material: <strong>fonte d&#8217;aluminium<\/strong><\/li>\n<li>Couvercle en verre: <strong>oui<\/strong><\/li>\n<li>Rev\u00eatement antiadh\u00e9rent: <strong>oui<\/strong><\/li>\n<li>Dimensions: <strong>Diam\u00e8tre 40<\/strong>\u00a0cm &#8211; <strong>Hauteur: 8.5<\/strong>\u00a0cm &#8211; <strong>\u00e9paisseur 0,5<\/strong> cm<\/li>\n<li>Capacity:<strong> 9<\/strong>\u00a0litres<\/li>\n<li>Compatibilit\u00e9 feu: <strong>gaz<\/strong>, <strong>induction<\/strong>, <strong>\u00e9lectrique<\/strong>, <strong>vitroc\u00e9ramique, Halog\u00e8ne<\/strong><\/li>\n<\/ul>","protected":false},"featured_media":2223,"comment_status":"open","ping_status":"closed","template":"","meta":[],"product_brand":[],"product_cat":[27,43],"product_tag":[],"class_list":{"0":"post-1930","1":"product","2":"type-product","3":"status-publish","4":"has-post-thumbnail","6":"product_cat-cuisine-et-art-de-table","7":"product_cat-marmite-casserole","9":"first","10":"instock","11":"shipping-taxable","12":"purchasable","13":"product-type-simple"},"jetpack_sharing_enabled":true,"_links":{"self":[{"href":"https:\/\/myhappyhome.site\/en\/wp-json\/wp\/v2\/product\/1930","targetHints":{"allow":["GET"]}}],"collection":[{"href":"https:\/\/myhappyhome.site\/en\/wp-json\/wp\/v2\/product"}],"about":[{"href":"https:\/\/myhappyhome.site\/en\/wp-json\/wp\/v2\/types\/product"}],"replies":[{"embeddable":true,"href":"https:\/\/myhappyhome.site\/en\/wp-json\/wp\/v2\/comments?post=1930"}],"wp:featuredmedia":[{"embeddable":true,"href":"https:\/\/myhappyhome.site\/en\/wp-json\/wp\/v2\/media\/2223"}],"wp:attachment":[{"href":"https:\/\/myhappyhome.site\/en\/wp-json\/wp\/v2\/media?parent=1930"}],"wp:term":[{"taxonomy":"product_brand","embeddable":true,"href":"https:\/\/myhappyhome.site\/en\/wp-json\/wp\/v2\/product_brand?post=1930"},{"taxonomy":"product_cat","embeddable":true,"href":"https:\/\/myhappyhome.site\/en\/wp-json\/wp\/v2\/product_cat?post=1930"},{"taxonomy":"product_tag","embeddable":true,"href":"https:\/\/myhappyhome.site\/en\/wp-json\/wp\/v2\/product_tag?post=1930"}],"curies":[{"name":"wp","href":"https:\/\/api.w.org\/{rel}","templated":true}]}}