{"id":1931,"date":"2025-05-07T16:28:40","date_gmt":"2025-05-07T16:28:40","guid":{"rendered":"https:\/\/myhappyhome.site\/?post_type=product&#038;p=1931"},"modified":"2025-09-22T05:57:02","modified_gmt":"2025-09-22T05:57:02","slug":"royalty-line-rl-pkm2500bg","status":"publish","type":"product","link":"https:\/\/myhappyhome.site\/en\/boutique\/electromenager\/mixeurs-robots\/royalty-line-rl-pkm2500bg\/","title":{"rendered":"ROYALTY LINE RL-PKM2500BG Multifunction Robot \u2013 3 in 1 \u2013 Complies with European Standards"},"content":{"rendered":"<h3 style=\"font-size: 120%; text-align: center;\">PRODUCT DESCRIPTION<\/h3>\n<p style=\"text-align: justify; font-size: 90%; text-indent: 50px;\">Royalty Line RL-PKM2500BG: batteur sur socle <strong>3 en 1<\/strong>, m\u00e9langeur, hachoir \u00e0 viande &#8211; 2500W Max. Mouvement plan\u00e9taire pour un m\u00e9lange parfait. R\u00e9glage des impulsions. Design \u00e9l\u00e9gant et esth\u00e9tique Avec fonction de <strong>p\u00e9trissage<\/strong>, de <strong>fouettage<\/strong> et de <strong>battement<\/strong> <strong>2500W Max<\/strong>. Moteur Powerful et longue dur\u00e9e. Syst\u00e8me d&#8217;engrenages en m\u00e9tal robuste pour les charges lourdes, Bo\u00eetier ABS avec un niveau en acier inoxydable 06 vitesses + impulsion + indicateur LED Bol amovible en acier inoxydable Crochet en aluminium amovible, Fouet ballon en acier inoxydable 304 Batteur plat en aluminium. Pieds en caoutchouc antid\u00e9rapants T\u00eate inclinable permettant de retirer facilement le bol. Bol avec couvercle pour ajouter des ingr\u00e9dients \u00e0 tout moment Bol avec poign\u00e9e. <strong>Mixeur<\/strong> suppl\u00e9mentaire avec une lame en acier inoxydable Power: 2500W max Tension : 220-240v, 50Hz. Inclusion du <strong>m\u00e9langeur sur socle<\/strong> : Capacit\u00e9 du bol: 10L Crochet amovible en aluminium, Fouet ballon en acier inoxydable 304, Batteau plat en aluminium. Inclusion du m\u00e9langeur: M\u00e9lange en verre Capacit\u00e9: 1,5 L Lame en acier inoxydable. Inclusion de <strong>hachoir \u00e0 viande<\/strong>: spatule en silicone 3 plaques de coupe diff\u00e9rentes pour les haches grossi\u00e8res, moyennes et fines de viande 1 accessoire pour saucisse, 1 lame de coupe, 1 poussoir pour aliments, 1 accessoire pour kibbe<\/p>","protected":false},"excerpt":{"rendered":"<ul style=\"font-size: 135%;\">\n<li>Brand: <strong>Royalty Line<\/strong><\/li>\n<li>Model: <strong>RL-PKM2500BG<\/strong><\/li>\n<li>Usage: p\u00e9trir la p\u00e2te, hacher la viande,\u00a0 fouetter les \u0153ufs et la cr\u00e8me, etc.<\/li>\n<li>Power: <strong>2500<\/strong> watts<\/li>\n<li>Capacity: <strong>10 litres<\/strong><\/li>\n<li>Dimensions: <strong>42\u00d722\u00d740<\/strong> cm<\/li>\n<li>Poids: <strong>10<\/strong> kg<\/li>\n<li>Couleur: <strong>argent<\/strong><\/li>\n<\/ul>","protected":false},"featured_media":2242,"comment_status":"open","ping_status":"closed","template":"","meta":[],"product_brand":[],"product_cat":[21,36],"product_tag":[],"class_list":{"0":"post-1931","1":"product","2":"type-product","3":"status-publish","4":"has-post-thumbnail","6":"product_cat-electromenager","7":"product_cat-mixeurs-robots","9":"first","10":"instock","11":"shipping-taxable","12":"purchasable","13":"product-type-simple"},"jetpack_sharing_enabled":true,"_links":{"self":[{"href":"https:\/\/myhappyhome.site\/en\/wp-json\/wp\/v2\/product\/1931","targetHints":{"allow":["GET"]}}],"collection":[{"href":"https:\/\/myhappyhome.site\/en\/wp-json\/wp\/v2\/product"}],"about":[{"href":"https:\/\/myhappyhome.site\/en\/wp-json\/wp\/v2\/types\/product"}],"replies":[{"embeddable":true,"href":"https:\/\/myhappyhome.site\/en\/wp-json\/wp\/v2\/comments?post=1931"}],"wp:featuredmedia":[{"embeddable":true,"href":"https:\/\/myhappyhome.site\/en\/wp-json\/wp\/v2\/media\/2242"}],"wp:attachment":[{"href":"https:\/\/myhappyhome.site\/en\/wp-json\/wp\/v2\/media?parent=1931"}],"wp:term":[{"taxonomy":"product_brand","embeddable":true,"href":"https:\/\/myhappyhome.site\/en\/wp-json\/wp\/v2\/product_brand?post=1931"},{"taxonomy":"product_cat","embeddable":true,"href":"https:\/\/myhappyhome.site\/en\/wp-json\/wp\/v2\/product_cat?post=1931"},{"taxonomy":"product_tag","embeddable":true,"href":"https:\/\/myhappyhome.site\/en\/wp-json\/wp\/v2\/product_tag?post=1931"}],"curies":[{"name":"wp","href":"https:\/\/api.w.org\/{rel}","templated":true}]}}