{"id":1932,"date":"2025-05-07T16:34:59","date_gmt":"2025-05-07T16:34:59","guid":{"rendered":"https:\/\/myhappyhome.site\/?post_type=product&#038;p=1932"},"modified":"2025-09-03T16:03:16","modified_gmt":"2025-09-03T16:03:16","slug":"centrale-vapeur-calor-express-essential-sv6117co","status":"publish","type":"product","link":"https:\/\/myhappyhome.site\/en\/boutique\/electromenager\/repassage\/centrale-vapeur-calor-express-essential-sv6117co\/","title":{"rendered":"CALOR Express Essential SV6117Co steam generator - 2200 watts - complies with European standards"},"content":{"rendered":"<h3 style=\"font-size: 120%; text-align: center;\">PRODUCT DESCRIPTION<\/h3>\n<p style=\"text-align: justify; text-indent: 50px;\"><strong>VAPEUR<\/strong><br \/>\nPression : 5,3 bars<br \/>\nD\u00e9bit vapeur : 120 g\/min<br \/>\n\u00c0 quoi sert le d\u00e9bit vapeur : gr\u00e2ce \u00e0 la vapeur les fibres du linge se d\u00e9tendent, et plus il y a de vapeur, plus le repassage est efficace, facile et rapide<br \/>\nSurplus d\u00e9bit vapeur : 270 g\/min<br \/>\n\u00c0 quoi sert le surplus d\u00e9bit vapeur : appel\u00e9 &#8220;effet pressing&#8221;, la quantit\u00e9 de vapeur est plus importante, ce qui permet de chasser plus facilement les plis sur des tissus \u00e9pais (jean, velours).<br \/>\nD\u00e9froissage vertical : Oui<br \/>\n\u00c0 quoi sert le d\u00e9froissage vertical : utiliser le fer de votre centrale en d\u00e9froissage vertical sur les v\u00eatements d\u00e9licats, peu froiss\u00e9s et les tissus de type rideau ou voilage<br \/>\nSpray : Non<br \/>\nThermostat : r\u00e9glage manuel<br \/>\nT\u00e9moin de vapeur pr\u00eate : Oui<br \/>\nTemps de chauffe : 2,00 mn<\/p>\n<p style=\"text-align: justify; text-indent: 50px;\"><strong>FER<\/strong><br \/>\nType de fer : Classique<br \/>\nPuissance : 2.200 W<br \/>\nType de semelle : C\u00e9ramique Xpress Glide<br \/>\nLe <strong>saviez-vous <\/strong>? : La semelle en c\u00e9ramique Xpress Glide distribue la chaleur de fa\u00e7on homog\u00e8ne et garantit une glisse facile sur tous les types de tissus. Elle est \u00e9galement tr\u00e8s l\u00e9g\u00e8re.<br \/>\nRepose fer : Inclin\u00e9<br \/>\nSyst\u00e8me anti-gouttes : Oui<br \/>\nLongueur du cordon vapeur : 1,60 m<br \/>\nTraitement anti-calcaire<br \/>\nLe <strong>saviez-vous<\/strong> ? : Le calcaire risque d&#8217;obstruer les conduits d&#8217;\u00e9vacuation de la vapeur et donc de r\u00e9duire son efficacit\u00e9 mais aussi la dur\u00e9e de vie de votre centrale. Il est donc primordial de d\u00e9tartrer votre centrale ainsi que le semelle r\u00e9guli\u00e8rement<br \/>\nSyst\u00e8me anti-calcaire: Oui<br \/>\nCartouche anti-calcaire: Non<br \/>\nT\u00e9moin d&#8217;alerte d\u00e9tartrage: oui, permet d&#8217;alerter sur un entretien \u00e0 r\u00e9aliser, reportez-vous \u00e0 la notice de votre appareil en suivant les indications de nettoyage<br \/>\nFonction anti-calcaire automatique: Oui<\/p>\n<p style=\"text-align: justify; text-indent: 50px;\"><strong>Eaux Accept\u00e9es: Robinet<\/strong><br \/>\nJ&#8217;entretiens ma centrale vapeur: en savoir plus r\u00e9servoir<br \/>\nR\u00e9servoir: 1,40 L<br \/>\nAffichage du niveau d&#8217;eau: oui, permet de v\u00e9rifier si l&#8217;eau de votre r\u00e9servoir suffit pour la quantit\u00e9 de linge \u00e0 repasser<\/p>","protected":false},"excerpt":{"rendered":"<ul style=\"font-size: 135%;\">\n<li>Brand: <strong>CALOR<\/strong><\/li>\n<li>Model: <strong>SV6117CO<\/strong><\/li>\n<li>Power: <strong>2200<\/strong> watts<\/li>\n<li>Material: <strong>c\u00e9ramique<\/strong><\/li>\n<li>Capacit\u00e9 : <strong>1.4<\/strong>\u00a0litres<\/li>\n<li>Dimensions:\u200e <strong>36.2\u00d717.9\u00d725.6<\/strong> cm<\/li>\n<li>Poids fer et base: <strong>3.16<\/strong> kg<\/li>\n<li>Couleur: <strong>bleu+blanc<\/strong><\/li>\n<\/ul>","protected":false},"featured_media":1921,"comment_status":"open","ping_status":"closed","template":"","meta":[],"product_brand":[],"product_cat":[21,38],"product_tag":[],"class_list":{"0":"post-1932","1":"product","2":"type-product","3":"status-publish","4":"has-post-thumbnail","6":"product_cat-electromenager","7":"product_cat-repassage","9":"first","10":"instock","11":"shipping-taxable","12":"purchasable","13":"product-type-simple"},"jetpack_sharing_enabled":true,"_links":{"self":[{"href":"https:\/\/myhappyhome.site\/en\/wp-json\/wp\/v2\/product\/1932","targetHints":{"allow":["GET"]}}],"collection":[{"href":"https:\/\/myhappyhome.site\/en\/wp-json\/wp\/v2\/product"}],"about":[{"href":"https:\/\/myhappyhome.site\/en\/wp-json\/wp\/v2\/types\/product"}],"replies":[{"embeddable":true,"href":"https:\/\/myhappyhome.site\/en\/wp-json\/wp\/v2\/comments?post=1932"}],"wp:featuredmedia":[{"embeddable":true,"href":"https:\/\/myhappyhome.site\/en\/wp-json\/wp\/v2\/media\/1921"}],"wp:attachment":[{"href":"https:\/\/myhappyhome.site\/en\/wp-json\/wp\/v2\/media?parent=1932"}],"wp:term":[{"taxonomy":"product_brand","embeddable":true,"href":"https:\/\/myhappyhome.site\/en\/wp-json\/wp\/v2\/product_brand?post=1932"},{"taxonomy":"product_cat","embeddable":true,"href":"https:\/\/myhappyhome.site\/en\/wp-json\/wp\/v2\/product_cat?post=1932"},{"taxonomy":"product_tag","embeddable":true,"href":"https:\/\/myhappyhome.site\/en\/wp-json\/wp\/v2\/product_tag?post=1932"}],"curies":[{"name":"wp","href":"https:\/\/api.w.org\/{rel}","templated":true}]}}