{"id":2055,"date":"2025-05-11T23:47:22","date_gmt":"2025-05-11T23:47:22","guid":{"rendered":"https:\/\/myhappyhome.site\/?post_type=product&#038;p=2055"},"modified":"2025-10-05T19:53:55","modified_gmt":"2025-10-05T19:53:55","slug":"bouchon-de-biere-silicone-reutilisable","status":"publish","type":"product","link":"https:\/\/myhappyhome.site\/en\/boutique\/accessoires\/bouchon-de-biere-silicone-reutilisable\/","title":{"rendered":"Lot de 10 bouchons de bouteille bi\u00e8re &#8211; silicone &#8211; r\u00e9utilisable"},"content":{"rendered":"<h3 style=\"text-align: center; font-size: 135%;\">DESCRIPTION DU PRODUIT:<\/h3>\n<p style=\"text-align: justify; font-size: 95%; text-indent: 10%;\"><strong>Pr\u00e9sentation<\/strong><br \/>\nBouchon de bouteille de Gel de silice r\u00e9utilisable, bouchon de bi\u00e8re scell\u00e9, bouteille de Sauce soja vinaigre, bouchon de Cola de soude, bouchon de protection pour vin<\/p>\n<p style=\"text-align: justify; font-size: 95%; text-indent: 10%;\"><strong>Explication<\/strong>\u00a0:<br \/>\n1. Gel de silice souple, non toxique, bonne conservation, aucune blessure \u00e0 la main.<br \/>\n2. La conception d&#8217;\u00e9tanch\u00e9it\u00e9 est nouvelle et unique.<br \/>\n3. Un ensemble de 6 couleurs, couleurs riches, facile \u00e0 utiliser.<br \/>\n4.\u00a0 Con\u00e7u pour aider \u00e0 garder la bi\u00e8re fra\u00eeche et s\u00fbre.<br \/>\n5. Il convient aux bouteilles en verre, telles que les bouteilles de bi\u00e8re, les bouteilles de boisson, les bouteilles en verre, les bouteilles de sauce soja, les bouteilles de vinaigre et les bouteilles de lait.<br \/>\n6. Convient \u00e0 la plupart des bouteilles de bi\u00e8re standard et \u00e0 certains styles plus grands<\/p>","protected":false},"excerpt":{"rendered":"<ul style=\"font-size: 135%;\">\n<li>Usage: sert \u00e0 <strong>conserver<\/strong> des boissons que vous n&#8217;avez <strong>pas termin\u00e9<\/strong>.<\/li>\n<li>Mod\u00e8le :<\/li>\n<li>Mati\u00e8re: <strong>silicone<\/strong><\/li>\n<li>Appropri\u00e9 pour conserver en bouteille les boissons gazeuses et bi\u00e8re.<\/li>\n<li>Taille: <strong>3\u00d72.5\u00d71 <\/strong>cm<\/li>\n<li>Poids: <strong>4<\/strong>\u00a0gr<\/li>\n<li>Couleur:\u00a0<strong>vert<\/strong>, <strong>rose<\/strong>, <strong>marron<\/strong>, <strong>violet<\/strong>, <strong>jaune, noir, rouge&#8230;<\/strong><\/li>\n<\/ul>","protected":false},"featured_media":2049,"comment_status":"open","ping_status":"closed","template":"","meta":[],"product_brand":[],"product_cat":[29],"product_tag":[],"class_list":{"0":"post-2055","1":"product","2":"type-product","3":"status-publish","4":"has-post-thumbnail","6":"product_cat-accessoires","8":"first","9":"instock","10":"shipping-taxable","11":"purchasable","12":"product-type-simple"},"jetpack_sharing_enabled":true,"_links":{"self":[{"href":"https:\/\/myhappyhome.site\/en\/wp-json\/wp\/v2\/product\/2055","targetHints":{"allow":["GET"]}}],"collection":[{"href":"https:\/\/myhappyhome.site\/en\/wp-json\/wp\/v2\/product"}],"about":[{"href":"https:\/\/myhappyhome.site\/en\/wp-json\/wp\/v2\/types\/product"}],"replies":[{"embeddable":true,"href":"https:\/\/myhappyhome.site\/en\/wp-json\/wp\/v2\/comments?post=2055"}],"wp:featuredmedia":[{"embeddable":true,"href":"https:\/\/myhappyhome.site\/en\/wp-json\/wp\/v2\/media\/2049"}],"wp:attachment":[{"href":"https:\/\/myhappyhome.site\/en\/wp-json\/wp\/v2\/media?parent=2055"}],"wp:term":[{"taxonomy":"product_brand","embeddable":true,"href":"https:\/\/myhappyhome.site\/en\/wp-json\/wp\/v2\/product_brand?post=2055"},{"taxonomy":"product_cat","embeddable":true,"href":"https:\/\/myhappyhome.site\/en\/wp-json\/wp\/v2\/product_cat?post=2055"},{"taxonomy":"product_tag","embeddable":true,"href":"https:\/\/myhappyhome.site\/en\/wp-json\/wp\/v2\/product_tag?post=2055"}],"curies":[{"name":"wp","href":"https:\/\/api.w.org\/{rel}","templated":true}]}}