{"id":2056,"date":"2025-05-12T05:07:29","date_gmt":"2025-05-12T05:07:29","guid":{"rendered":"https:\/\/myhappyhome.site\/?post_type=product&#038;p=2056"},"modified":"2025-10-05T19:50:12","modified_gmt":"2025-10-05T19:50:12","slug":"couvercle-extensible-en-silicone","status":"publish","type":"product","link":"https:\/\/myhappyhome.site\/en\/boutique\/accessoires\/couvercle-extensible-en-silicone\/","title":{"rendered":"Ensemble de 06 couvercle extensible en silicone &#8211; r\u00e9utilisable &#8211; forme circulaire"},"content":{"rendered":"<h3 style=\"text-align: center;\">\u00a0Description du produit<\/h3>\n<p style=\"text-align: justify; font-size: 90%;\"><strong>Caract\u00e9ristiques<\/strong>\u00a0:<br \/>\n1. Nos couvercles extensibles sont \u00e9cologiques et sans BPA;<\/p>\n<p style=\"text-align: justify; font-size: 90%;\">2. \u00c9conomiseur de nourriture parfait et sans odeur, il garde la saveur des aliments frais plus longtemps;<\/p>\n<p style=\"text-align: justify; font-size: 90%;\">3. Facile \u00e0 utiliser ou \u00e0 enlever, un must dans votre cuisine! Les couvercles extensibles flexibles conviennent aux plats petits, moyens, grands, ovales, carr\u00e9s ou rectangulaires, etc.<\/p>\n<p style=\"text-align: justify; font-size: 90%;\">4. Plage de temp\u00e9rature allant jusqu&#8217;\u00e0 450 5 f, \u00e9galement fr\u00e9quemment utilis\u00e9e comme couvercles de remplacement pour les contenants de stockage ou les casseroles;<\/p>\n<p style=\"text-align: justify; font-size: 90%;\"><strong>Comment utiliser<\/strong>\u00a0:<br \/>\n1. S\u00e9lectionnez la bonne taille pour le plat ou le r\u00e9cipient que vous couvrez pour de meilleurs r\u00e9sultats.<\/p>\n<p style=\"text-align: justify; font-size: 90%;\">2. Saisir \u00e0 deux mains en utilisant les languettes arrondies \u00e0 l&#8217;ext\u00e9rieur. S&#8217;\u00e9tirer vers l&#8217;ext\u00e9rieur jusqu&#8217;\u00e0 ce que le couvercle soit plus grand que le r\u00e9cipient<\/p>\n<p>3. Il fournira un couvercle solide et robuste qui ne glissera pas.<\/p>\n<p style=\"text-align: justify; font-size: 90%;\"><strong>Conseil de r\u00e9chauffement<\/strong>\u00a0:<br \/>\n1. Nettoyez les couvercles et gardez-les au sec avant la premi\u00e8re utilisation et apr\u00e8s chaque utilisation.<\/p>\n<p style=\"text-align: justify; font-size: 90%;\">2. Nettoyer les couvercles avec du savon et de l&#8217;eau chaude ou mettre au lave-vaisselle. \u00c9vitez les nettoyants abrasifs ou force-mousse.<\/p>\n<p style=\"text-align: justify; font-size: 90%;\">3. Les couvercles peuvent \u00eatre utilis\u00e9s dans le micro-ondes ou le four, mais ne sont pas adapt\u00e9s pour placer le gaz ou l&#8217;\u00e9lectricit\u00e9 directement pour le chauffage.<\/p>\n<p style=\"text-align: justify; font-size: 90%;\">4. Lavez les couvercles apr\u00e8s avoir refroidi une fois chauff\u00e9s au micro-ondes ou au four pour prolonger la dur\u00e9e de vie.<\/p>\n<p style=\"text-align: justify; font-size: 90%;\">5. Vous feriez mieux de ne pas compl\u00e8tement le r\u00e9cipient de seel lorsque vous utilisez au micro-ondes ou au four, car la chaleur et la pression en expansion du r\u00e9cipient peuvent entra\u00eener des dommages ou des blessures<\/p>","protected":false},"excerpt":{"rendered":"<ul style=\"font-size: 135%;\">\n<li>Usage: sert \u00e0 <strong>couvrir<\/strong> des bols, tasse, bo\u00eete de conserve pour denr\u00e9es alimentaires.<\/li>\n<li>Mod\u00e8le: circulaire<\/li>\n<li>Mati\u00e8re: <strong>silicone<\/strong><\/li>\n<li>Appropri\u00e9 pour conserver denr\u00e9es et boissons.<\/li>\n<li>Dimensions: <strong>\u00d86.5<\/strong> cm ; <strong>\u00d8<\/strong><strong>9.5<\/strong> cm; <strong>\u00d8<\/strong><strong>11.5<\/strong> cm ; <strong>\u00d8<\/strong><strong>14.5<\/strong> cm; <strong>\u00d8<\/strong><strong>16.5<\/strong> cm; <strong>\u00d8<\/strong><strong>21<\/strong> cm<\/li>\n<li>Poids: <strong>160<\/strong> gr pour l&#8217;ensemble<\/li>\n<li>Couleur: <strong>blanc<\/strong>, <strong>bleu<\/strong><\/li>\n<\/ul>","protected":false},"featured_media":2050,"comment_status":"open","ping_status":"closed","template":"","meta":[],"product_brand":[],"product_cat":[29],"product_tag":[],"class_list":{"0":"post-2056","1":"product","2":"type-product","3":"status-publish","4":"has-post-thumbnail","6":"product_cat-accessoires","8":"first","9":"instock","10":"sale","11":"shipping-taxable","12":"purchasable","13":"product-type-simple"},"jetpack_sharing_enabled":true,"_links":{"self":[{"href":"https:\/\/myhappyhome.site\/en\/wp-json\/wp\/v2\/product\/2056","targetHints":{"allow":["GET"]}}],"collection":[{"href":"https:\/\/myhappyhome.site\/en\/wp-json\/wp\/v2\/product"}],"about":[{"href":"https:\/\/myhappyhome.site\/en\/wp-json\/wp\/v2\/types\/product"}],"replies":[{"embeddable":true,"href":"https:\/\/myhappyhome.site\/en\/wp-json\/wp\/v2\/comments?post=2056"}],"wp:featuredmedia":[{"embeddable":true,"href":"https:\/\/myhappyhome.site\/en\/wp-json\/wp\/v2\/media\/2050"}],"wp:attachment":[{"href":"https:\/\/myhappyhome.site\/en\/wp-json\/wp\/v2\/media?parent=2056"}],"wp:term":[{"taxonomy":"product_brand","embeddable":true,"href":"https:\/\/myhappyhome.site\/en\/wp-json\/wp\/v2\/product_brand?post=2056"},{"taxonomy":"product_cat","embeddable":true,"href":"https:\/\/myhappyhome.site\/en\/wp-json\/wp\/v2\/product_cat?post=2056"},{"taxonomy":"product_tag","embeddable":true,"href":"https:\/\/myhappyhome.site\/en\/wp-json\/wp\/v2\/product_tag?post=2056"}],"curies":[{"name":"wp","href":"https:\/\/api.w.org\/{rel}","templated":true}]}}