{"id":2058,"date":"2025-05-13T12:46:25","date_gmt":"2025-05-13T12:46:25","guid":{"rendered":"https:\/\/myhappyhome.site\/?post_type=product&#038;p=2058"},"modified":"2025-09-15T06:40:24","modified_gmt":"2025-09-15T06:40:24","slug":"support-electromenager-roulant-simple","status":"publish","type":"product","link":"https:\/\/myhappyhome.site\/en\/boutique\/accessoires\/support-electromenager-roulant-simple\/","title":{"rendered":"Support \u00e9lectrom\u00e9nager roulant &#8211; simple"},"content":{"rendered":"<h3 style=\"text-align: center; font-size: 125%;\">Caract\u00e9ristiques du support \u00e9lectrom\u00e9nager roulant simple:<\/h3>\n<p style=\"text-align: justify; text-indent: 50px;\">Version am\u00e9lior\u00e9e 24 roues, a plus de surfaces de contact pour assurer la stabilit\u00e9 de la machine \u00e0 laver.<br \/>\nBase r\u00e9glable, la longueur peut \u00eatre ajust\u00e9e librement pour s&#8217;adapter \u00e0 la taille des diff\u00e9rentes machines \u00e0 laver.<br \/>\nIl y a un patin antid\u00e9rapant sur le fond, stable et antid\u00e9rapant, ne glissera pas sur le sol.<br \/>\nDispositif de freinage, apr\u00e8s confirmation de la position de la machine \u00e0 laver, appuyez l\u00e9g\u00e8rement sur le frein, le support peut \u00eatre fix\u00e9.<br \/>\nIl est pratique de nettoyer le sol lors des travaux m\u00e9nagers.<\/p>","protected":false},"excerpt":{"rendered":"<ul style=\"font-size: 135%;\">\n<li>Brand:<\/li>\n<li>Model: <strong>simple<\/strong><\/li>\n<li>Contenu: <strong>2<\/strong> dans le paquet<\/li>\n<li>Material: <strong>plastique et m\u00e9tal<\/strong><\/li>\n<li>Dimensions: <strong>45\u00d75\u00d74<\/strong> cm<\/li>\n<li>Capacity: <strong>300<\/strong> kg<\/li>\n<li>Couleur: <strong>noir, blanc, gris<\/strong><\/li>\n<li>Appropri\u00e9 pour: <strong>r\u00e9frig\u00e9rateur, lave-linge, s\u00e8che-linge\u00a0<\/strong><\/li>\n<\/ul>","protected":false},"featured_media":2060,"comment_status":"open","ping_status":"closed","template":"","meta":[],"product_brand":[],"product_cat":[29],"product_tag":[],"class_list":{"0":"post-2058","1":"product","2":"type-product","3":"status-publish","4":"has-post-thumbnail","6":"product_cat-accessoires","8":"first","9":"instock","10":"sale","11":"shipping-taxable","12":"purchasable","13":"product-type-simple"},"jetpack_sharing_enabled":true,"_links":{"self":[{"href":"https:\/\/myhappyhome.site\/en\/wp-json\/wp\/v2\/product\/2058","targetHints":{"allow":["GET"]}}],"collection":[{"href":"https:\/\/myhappyhome.site\/en\/wp-json\/wp\/v2\/product"}],"about":[{"href":"https:\/\/myhappyhome.site\/en\/wp-json\/wp\/v2\/types\/product"}],"replies":[{"embeddable":true,"href":"https:\/\/myhappyhome.site\/en\/wp-json\/wp\/v2\/comments?post=2058"}],"wp:featuredmedia":[{"embeddable":true,"href":"https:\/\/myhappyhome.site\/en\/wp-json\/wp\/v2\/media\/2060"}],"wp:attachment":[{"href":"https:\/\/myhappyhome.site\/en\/wp-json\/wp\/v2\/media?parent=2058"}],"wp:term":[{"taxonomy":"product_brand","embeddable":true,"href":"https:\/\/myhappyhome.site\/en\/wp-json\/wp\/v2\/product_brand?post=2058"},{"taxonomy":"product_cat","embeddable":true,"href":"https:\/\/myhappyhome.site\/en\/wp-json\/wp\/v2\/product_cat?post=2058"},{"taxonomy":"product_tag","embeddable":true,"href":"https:\/\/myhappyhome.site\/en\/wp-json\/wp\/v2\/product_tag?post=2058"}],"curies":[{"name":"wp","href":"https:\/\/api.w.org\/{rel}","templated":true}]}}